{"id":44265,"date":"2021-11-30T22:31:00","date_gmt":"2021-11-30T20:31:00","guid":{"rendered":"http:\/\/new.ceasuri.md\/shop\/uncategorized\/anne-klein-diamond-ak-1362prgb\/"},"modified":"2026-05-01T16:54:26","modified_gmt":"2026-05-01T13:54:26","slug":"anne-klein-diamond-ak-1362prgb","status":"publish","type":"product","link":"https:\/\/ceasuri.md\/ru\/shop\/branduri\/anne-klein\/anne-klein-diamond-ak-1362prgb\/","title":{"rendered":"\u0427\u0430\u0441\u044b ANNE KLEIN DIAMOND AK\/1362PRGB"},"content":{"rendered":"<p>Un accesoriu fermec\u0103tor pentru doamnele frumoase care nu vor s\u0103 fie ignorate de ceilal\u021bi.<\/p>\n<p>Ceas de dam\u0103 cu carcas\u0103 rotund\u0103. Cadran din nuc\u0103 de perle cu repere de curs\u0103. Diamant la reperul de la ora 12.<\/p>\n<p>Br\u0103\u021bar\u0103 cu \u00eenchidere bijuterie.<\/p>","protected":false},"excerpt":{"rendered":"<p>Un accesoriu fermec\u0103tor pentru doamnele frumoase care nu vor s\u0103 fie ignorate de ceilal\u021bi. Ceas de dam\u0103 cu carcas\u0103 rotund\u0103. Cadran din nuc\u0103 de perle cu repere de curs\u0103. Diamant la reperul de la ora 12. Br\u0103\u021bar\u0103 cu \u00eenchidere bijuterie.<\/p>","protected":false},"featured_media":44266,"comment_status":"closed","ping_status":"open","template":"","meta":{"_acf_changed":false},"product_brand":[],"product_cat":[573,25],"product_tag":[],"class_list":{"0":"post-44265","1":"product","2":"type-product","3":"status-publish","4":"has-post-thumbnail","6":"product_cat-anne-klein","7":"product_cat-ceasuri-dama","8":"pa_brand-anne-klein","9":"pa_braslet-otel-inoxidabil","10":"pa_corpus-32-mm","11":"pa_decor-diamante","12":"pa_forma-rotund","13":"pa_garatia-24-luni","14":"pa_korpus-auriu","15":"pa_kvarc-quartz","16":"pa_material-alama","17":"pa_mehanizm-quartz","18":"pa_remeshok-auriu","19":"pa_steklo-cristal-mineral","20":"pa_strana-sua","21":"pa_voda-3-atm","23":"first","24":"instock","25":"purchasable","26":"product-type-simple"},"acf":[],"_links":{"self":[{"href":"https:\/\/ceasuri.md\/ru\/wp-json\/wp\/v2\/product\/44265","targetHints":{"allow":["GET"]}}],"collection":[{"href":"https:\/\/ceasuri.md\/ru\/wp-json\/wp\/v2\/product"}],"about":[{"href":"https:\/\/ceasuri.md\/ru\/wp-json\/wp\/v2\/types\/product"}],"replies":[{"embeddable":true,"href":"https:\/\/ceasuri.md\/ru\/wp-json\/wp\/v2\/comments?post=44265"}],"wp:featuredmedia":[{"embeddable":true,"href":"https:\/\/ceasuri.md\/ru\/wp-json\/wp\/v2\/media\/44266"}],"wp:attachment":[{"href":"https:\/\/ceasuri.md\/ru\/wp-json\/wp\/v2\/media?parent=44265"}],"wp:term":[{"taxonomy":"product_brand","embeddable":true,"href":"https:\/\/ceasuri.md\/ru\/wp-json\/wp\/v2\/product_brand?post=44265"},{"taxonomy":"product_cat","embeddable":true,"href":"https:\/\/ceasuri.md\/ru\/wp-json\/wp\/v2\/product_cat?post=44265"},{"taxonomy":"product_tag","embeddable":true,"href":"https:\/\/ceasuri.md\/ru\/wp-json\/wp\/v2\/product_tag?post=44265"}],"curies":[{"name":"wp","href":"https:\/\/api.w.org\/{rel}","templated":true}]}}