{"id":44239,"date":"2026-04-02T22:21:48","date_gmt":"2026-04-02T19:21:48","guid":{"rendered":"http:\/\/new.ceasuri.md\/shop\/uncategorized\/anne-klein-leather-10-9442chgd\/"},"modified":"2026-04-20T00:03:02","modified_gmt":"2026-04-19T21:03:02","slug":"anne-klein-leather-10-9442chgd","status":"publish","type":"product","link":"https:\/\/ceasuri.md\/ru\/shop\/branduri\/anne-klein\/anne-klein-leather-10-9442chgd\/","title":{"rendered":"\u0427\u0430\u0441\u044b ANNE KLEIN LEATHER 10\/9442CHGD"},"content":{"rendered":"<p>Sofisticare elegant\u0103 pentru fiecare zi. Acest ceas se potrive\u0219te perfect pe m\u00e2na unei femei \u0219i eviden\u021biaz\u0103 cele mai bune calit\u0103\u021bi ale posesoarei sale.<\/p>\n<p>Carcas\u0103 rotund\u0103 din metal cu cristal mineral. Cadranul cu m\u00e2ini mici \u00een form\u0103 de sabie este realizat prin tehnologia Sunray \u0219i decorat cu logo-ul Anne Klein la ora 12. Marcaje sub form\u0103 de liniu\u021be \u0219i cifre arabe.<\/p>\n<p>Coroan\u0103 canelat\u0103. Curea confortabil\u0103 din piele cu cataram\u0103 clasic\u0103.<\/p>","protected":false},"excerpt":{"rendered":"<p>Sofisticare elegant\u0103 pentru fiecare zi. Acest ceas se potrive\u0219te perfect pe m\u00e2na unei femei \u0219i eviden\u021biaz\u0103 cele mai bune calit\u0103\u021bi ale posesoarei sale. Carcas\u0103 rotund\u0103 din metal cu cristal mineral. Cadranul cu m\u00e2ini mici \u00een form\u0103 de sabie este realizat prin tehnologia Sunray \u0219i decorat cu logo-ul Anne Klein la ora 12. Marcaje sub form\u0103 [&hellip;]<\/p>\n","protected":false},"featured_media":44240,"comment_status":"closed","ping_status":"open","template":"","meta":{"_acf_changed":false},"product_brand":[],"product_cat":[573,25],"product_tag":[],"class_list":{"0":"post-44239","1":"product","2":"type-product","3":"status-publish","4":"has-post-thumbnail","6":"product_cat-anne-klein","7":"product_cat-ceasuri-dama","8":"pa_brand-anne-klein","9":"pa_braslet-piele","10":"pa_corpus-25-mm","11":"pa_forma-rotund","12":"pa_garatia-24-luni","13":"pa_korpus-auriu","14":"pa_kvarc-quartz","15":"pa_material-alama","16":"pa_mehanizm-quartz","17":"pa_remeshok-auriu","18":"pa_steklo-cristal-mineral","19":"pa_strana-sua","20":"pa_voda-3-atm","22":"first","23":"instock","24":"purchasable","25":"product-type-simple"},"acf":[],"_links":{"self":[{"href":"https:\/\/ceasuri.md\/ru\/wp-json\/wp\/v2\/product\/44239","targetHints":{"allow":["GET"]}}],"collection":[{"href":"https:\/\/ceasuri.md\/ru\/wp-json\/wp\/v2\/product"}],"about":[{"href":"https:\/\/ceasuri.md\/ru\/wp-json\/wp\/v2\/types\/product"}],"replies":[{"embeddable":true,"href":"https:\/\/ceasuri.md\/ru\/wp-json\/wp\/v2\/comments?post=44239"}],"wp:featuredmedia":[{"embeddable":true,"href":"https:\/\/ceasuri.md\/ru\/wp-json\/wp\/v2\/media\/44240"}],"wp:attachment":[{"href":"https:\/\/ceasuri.md\/ru\/wp-json\/wp\/v2\/media?parent=44239"}],"wp:term":[{"taxonomy":"product_brand","embeddable":true,"href":"https:\/\/ceasuri.md\/ru\/wp-json\/wp\/v2\/product_brand?post=44239"},{"taxonomy":"product_cat","embeddable":true,"href":"https:\/\/ceasuri.md\/ru\/wp-json\/wp\/v2\/product_cat?post=44239"},{"taxonomy":"product_tag","embeddable":true,"href":"https:\/\/ceasuri.md\/ru\/wp-json\/wp\/v2\/product_tag?post=44239"}],"curies":[{"name":"wp","href":"https:\/\/api.w.org\/{rel}","templated":true}]}}