{"id":44226,"date":"2026-04-02T22:21:48","date_gmt":"2026-04-02T19:21:48","guid":{"rendered":"http:\/\/new.ceasuri.md\/shop\/uncategorized\/orient-contemporary-ra-ac0f07s30b\/"},"modified":"2026-04-17T13:30:08","modified_gmt":"2026-04-17T10:30:08","slug":"orient-contemporary-ra-ac0f07s30b","status":"publish","type":"product","link":"https:\/\/ceasuri.md\/ru\/shop\/branduri\/orient\/orient-contemporary-ra-ac0f07s30b\/","title":{"rendered":"Ceas ORIENT CONTEMPORARY RA-AC0F07S30B"},"content":{"rendered":"<p>Este un ceas mecanic contemporan Orient cu dat\u0103.<\/p>\n<p>Nou Propulsat de un Calibru automat F6722 de fabrica\u021bie proprie.<\/p>\n<p>Acest ceas echilibreaz\u0103 \u00een mod expert o mi\u0219care mecanic\u0103 de precizie cu un design modern \u0219i combina\u021bii de culori.<\/p>\n<p>Un spate al carcasei transparent \u00eembun\u0103t\u0103\u021be\u0219te designul estetic.<\/p>\n<p>Acest ceas suport\u0103 o rezisten\u021b\u0103 la ap\u0103 de 50 de metri.<\/p>","protected":false},"excerpt":{"rendered":"<p>Este un ceas mecanic contemporan Orient cu dat\u0103. Nou Propulsat de un Calibru automat F6722 de fabrica\u021bie proprie. Acest ceas echilibreaz\u0103 \u00een mod expert o mi\u0219care mecanic\u0103 de precizie cu un design modern \u0219i combina\u021bii de culori. Un spate al carcasei transparent \u00eembun\u0103t\u0103\u021be\u0219te designul estetic. Acest ceas suport\u0103 o rezisten\u021b\u0103 la ap\u0103 de 50 de [&hellip;]<\/p>\n","protected":false},"featured_media":44227,"comment_status":"closed","ping_status":"open","template":"","meta":{"_acf_changed":false},"product_brand":[],"product_cat":[20,596],"product_tag":[],"class_list":{"0":"post-44226","1":"product","2":"type-product","3":"status-publish","4":"has-post-thumbnail","6":"product_cat-ceasuri-barbati","7":"product_cat-orient","8":"pa_brand-orient","9":"pa_braslet-piele","10":"pa_corpus-42-mm","11":"pa_forma-rotund","12":"pa_funcii-data","13":"pa_garatia-24-luni","14":"pa_korpus-argintiu","15":"pa_material-otel-inoxidabil","16":"pa_mehanizm-mecanic","17":"pa_mehanizm-mecanism-automatic","18":"pa_remeshok-maro","19":"pa_steklo-cristal-mineral","20":"pa_strana-japonia","21":"pa_voda-5-atm","23":"first","24":"instock","25":"purchasable","26":"product-type-simple"},"acf":[],"_links":{"self":[{"href":"https:\/\/ceasuri.md\/ru\/wp-json\/wp\/v2\/product\/44226","targetHints":{"allow":["GET"]}}],"collection":[{"href":"https:\/\/ceasuri.md\/ru\/wp-json\/wp\/v2\/product"}],"about":[{"href":"https:\/\/ceasuri.md\/ru\/wp-json\/wp\/v2\/types\/product"}],"replies":[{"embeddable":true,"href":"https:\/\/ceasuri.md\/ru\/wp-json\/wp\/v2\/comments?post=44226"}],"wp:featuredmedia":[{"embeddable":true,"href":"https:\/\/ceasuri.md\/ru\/wp-json\/wp\/v2\/media\/44227"}],"wp:attachment":[{"href":"https:\/\/ceasuri.md\/ru\/wp-json\/wp\/v2\/media?parent=44226"}],"wp:term":[{"taxonomy":"product_brand","embeddable":true,"href":"https:\/\/ceasuri.md\/ru\/wp-json\/wp\/v2\/product_brand?post=44226"},{"taxonomy":"product_cat","embeddable":true,"href":"https:\/\/ceasuri.md\/ru\/wp-json\/wp\/v2\/product_cat?post=44226"},{"taxonomy":"product_tag","embeddable":true,"href":"https:\/\/ceasuri.md\/ru\/wp-json\/wp\/v2\/product_tag?post=44226"}],"curies":[{"name":"wp","href":"https:\/\/api.w.org\/{rel}","templated":true}]}}