{"id":44209,"date":"2022-11-30T20:24:42","date_gmt":"2022-11-30T18:24:42","guid":{"rendered":"http:\/\/new.ceasuri.md\/shop\/uncategorized\/swiss-military-by-chrono-sm34090-02\/"},"modified":"2026-05-01T16:54:09","modified_gmt":"2026-05-01T13:54:09","slug":"swiss-military-by-chrono-sm34090-02","status":"publish","type":"product","link":"https:\/\/ceasuri.md\/ru\/shop\/branduri\/swiss-military\/swiss-military-by-chrono-sm34090-02\/","title":{"rendered":"\u0427\u0430\u0441\u044b SWISS MILITARY BY CHRONO SM34090.02"},"content":{"rendered":"<p>Acest ceas aduce un omagiu unei epoci \u00een care tehnologia cronografului nu permitea \u00eenc\u0103 m\u0103surarea zecimilor de secund\u0103. Acesta este motivul pentru care acest elegant cronograf \u00een stil vintage are doar dou\u0103 subcadrane de cronograf. Acestea sunt integrate \u00een cadranul albastru \u0219i str\u0103lucitor al ceasului.<\/p>\n<p>Cadranul albastru sunburst are m\u00e2ini, indicatoare pentru ore \u0219i minute care completeaz\u0103 designul atractiv al acestui ceas vintage.<\/p>\n<p>Mai mult, acest ceas pentru b\u0103rba\u021bi este dotat cu caracteristici de \u00eenalt\u0103 calitate. M\u00e2inile \u0219i indicatoarele orare foarte lizibile sunt luminoase \u0219i str\u0103lucesc \u00een \u00eentuneric. Dou\u0103 cadrane cronograf suplimentare num\u0103r\u0103 secundele \u0219i minutele atunci c\u00e2nd este activat\u0103 func\u021bia cronometru.<\/p>\n<p>Carcasa \u0219i cureaua sunt realizate din o\u021bel inoxidabil durabil.<\/p>","protected":false},"excerpt":{"rendered":"<p>Acest ceas aduce un omagiu unei epoci \u00een care tehnologia cronografului nu permitea \u00eenc\u0103 m\u0103surarea zecimilor de secund\u0103. Acesta este motivul pentru care acest elegant cronograf \u00een stil vintage are doar dou\u0103 subcadrane de cronograf. Acestea sunt integrate \u00een cadranul albastru \u0219i str\u0103lucitor al ceasului. Cadranul albastru sunburst are m\u00e2ini, indicatoare pentru ore \u0219i minute [&hellip;]<\/p>\n","protected":false},"featured_media":44210,"comment_status":"closed","ping_status":"open","template":"","meta":{"_acf_changed":false},"product_brand":[],"product_cat":[20,572],"product_tag":[],"class_list":{"0":"post-44209","1":"product","2":"type-product","3":"status-publish","4":"has-post-thumbnail","6":"product_cat-ceasuri-barbati","7":"product_cat-swiss-military","8":"pa_brand-swiss-military","9":"pa_braslet-otel-inoxidabil","10":"pa_corpus-42-mm","11":"pa_forma-rotund","12":"pa_funcii-cronograf","13":"pa_funcii-data","14":"pa_garatia-24-luni","15":"pa_korpus-argintiu","16":"pa_kvarc-quartz","17":"pa_material-otel-inoxidabil","18":"pa_mehanizm-quartz","19":"pa_remeshok-argintiu","20":"pa_steklo-cristal-mineral","21":"pa_steklo-cristal-safir","22":"pa_strana-elvetia","23":"pa_voda-10-atm","25":"first","26":"instock","27":"purchasable","28":"product-type-simple"},"acf":[],"_links":{"self":[{"href":"https:\/\/ceasuri.md\/ru\/wp-json\/wp\/v2\/product\/44209","targetHints":{"allow":["GET"]}}],"collection":[{"href":"https:\/\/ceasuri.md\/ru\/wp-json\/wp\/v2\/product"}],"about":[{"href":"https:\/\/ceasuri.md\/ru\/wp-json\/wp\/v2\/types\/product"}],"replies":[{"embeddable":true,"href":"https:\/\/ceasuri.md\/ru\/wp-json\/wp\/v2\/comments?post=44209"}],"wp:featuredmedia":[{"embeddable":true,"href":"https:\/\/ceasuri.md\/ru\/wp-json\/wp\/v2\/media\/44210"}],"wp:attachment":[{"href":"https:\/\/ceasuri.md\/ru\/wp-json\/wp\/v2\/media?parent=44209"}],"wp:term":[{"taxonomy":"product_brand","embeddable":true,"href":"https:\/\/ceasuri.md\/ru\/wp-json\/wp\/v2\/product_brand?post=44209"},{"taxonomy":"product_cat","embeddable":true,"href":"https:\/\/ceasuri.md\/ru\/wp-json\/wp\/v2\/product_cat?post=44209"},{"taxonomy":"product_tag","embeddable":true,"href":"https:\/\/ceasuri.md\/ru\/wp-json\/wp\/v2\/product_tag?post=44209"}],"curies":[{"name":"wp","href":"https:\/\/api.w.org\/{rel}","templated":true}]}}