{"id":44207,"date":"2022-11-30T20:24:41","date_gmt":"2022-11-30T18:24:41","guid":{"rendered":"http:\/\/new.ceasuri.md\/shop\/uncategorized\/swiss-military-by-chrono-sm34088-08\/"},"modified":"2026-05-01T16:54:08","modified_gmt":"2026-05-01T13:54:08","slug":"swiss-military-by-chrono-sm34088-08","status":"publish","type":"product","link":"https:\/\/ceasuri.md\/ru\/shop\/branduri\/swiss-military\/swiss-military-by-chrono-sm34088-08\/","title":{"rendered":"\u0427\u0430\u0441\u044b SWISS MILITARY BY CHRONO SM34088.08"},"content":{"rendered":"<p>Acest ceas de scufund\u0103ri este partenerul ideal pentru b\u0103rba\u021bii cu un stil de via\u021b\u0103 activ.<\/p>\n<p>De la luneta neagr\u0103 sportiv\u0103 cu markeri de minute clari p\u00e2n\u0103 la cadranul albastru inchis cu m\u00e2ini \u0219i markeri de ore specifice scufund\u0103rilor, totul este conceput pentru a sublinia caracterul pur sportiv al acestui ceas atractiv pentru b\u0103rba\u021bi. Designul se potrive\u0219te cu orice \u021binut\u0103.<\/p>\n<p>\u0218i chiar dac\u0103 acest ceas arat\u0103 foarte bine, nu reu\u0219e\u0219te niciodat\u0103 s\u0103 sublinieze caracterul masculin al proprietarului s\u0103u. Ca orice ceas de scafandru, coroana este bine \u00een\u0219urubat\u0103 \u00een carcas\u0103 pentru a \u00eempiedica apa s\u0103 p\u0103trund\u0103 \u00een carcasa ceasului la ad\u00e2ncimi mai mici de scufundare. \u00cen plus, luneta se rote\u0219te unidirec\u021bional pentru a-i ajuta pe scafandri \u00een gestionarea timpului.<\/p>\n<p>\u00cen plus, acest ceas elve\u021bian este echipat cu func\u021bii de \u00eenalt\u0103 calitate, potrivite pentru ceasurile militare. Carcasa acestui ceas de scafandru este fabricat\u0103 din o\u021bel inoxidabil rezistent \u0219i este prev\u0103zut\u0103 cu o curea din cauciuc albastru. M\u00e2inile \u0219i indicatoarele orare foarte lizibile sunt luminescente \u0219i str\u0103lucesc \u00een \u00eentuneric. Acest ceas de scufundare pentru b\u0103rba\u021bi este echipat cu o mi\u0219care Swiss Made \u0219i este asamblat manual.<\/p>","protected":false},"excerpt":{"rendered":"<p>Acest ceas de scufund\u0103ri este partenerul ideal pentru b\u0103rba\u021bii cu un stil de via\u021b\u0103 activ. De la luneta neagr\u0103 sportiv\u0103 cu markeri de minute clari p\u00e2n\u0103 la cadranul albastru inchis cu m\u00e2ini \u0219i markeri de ore specifice scufund\u0103rilor, totul este conceput pentru a sublinia caracterul pur sportiv al acestui ceas atractiv pentru b\u0103rba\u021bi. Designul se [&hellip;]<\/p>\n","protected":false},"featured_media":44208,"comment_status":"closed","ping_status":"open","template":"","meta":{"_acf_changed":false},"product_brand":[],"product_cat":[20,572],"product_tag":[],"class_list":{"0":"post-44207","1":"product","2":"type-product","3":"status-publish","4":"has-post-thumbnail","6":"product_cat-ceasuri-barbati","7":"product_cat-swiss-military","8":"pa_brand-swiss-military","9":"pa_braslet-plastic","10":"pa_corpus-41-mm","11":"pa_forma-rotund","12":"pa_funcii-data","13":"pa_garatia-24-luni","14":"pa_korpus-argintiu","15":"pa_kvarc-quartz","16":"pa_material-otel-inoxidabil","17":"pa_mehanizm-quartz","18":"pa_remeshok-albastru-inchis","19":"pa_steklo-cristal-mineral","20":"pa_steklo-cristal-safir","21":"pa_strana-elvetia","22":"pa_voda-20-atm","24":"first","25":"instock","26":"purchasable","27":"product-type-simple"},"acf":[],"_links":{"self":[{"href":"https:\/\/ceasuri.md\/ru\/wp-json\/wp\/v2\/product\/44207","targetHints":{"allow":["GET"]}}],"collection":[{"href":"https:\/\/ceasuri.md\/ru\/wp-json\/wp\/v2\/product"}],"about":[{"href":"https:\/\/ceasuri.md\/ru\/wp-json\/wp\/v2\/types\/product"}],"replies":[{"embeddable":true,"href":"https:\/\/ceasuri.md\/ru\/wp-json\/wp\/v2\/comments?post=44207"}],"wp:featuredmedia":[{"embeddable":true,"href":"https:\/\/ceasuri.md\/ru\/wp-json\/wp\/v2\/media\/44208"}],"wp:attachment":[{"href":"https:\/\/ceasuri.md\/ru\/wp-json\/wp\/v2\/media?parent=44207"}],"wp:term":[{"taxonomy":"product_brand","embeddable":true,"href":"https:\/\/ceasuri.md\/ru\/wp-json\/wp\/v2\/product_brand?post=44207"},{"taxonomy":"product_cat","embeddable":true,"href":"https:\/\/ceasuri.md\/ru\/wp-json\/wp\/v2\/product_cat?post=44207"},{"taxonomy":"product_tag","embeddable":true,"href":"https:\/\/ceasuri.md\/ru\/wp-json\/wp\/v2\/product_tag?post=44207"}],"curies":[{"name":"wp","href":"https:\/\/api.w.org\/{rel}","templated":true}]}}