{"id":44185,"date":"2022-11-30T20:23:44","date_gmt":"2022-11-30T18:23:44","guid":{"rendered":"http:\/\/new.ceasuri.md\/shop\/uncategorized\/swiss-military-by-chrono-sm34087-02\/"},"modified":"2026-05-01T16:53:50","modified_gmt":"2026-05-01T13:53:50","slug":"swiss-military-by-chrono-sm34087-02","status":"publish","type":"product","link":"https:\/\/ceasuri.md\/ru\/shop\/branduri\/swiss-military\/swiss-military-by-chrono-sm34087-02\/","title":{"rendered":"\u0427\u0430\u0441\u044b SWISS MILITARY BY CHRONO SM34087.02"},"content":{"rendered":"<p>Acest ceas elve\u021bian este perfect pentru to\u021bi b\u0103rba\u021bii care doresc s\u0103 adauge un companion de \u00eencredere \u00een via\u021ba lor de zi cu zi pentru m\u0103surarea timpului. ADN-ul aventuros \u0219i \u00een acela\u0219i timp elegant al acestui ceas pentru b\u0103rba\u021bi se potrive\u0219te perfect cu stilul dvs. de via\u021b\u0103, fie c\u0103 este vorba de afaceri sau de agrement.<\/p>\n<p>Un design exterior elegant, complet din o\u021bel, este asortat cu un cadran de ceas \u00een stil militar sportiv.<\/p>\n<p>Cadranul argintiu cu raze de soare prezint\u0103 indici foarte lizibili \u0219i sportivi, precum \u0219i un afi\u0219aj proeminent al datei, care indic\u0103 nu numai data, ci \u0219i ziua s\u0103pt\u0103m\u00e2nii.<\/p>\n<p>Carcasa \u0219i br\u0103\u021bara acestui ceas elve\u021bian pentru b\u0103rba\u021bi sunt realizate din o\u021bel inoxidabil rezistent.<\/p>","protected":false},"excerpt":{"rendered":"<p>Acest ceas elve\u021bian este perfect pentru to\u021bi b\u0103rba\u021bii care doresc s\u0103 adauge un companion de \u00eencredere \u00een via\u021ba lor de zi cu zi pentru m\u0103surarea timpului. ADN-ul aventuros \u0219i \u00een acela\u0219i timp elegant al acestui ceas pentru b\u0103rba\u021bi se potrive\u0219te perfect cu stilul dvs. de via\u021b\u0103, fie c\u0103 este vorba de afaceri sau de agrement. [&hellip;]<\/p>\n","protected":false},"featured_media":44186,"comment_status":"closed","ping_status":"open","template":"","meta":{"_acf_changed":false},"product_brand":[],"product_cat":[20,572],"product_tag":[],"class_list":{"0":"post-44185","1":"product","2":"type-product","3":"status-publish","4":"has-post-thumbnail","6":"product_cat-ceasuri-barbati","7":"product_cat-swiss-military","8":"pa_brand-swiss-military","9":"pa_braslet-otel-inoxidabil","10":"pa_corpus-41-mm","11":"pa_forma-rotund","12":"pa_funcii-data","13":"pa_garatia-24-luni","14":"pa_korpus-argintiu","15":"pa_kvarc-quartz","16":"pa_material-otel-inoxidabil","17":"pa_mehanizm-quartz","18":"pa_remeshok-argintiu","19":"pa_steklo-cristal-mineral","20":"pa_steklo-cristal-safir","21":"pa_strana-elvetia","22":"pa_voda-10-atm","24":"first","25":"instock","26":"purchasable","27":"product-type-simple"},"acf":[],"_links":{"self":[{"href":"https:\/\/ceasuri.md\/ru\/wp-json\/wp\/v2\/product\/44185","targetHints":{"allow":["GET"]}}],"collection":[{"href":"https:\/\/ceasuri.md\/ru\/wp-json\/wp\/v2\/product"}],"about":[{"href":"https:\/\/ceasuri.md\/ru\/wp-json\/wp\/v2\/types\/product"}],"replies":[{"embeddable":true,"href":"https:\/\/ceasuri.md\/ru\/wp-json\/wp\/v2\/comments?post=44185"}],"wp:featuredmedia":[{"embeddable":true,"href":"https:\/\/ceasuri.md\/ru\/wp-json\/wp\/v2\/media\/44186"}],"wp:attachment":[{"href":"https:\/\/ceasuri.md\/ru\/wp-json\/wp\/v2\/media?parent=44185"}],"wp:term":[{"taxonomy":"product_brand","embeddable":true,"href":"https:\/\/ceasuri.md\/ru\/wp-json\/wp\/v2\/product_brand?post=44185"},{"taxonomy":"product_cat","embeddable":true,"href":"https:\/\/ceasuri.md\/ru\/wp-json\/wp\/v2\/product_cat?post=44185"},{"taxonomy":"product_tag","embeddable":true,"href":"https:\/\/ceasuri.md\/ru\/wp-json\/wp\/v2\/product_tag?post=44185"}],"curies":[{"name":"wp","href":"https:\/\/api.w.org\/{rel}","templated":true}]}}