{"id":44148,"date":"2026-04-02T22:19:38","date_gmt":"2026-04-02T19:19:38","guid":{"rendered":"http:\/\/new.ceasuri.md\/shop\/uncategorized\/casio-g-shock-gw-3000m-4aer\/"},"modified":"2026-04-20T00:08:30","modified_gmt":"2026-04-19T21:08:30","slug":"casio-g-shock-gw-3000m-4aer","status":"publish","type":"product","link":"https:\/\/ceasuri.md\/ru\/shop\/branduri\/casio\/casio-g-shock-gw-3000m-4aer\/","title":{"rendered":"\u0427\u0430\u0441\u044b CASIO G-SHOCK GW-3000M-4AER"},"content":{"rendered":"<p>Un ceas de avia\u021bie func\u021bional care v\u0103 va ajuta s\u0103 rezista\u021bi la orice fel de suprasolicitare. O nou\u0103 serie de ceasuri pentru pilo\u021bi, mi\u0219carea este rezistent\u0103 la suprasarcini de p\u00e2n\u0103 la 15G.<\/p>\n<p>Alimentat de Tough Solar &#8211; baterii solare de mare putere, indicator de baterie desc\u0103rcat\u0103. Func\u021bie automat\u0103 de economisire a energiei. Durata de via\u021b\u0103 a bateriei de p\u00e2n\u0103 la 5 luni f\u0103r\u0103 re\u00eenc\u0103rcare, p\u00e2n\u0103 la 26 de luni cu func\u021bia de economisire a energiei activat\u0103.<\/p>\n<p>Carcasa rezistent\u0103 la \u0219ocuri protejeaz\u0103 mecanismul de \u0219ocuri \u0219i vibra\u021bii. Stratul de neobrit care absoarbe lumina continu\u0103 s\u0103 str\u0103luceasc\u0103 \u00een \u00eentuneric chiar \u0219i dup\u0103 o perioad\u0103 scurt\u0103 de timp \u00een lumin\u0103.<\/p>\n<p>Tehnologia Multi Band 6 v\u0103 permite s\u0103 recep\u021biona\u021bi semnale de la \u0219ase turnuri radio situate \u00een diferite loca\u021bii de pe glob, care transmit semnale de timp de la ceasuri atomice specifice. Corectarea orei curente prin semnal radio peste aproape toat\u0103 Europa, SUA, Japonia \u0219i China. Func\u021bia de corec\u021bie automat\u0103 a pozi\u021biei m\u00e2inii verific\u0103 pozi\u021bia m\u00e2inii la fiecare or\u0103 \u0219i o corecteaz\u0103 dac\u0103 este necesar.<\/p>\n<p>Ora mondial\u0103 &#8211; 29 de ora\u0219e (29 de fusuri orare), timp universal coordonat (UTC). Comutarea automat\u0103 la ora de iarn\u0103 \u0219i de var\u0103, posibilitatea de a activa\/dezactiva aceast\u0103 func\u021bie. Format de 12 \u0219i 24 de ore. Cronometru cu o precizie de 1\/100s \u0219i timp de m\u0103surare de 24h. Semnal acustic &#8211; se emite un semnal sonor la ora setat\u0103.<\/p>","protected":false},"excerpt":{"rendered":"<p>Un ceas de avia\u021bie func\u021bional care v\u0103 va ajuta s\u0103 rezista\u021bi la orice fel de suprasolicitare. O nou\u0103 serie de ceasuri pentru pilo\u021bi, mi\u0219carea este rezistent\u0103 la suprasarcini de p\u00e2n\u0103 la 15G. Alimentat de Tough Solar &#8211; baterii solare de mare putere, indicator de baterie desc\u0103rcat\u0103. Func\u021bie automat\u0103 de economisire a energiei. Durata de via\u021b\u0103 [&hellip;]<\/p>\n","protected":false},"featured_media":44149,"comment_status":"closed","ping_status":"open","template":"","meta":{"_acf_changed":false},"product_brand":[],"product_cat":[27,20,419],"product_tag":[],"class_list":{"0":"post-44148","1":"product","2":"type-product","3":"status-publish","4":"has-post-thumbnail","6":"product_cat-casio","7":"product_cat-ceasuri-barbati","8":"product_cat-g-shock","9":"pa_brand-casio","10":"pa_brand-g-shock","11":"pa_braslet-plastic","12":"pa_corpus-50-mm","13":"pa_forma-rotund","14":"pa_funcii-alarma","15":"pa_funcii-cronograf","16":"pa_funcii-data","17":"pa_funcii-rezerva-de-energie","18":"pa_funcii-timp-mondial","19":"pa_garatia-24-luni","20":"pa_korpus-argintiu","21":"pa_korpus-negru","22":"pa_kvarc-quartz","23":"pa_material-otel-inoxidabil","24":"pa_material-plastic","25":"pa_mehanizm-baterie-solara","26":"pa_remeshok-portocaliu","27":"pa_steklo-cristal-mineral","28":"pa_strana-japonia","29":"pa_voda-20-atm","31":"first","32":"instock","33":"purchasable","34":"product-type-simple"},"acf":[],"_links":{"self":[{"href":"https:\/\/ceasuri.md\/ru\/wp-json\/wp\/v2\/product\/44148","targetHints":{"allow":["GET"]}}],"collection":[{"href":"https:\/\/ceasuri.md\/ru\/wp-json\/wp\/v2\/product"}],"about":[{"href":"https:\/\/ceasuri.md\/ru\/wp-json\/wp\/v2\/types\/product"}],"replies":[{"embeddable":true,"href":"https:\/\/ceasuri.md\/ru\/wp-json\/wp\/v2\/comments?post=44148"}],"wp:featuredmedia":[{"embeddable":true,"href":"https:\/\/ceasuri.md\/ru\/wp-json\/wp\/v2\/media\/44149"}],"wp:attachment":[{"href":"https:\/\/ceasuri.md\/ru\/wp-json\/wp\/v2\/media?parent=44148"}],"wp:term":[{"taxonomy":"product_brand","embeddable":true,"href":"https:\/\/ceasuri.md\/ru\/wp-json\/wp\/v2\/product_brand?post=44148"},{"taxonomy":"product_cat","embeddable":true,"href":"https:\/\/ceasuri.md\/ru\/wp-json\/wp\/v2\/product_cat?post=44148"},{"taxonomy":"product_tag","embeddable":true,"href":"https:\/\/ceasuri.md\/ru\/wp-json\/wp\/v2\/product_tag?post=44148"}],"curies":[{"name":"wp","href":"https:\/\/api.w.org\/{rel}","templated":true}]}}