{"id":44136,"date":"2026-04-02T22:19:38","date_gmt":"2026-04-02T19:19:38","guid":{"rendered":"http:\/\/new.ceasuri.md\/shop\/uncategorized\/casio-edifice-efr-s108d-7avuef\/"},"modified":"2026-04-17T13:15:38","modified_gmt":"2026-04-17T10:15:38","slug":"casio-edifice-efr-s108d-7avuef","status":"publish","type":"product","link":"https:\/\/ceasuri.md\/ru\/shop\/branduri\/casio\/casio-edifice-efr-s108d-7avuef\/","title":{"rendered":"Ceas CASIO EDIFICE EFR-S108D-7AVUEF"},"content":{"rendered":"<p>Seria EDIFICE SLIM cu cristal de safir. Acest model analogic cu trei m\u00e2ini are o carcas\u0103 sub\u021bire de 7,8 mm grosime care \u00eembun\u0103t\u0103\u021be\u0219te potrivirea. Ceasul se m\u00e2ndre\u0219te cu o lunet\u0103 octogonal\u0103 plat\u0103 cu un finisaj hairline care creeaz\u0103 un design sportiv, dar luxos. Un cadran cu finisaj hairline creeaz\u0103, de asemenea, o senza\u021bie de \u00eenalt\u0103 calitate. \u0218uruburile de la cele patru col\u021buri ale carcasei, un design puternic al indexului \u0219i o secund\u0103 aurit\u0103 creeaz\u0103 un finisaj sportiv. Folose\u0219te un cristal de safir rezistent la zg\u00e2rieturi.<\/p>","protected":false},"excerpt":{"rendered":"<p>Seria EDIFICE SLIM cu cristal de safir. Acest model analogic cu trei m\u00e2ini are o carcas\u0103 sub\u021bire de 7,8 mm grosime care \u00eembun\u0103t\u0103\u021be\u0219te potrivirea. Ceasul se m\u00e2ndre\u0219te cu o lunet\u0103 octogonal\u0103 plat\u0103 cu un finisaj hairline care creeaz\u0103 un design sportiv, dar luxos. Un cadran cu finisaj hairline creeaz\u0103, de asemenea, o senza\u021bie de \u00eenalt\u0103 [&hellip;]<\/p>\n","protected":false},"featured_media":44137,"comment_status":"closed","ping_status":"open","template":"","meta":{"_acf_changed":false},"product_brand":[],"product_cat":[27,20,536],"product_tag":[],"class_list":{"0":"post-44136","1":"product","2":"type-product","3":"status-publish","4":"has-post-thumbnail","6":"product_cat-casio","7":"product_cat-ceasuri-barbati","8":"product_cat-edifice","9":"pa_brand-casio","10":"pa_brand-edifice","11":"pa_braslet-otel-inoxidabil","12":"pa_corpus-40-mm","13":"pa_forma-rotund","14":"pa_funcii-data","15":"pa_garatia-24-luni","16":"pa_korpus-argintiu","17":"pa_kvarc-quartz","18":"pa_material-otel-inoxidabil","19":"pa_mehanizm-quartz","20":"pa_remeshok-argintiu","21":"pa_steklo-cristal-safir","22":"pa_strana-japonia","23":"pa_voda-10-atm","25":"first","26":"instock","27":"purchasable","28":"product-type-simple"},"acf":[],"_links":{"self":[{"href":"https:\/\/ceasuri.md\/ru\/wp-json\/wp\/v2\/product\/44136","targetHints":{"allow":["GET"]}}],"collection":[{"href":"https:\/\/ceasuri.md\/ru\/wp-json\/wp\/v2\/product"}],"about":[{"href":"https:\/\/ceasuri.md\/ru\/wp-json\/wp\/v2\/types\/product"}],"replies":[{"embeddable":true,"href":"https:\/\/ceasuri.md\/ru\/wp-json\/wp\/v2\/comments?post=44136"}],"wp:featuredmedia":[{"embeddable":true,"href":"https:\/\/ceasuri.md\/ru\/wp-json\/wp\/v2\/media\/44137"}],"wp:attachment":[{"href":"https:\/\/ceasuri.md\/ru\/wp-json\/wp\/v2\/media?parent=44136"}],"wp:term":[{"taxonomy":"product_brand","embeddable":true,"href":"https:\/\/ceasuri.md\/ru\/wp-json\/wp\/v2\/product_brand?post=44136"},{"taxonomy":"product_cat","embeddable":true,"href":"https:\/\/ceasuri.md\/ru\/wp-json\/wp\/v2\/product_cat?post=44136"},{"taxonomy":"product_tag","embeddable":true,"href":"https:\/\/ceasuri.md\/ru\/wp-json\/wp\/v2\/product_tag?post=44136"}],"curies":[{"name":"wp","href":"https:\/\/api.w.org\/{rel}","templated":true}]}}