{"id":44121,"date":"2026-04-02T22:19:38","date_gmt":"2026-04-02T19:19:38","guid":{"rendered":"http:\/\/new.ceasuri.md\/shop\/uncategorized\/casio-edifice-ecb-900db-1ber\/"},"modified":"2026-04-16T20:48:28","modified_gmt":"2026-04-16T17:48:28","slug":"casio-edifice-ecb-900db-1ber","status":"publish","type":"product","link":"https:\/\/ceasuri.md\/ru\/shop\/branduri\/casio\/casio-edifice-ecb-900db-1ber\/","title":{"rendered":"Ceas CASIO ECB-900DB-1BER Edifice"},"content":{"rendered":"<p>Acesta este modelul ultra-elegant EDIFICE din seria analogic\u0103-digital\u0103.<\/p>\n<p>Modelul are un nou design dinamic, cu referin\u021be vizuale la sporturile cu motor: carcasa din o\u021bel protejeaz\u0103 modulul de deterior\u0103ri externe, cadranul este acoperit cu un cristal mineral rezistent \u0219i o lunet\u0103 din o\u021bel, \u00een timp ce accentele albastre din design subliniaz\u0103 caracterul sportiv al modelului.<\/p>\n<p>Ceasul este plin de func\u021bii, printre care un panou solar care men\u021bine ceasul mereu \u00eenc\u0103rcat, tehnologia Bluetooth\u00ae care v\u0103 permite s\u0103 sincroniza\u021bi ceasul cu smartphone-ul, un cronometru de \u00eenalt\u0103 precizie \u00een trepte de 1\/1000 de secund\u0103, obi\u0219nuita rezisten\u021b\u0103 la ap\u0103 Edifice de 100 de metri \u0219i retroiluminarea cu dou\u0103 LED-uri. O lansare serioas\u0103 \u0219i cu adev\u0103rat mult a\u0219teptat\u0103<\/p>\n<p>Fanii liniei Edifice se a\u0219teapt\u0103 de mult timp la modele analogice-digitale puternice, cu tehnologie modern\u0103, iar Casio nu le-a \u00een\u0219elat a\u0219tept\u0103rile, \u00een mod clar.<\/p>","protected":false},"excerpt":{"rendered":"<p>Acesta este modelul ultra-elegant EDIFICE din seria analogic\u0103-digital\u0103. Modelul are un nou design dinamic, cu referin\u021be vizuale la sporturile cu motor: carcasa din o\u021bel protejeaz\u0103 modulul de deterior\u0103ri externe, cadranul este acoperit cu un cristal mineral rezistent \u0219i o lunet\u0103 din o\u021bel, \u00een timp ce accentele albastre din design subliniaz\u0103 caracterul sportiv al modelului. Ceasul [&hellip;]<\/p>\n","protected":false},"featured_media":44122,"comment_status":"closed","ping_status":"open","template":"","meta":{"_acf_changed":false},"product_brand":[],"product_cat":[27,20,536],"product_tag":[],"class_list":{"0":"post-44121","1":"product","2":"type-product","3":"status-publish","4":"has-post-thumbnail","6":"product_cat-casio","7":"product_cat-ceasuri-barbati","8":"product_cat-edifice","9":"pa_brand-casio","10":"pa_brand-edifice","11":"pa_braslet-otel-inoxidabil","12":"pa_corpus-48-mm","13":"pa_forma-rotund","14":"pa_funcii-alarma","15":"pa_funcii-bluetooth-smart","16":"pa_funcii-calendar","17":"pa_funcii-cronometru","18":"pa_funcii-iluminare","19":"pa_funcii-rezerva-de-energie","20":"pa_funcii-tahimetru","21":"pa_funcii-timp-mondial","22":"pa_garatia-24-luni","23":"pa_korpus-argintiu","24":"pa_kvarc-quartz","25":"pa_material-otel-inoxidabil","26":"pa_mehanizm-baterie-solara","27":"pa_remeshok-argintiu","28":"pa_steklo-cristal-mineral","29":"pa_strana-japonia","30":"pa_voda-10-atm","32":"first","33":"instock","34":"purchasable","35":"product-type-simple"},"acf":[],"_links":{"self":[{"href":"https:\/\/ceasuri.md\/ru\/wp-json\/wp\/v2\/product\/44121","targetHints":{"allow":["GET"]}}],"collection":[{"href":"https:\/\/ceasuri.md\/ru\/wp-json\/wp\/v2\/product"}],"about":[{"href":"https:\/\/ceasuri.md\/ru\/wp-json\/wp\/v2\/types\/product"}],"replies":[{"embeddable":true,"href":"https:\/\/ceasuri.md\/ru\/wp-json\/wp\/v2\/comments?post=44121"}],"wp:featuredmedia":[{"embeddable":true,"href":"https:\/\/ceasuri.md\/ru\/wp-json\/wp\/v2\/media\/44122"}],"wp:attachment":[{"href":"https:\/\/ceasuri.md\/ru\/wp-json\/wp\/v2\/media?parent=44121"}],"wp:term":[{"taxonomy":"product_brand","embeddable":true,"href":"https:\/\/ceasuri.md\/ru\/wp-json\/wp\/v2\/product_brand?post=44121"},{"taxonomy":"product_cat","embeddable":true,"href":"https:\/\/ceasuri.md\/ru\/wp-json\/wp\/v2\/product_cat?post=44121"},{"taxonomy":"product_tag","embeddable":true,"href":"https:\/\/ceasuri.md\/ru\/wp-json\/wp\/v2\/product_tag?post=44121"}],"curies":[{"name":"wp","href":"https:\/\/api.w.org\/{rel}","templated":true}]}}