{"id":44099,"date":"2026-04-02T22:19:38","date_gmt":"2026-04-02T19:19:38","guid":{"rendered":"http:\/\/new.ceasuri.md\/shop\/uncategorized\/casio-collection-aq-s800wd-1\/"},"modified":"2026-04-20T00:05:50","modified_gmt":"2026-04-19T21:05:50","slug":"casio-collection-aq-s800wd-1","status":"publish","type":"product","link":"https:\/\/ceasuri.md\/ru\/shop\/branduri\/casio\/casio-collection-aq-s800wd-1\/","title":{"rendered":"\u0427\u0430\u0441\u044b CASIO COLLECTION AQ-S800WD-1"},"content":{"rendered":"<p>Alimentat cu energie solar\u0103, indicator de baterie desc\u0103rcat\u0103. Func\u021bie automat\u0103 de economisire a energiei (dezactiveaz\u0103 afi\u0219ajul LCD). Durata de via\u021b\u0103 a bateriei f\u0103r\u0103 re\u00eenc\u0103rcare &#8211; 10 luni, cu func\u021bia de economisire a energiei activat\u0103 &#8211; 23 de luni.<\/p>\n<p>Cronometru cu o precizie de citire de 1\/100s \u0219i un timp de m\u0103surare de 1h. Dou\u0103 cronometre cu num\u0103r\u0103toare invers\u0103 de la 5s la 100min cu num\u0103r reglabil de repet\u0103ri de la 1 la 10. Ora universal\u0103. Format de 12 \u0219i 24 de ore.<\/p>\n<p>\u0218ase limbi de afi\u0219are a zilei s\u0103pt\u0103m\u00e2nii: englez\u0103, portughez\u0103, spaniol\u0103, francez\u0103, german\u0103 \u0219i italian\u0103. Func\u021bie de activare\/dezactivare a sunetului. Calendar automat: num\u0103r, ziua s\u0103pt\u0103m\u00e2nii, lun\u0103, an (p\u00e2n\u0103 la 2099). 5 alarme, alarm\u0103 pe or\u0103.<\/p>\n<p>Iluminarea de fundal cu LED lumineaz\u0103 cadranul LCD, datorit\u0103 func\u021biei de \u00eent\u00e2rziere, dup\u0103 ce se elibereaz\u0103 butonul, iluminarea r\u0103m\u00e2ne aprins\u0103 \u00eenc\u0103 c\u00e2teva secunde. Acoperirea antireflectiv\u0103 de acumulare a luminii asigur\u0103 o str\u0103lucire de lung\u0103 durat\u0103 \u00een \u00eentuneric, chiar \u0219i dup\u0103 ce a fost expus la lumin\u0103 pentru o perioad\u0103 scurt\u0103 de timp.<\/p>","protected":false},"excerpt":{"rendered":"<p>Alimentat cu energie solar\u0103, indicator de baterie desc\u0103rcat\u0103. Func\u021bie automat\u0103 de economisire a energiei (dezactiveaz\u0103 afi\u0219ajul LCD). Durata de via\u021b\u0103 a bateriei f\u0103r\u0103 re\u00eenc\u0103rcare &#8211; 10 luni, cu func\u021bia de economisire a energiei activat\u0103 &#8211; 23 de luni. Cronometru cu o precizie de citire de 1\/100s \u0219i un timp de m\u0103surare de 1h. Dou\u0103 cronometre [&hellip;]<\/p>\n","protected":false},"featured_media":44100,"comment_status":"closed","ping_status":"open","template":"","meta":{"_acf_changed":false},"product_brand":[],"product_cat":[27,20],"product_tag":[],"class_list":{"0":"post-44099","1":"product","2":"type-product","3":"status-publish","4":"has-post-thumbnail","6":"product_cat-casio","7":"product_cat-ceasuri-barbati","8":"pa_brand-casio","9":"pa_braslet-otel-inoxidabil","10":"pa_corpus-48-mm","11":"pa_forma-rotund","12":"pa_funcii-alarma","13":"pa_funcii-calendar","14":"pa_funcii-cronometru","15":"pa_funcii-iluminare","16":"pa_funcii-rezerva-de-energie","17":"pa_funcii-timp-mondial","18":"pa_garatia-24-luni","19":"pa_korpus-argintiu","20":"pa_kvarc-quartz","21":"pa_material-plastic","22":"pa_mehanizm-baterie-solara","23":"pa_remeshok-argintiu","24":"pa_steklo-plastic","25":"pa_strana-japonia","26":"pa_voda-10-atm","28":"first","29":"instock","30":"purchasable","31":"product-type-simple"},"acf":[],"_links":{"self":[{"href":"https:\/\/ceasuri.md\/ru\/wp-json\/wp\/v2\/product\/44099","targetHints":{"allow":["GET"]}}],"collection":[{"href":"https:\/\/ceasuri.md\/ru\/wp-json\/wp\/v2\/product"}],"about":[{"href":"https:\/\/ceasuri.md\/ru\/wp-json\/wp\/v2\/types\/product"}],"replies":[{"embeddable":true,"href":"https:\/\/ceasuri.md\/ru\/wp-json\/wp\/v2\/comments?post=44099"}],"wp:featuredmedia":[{"embeddable":true,"href":"https:\/\/ceasuri.md\/ru\/wp-json\/wp\/v2\/media\/44100"}],"wp:attachment":[{"href":"https:\/\/ceasuri.md\/ru\/wp-json\/wp\/v2\/media?parent=44099"}],"wp:term":[{"taxonomy":"product_brand","embeddable":true,"href":"https:\/\/ceasuri.md\/ru\/wp-json\/wp\/v2\/product_brand?post=44099"},{"taxonomy":"product_cat","embeddable":true,"href":"https:\/\/ceasuri.md\/ru\/wp-json\/wp\/v2\/product_cat?post=44099"},{"taxonomy":"product_tag","embeddable":true,"href":"https:\/\/ceasuri.md\/ru\/wp-json\/wp\/v2\/product_tag?post=44099"}],"curies":[{"name":"wp","href":"https:\/\/api.w.org\/{rel}","templated":true}]}}