{"id":44076,"date":"2022-11-30T20:22:17","date_gmt":"2022-11-30T18:22:17","guid":{"rendered":"http:\/\/new.ceasuri.md\/shop\/uncategorized\/seiko-cs-dress-sur446p1\/"},"modified":"2026-05-01T16:53:01","modified_gmt":"2026-05-01T13:53:01","slug":"seiko-cs-dress-sur446p1","status":"publish","type":"product","link":"https:\/\/ceasuri.md\/ru\/shop\/branduri\/seiko\/seiko-cs-dress-sur446p1\/","title":{"rendered":"\u0427\u0430\u0441\u044b SEIKO CS DRESS SUR446P1"},"content":{"rendered":"<p>Un ceas clasic este principalul accesoriu \u00een imaginea unui b\u0103rbat de succes \u0219i elegant.<\/p>\n<p>Cadranul este realizat prin tehnologia Sunray. Marcaje de curs\u0103. Fereastr\u0103 pentru dat\u0103 \u0219i zi.<\/p>\n<p>Coroan\u0103 canelat\u0103. Partea din spate a carcasei cu \u0219urub.<\/p>\n<p>Br\u0103\u021bar\u0103 cu \u00eenchidere tripl\u0103 pliabil\u0103.<\/p>","protected":false},"excerpt":{"rendered":"<p>Un ceas clasic este principalul accesoriu \u00een imaginea unui b\u0103rbat de succes \u0219i elegant. Cadranul este realizat prin tehnologia Sunray. Marcaje de curs\u0103. Fereastr\u0103 pentru dat\u0103 \u0219i zi. Coroan\u0103 canelat\u0103. Partea din spate a carcasei cu \u0219urub. Br\u0103\u021bar\u0103 cu \u00eenchidere tripl\u0103 pliabil\u0103.<\/p>","protected":false},"featured_media":44077,"comment_status":"closed","ping_status":"open","template":"","meta":{"_acf_changed":false},"product_brand":[],"product_cat":[20,588],"product_tag":[],"class_list":{"0":"post-44076","1":"product","2":"type-product","3":"status-publish","4":"has-post-thumbnail","6":"product_cat-ceasuri-barbati","7":"product_cat-seiko","8":"pa_brand-seiko","9":"pa_braslet-otel-inoxidabil","10":"pa_corpus-40-mm","11":"pa_forma-rotund","12":"pa_funcii-data","13":"pa_garatia-24-luni","14":"pa_korpus-argintiu","15":"pa_kvarc-quartz","16":"pa_material-otel-inoxidabil","17":"pa_mehanizm-quartz","18":"pa_remeshok-bicolor","19":"pa_steklo-cristal-safir","20":"pa_strana-japonia","21":"pa_voda-10-atm","23":"first","24":"instock","25":"purchasable","26":"product-type-simple"},"acf":[],"_links":{"self":[{"href":"https:\/\/ceasuri.md\/ru\/wp-json\/wp\/v2\/product\/44076","targetHints":{"allow":["GET"]}}],"collection":[{"href":"https:\/\/ceasuri.md\/ru\/wp-json\/wp\/v2\/product"}],"about":[{"href":"https:\/\/ceasuri.md\/ru\/wp-json\/wp\/v2\/types\/product"}],"replies":[{"embeddable":true,"href":"https:\/\/ceasuri.md\/ru\/wp-json\/wp\/v2\/comments?post=44076"}],"wp:featuredmedia":[{"embeddable":true,"href":"https:\/\/ceasuri.md\/ru\/wp-json\/wp\/v2\/media\/44077"}],"wp:attachment":[{"href":"https:\/\/ceasuri.md\/ru\/wp-json\/wp\/v2\/media?parent=44076"}],"wp:term":[{"taxonomy":"product_brand","embeddable":true,"href":"https:\/\/ceasuri.md\/ru\/wp-json\/wp\/v2\/product_brand?post=44076"},{"taxonomy":"product_cat","embeddable":true,"href":"https:\/\/ceasuri.md\/ru\/wp-json\/wp\/v2\/product_cat?post=44076"},{"taxonomy":"product_tag","embeddable":true,"href":"https:\/\/ceasuri.md\/ru\/wp-json\/wp\/v2\/product_tag?post=44076"}],"curies":[{"name":"wp","href":"https:\/\/api.w.org\/{rel}","templated":true}]}}