{"id":44072,"date":"2026-04-02T22:19:38","date_gmt":"2026-04-02T19:19:38","guid":{"rendered":"http:\/\/new.ceasuri.md\/shop\/uncategorized\/seiko-cs-dress-sur344p1\/"},"modified":"2026-04-20T00:50:35","modified_gmt":"2026-04-19T21:50:35","slug":"seiko-cs-dress-sur344p1","status":"publish","type":"product","link":"https:\/\/ceasuri.md\/ru\/shop\/branduri\/seiko\/seiko-cs-dress-sur344p1\/","title":{"rendered":"\u0427\u0430\u0441\u044b SEIKO CS DRESS SUR344P1"},"content":{"rendered":"<p>Ceas Seiko cu cuar\u021b pentru b\u0103rba\u021bi din colec\u021bia CS Dress.<\/p>\n<p>Calibrul mi\u0219c\u0103rii este 6N53. Marja maxim\u0103 de eroare admis\u0103 este de +15\/-15 secunde pe lun\u0103.<\/p>\n<p>Acest model afi\u0219eaz\u0103 data curent\u0103 \u0219i ziua s\u0103pt\u0103m\u00e2nii. Cristal mineral Hardlex Crystal. M\u00e2inile \u0219i indicatoarele sunt acoperite cu LumiBright (str\u0103lucire \u00een \u00eentuneric).<\/p>\n<p>Carcasa este acoperit\u0103 par\u021bial cu un strat PVD durabil. Rezistent la ap\u0103 WR100 (10 atm).<\/p>","protected":false},"excerpt":{"rendered":"<p>Ceas Seiko cu cuar\u021b pentru b\u0103rba\u021bi din colec\u021bia CS Dress. Calibrul mi\u0219c\u0103rii este 6N53. Marja maxim\u0103 de eroare admis\u0103 este de +15\/-15 secunde pe lun\u0103. Acest model afi\u0219eaz\u0103 data curent\u0103 \u0219i ziua s\u0103pt\u0103m\u00e2nii. Cristal mineral Hardlex Crystal. M\u00e2inile \u0219i indicatoarele sunt acoperite cu LumiBright (str\u0103lucire \u00een \u00eentuneric). Carcasa este acoperit\u0103 par\u021bial cu un strat PVD [&hellip;]<\/p>\n","protected":false},"featured_media":44073,"comment_status":"closed","ping_status":"open","template":"","meta":{"_acf_changed":false},"product_brand":[],"product_cat":[20,588],"product_tag":[],"class_list":{"0":"post-44072","1":"product","2":"type-product","3":"status-publish","4":"has-post-thumbnail","6":"product_cat-ceasuri-barbati","7":"product_cat-seiko","8":"pa_brand-seiko","9":"pa_braslet-otel-inoxidabil","10":"pa_corpus-47-mm","11":"pa_forma-rotund","12":"pa_funcii-ziua-saptamanii","13":"pa_garatia-24-luni","14":"pa_korpus-argintiu","15":"pa_kvarc-quartz","16":"pa_material-otel-inoxidabil","17":"pa_mehanizm-quartz","18":"pa_remeshok-argintiu","19":"pa_steklo-hardlex-crystal","20":"pa_strana-japonia","21":"pa_voda-10-atm","23":"first","24":"instock","25":"purchasable","26":"product-type-simple"},"acf":[],"_links":{"self":[{"href":"https:\/\/ceasuri.md\/ru\/wp-json\/wp\/v2\/product\/44072","targetHints":{"allow":["GET"]}}],"collection":[{"href":"https:\/\/ceasuri.md\/ru\/wp-json\/wp\/v2\/product"}],"about":[{"href":"https:\/\/ceasuri.md\/ru\/wp-json\/wp\/v2\/types\/product"}],"replies":[{"embeddable":true,"href":"https:\/\/ceasuri.md\/ru\/wp-json\/wp\/v2\/comments?post=44072"}],"wp:featuredmedia":[{"embeddable":true,"href":"https:\/\/ceasuri.md\/ru\/wp-json\/wp\/v2\/media\/44073"}],"wp:attachment":[{"href":"https:\/\/ceasuri.md\/ru\/wp-json\/wp\/v2\/media?parent=44072"}],"wp:term":[{"taxonomy":"product_brand","embeddable":true,"href":"https:\/\/ceasuri.md\/ru\/wp-json\/wp\/v2\/product_brand?post=44072"},{"taxonomy":"product_cat","embeddable":true,"href":"https:\/\/ceasuri.md\/ru\/wp-json\/wp\/v2\/product_cat?post=44072"},{"taxonomy":"product_tag","embeddable":true,"href":"https:\/\/ceasuri.md\/ru\/wp-json\/wp\/v2\/product_tag?post=44072"}],"curies":[{"name":"wp","href":"https:\/\/api.w.org\/{rel}","templated":true}]}}