{"id":44055,"date":"2026-04-02T22:18:30","date_gmt":"2026-04-02T19:18:30","guid":{"rendered":"http:\/\/new.ceasuri.md\/shop\/uncategorized\/seiko-prospex-ssc081p1\/"},"modified":"2026-04-16T21:10:07","modified_gmt":"2026-04-16T18:10:07","slug":"seiko-prospex-ssc081p1","status":"publish","type":"product","link":"https:\/\/ceasuri.md\/ru\/shop\/branduri\/seiko\/seiko-prospex-ssc081p1\/","title":{"rendered":"Ceas SEIKO SSC081P1 Prospex"},"content":{"rendered":"<p>Acest ceas elegant pentru b\u0103rba\u021bi Seiko este o alegere excelent\u0103 ca model de zi cu zi, care nu v\u0103 va l\u0103sa indiferen\u021bi timp de mul\u021bi ani de posesie.<\/p>\n<p>Este prev\u0103zut cu o carcas\u0103 robust\u0103 din o\u021bel, cu o curea din piele natural\u0103 \u0219i cu un cristal mineral temperat Hardlex care protejeaz\u0103 cadranul.<\/p>\n<p>De asemenea, este de remarcat tehnologia Seiko Solar: datorit\u0103 panoului s\u0103u solar, ceasul este capabil s\u0103 stocheze energie, re\u00eenc\u0103rc\u00e2ndu-se singur de la orice surs\u0103 de lumin\u0103, f\u0103r\u0103 a fi nevoie s\u0103 \u00eenlocui\u021bi bateria, chiar \u0219i la fiecare c\u00e2\u021biva ani.<\/p>\n<p>Ad\u0103uga\u021bi la acestea 100 de metri de protec\u021bie \u00eempotriva apei \u0219i un cronometru \u0219i se pare c\u0103 avem modelul ideal de ceas casual.<\/p>\n<p>Reamintim c\u0103 marca japonez\u0103 Seiko este o legend\u0103 \u00een lumea orologeriei. Seiko a creat primul ceas cu cuar\u021b \u00een 1969, iar calitatea manoperei \u0219i fiabilitatea modelelor Seiko sunt apreciate de mai multe genera\u021bii \u0219i de milioane de fani ai m\u0103rcii din \u00eentreaga lume.<\/p>","protected":false},"excerpt":{"rendered":"<p>Acest ceas elegant pentru b\u0103rba\u021bi Seiko este o alegere excelent\u0103 ca model de zi cu zi, care nu v\u0103 va l\u0103sa indiferen\u021bi timp de mul\u021bi ani de posesie. Este prev\u0103zut cu o carcas\u0103 robust\u0103 din o\u021bel, cu o curea din piele natural\u0103 \u0219i cu un cristal mineral temperat Hardlex care protejeaz\u0103 cadranul. De asemenea, este [&hellip;]<\/p>\n","protected":false},"featured_media":44056,"comment_status":"closed","ping_status":"open","template":"","meta":{"_acf_changed":false},"product_brand":[],"product_cat":[20,588],"product_tag":[],"class_list":{"0":"post-44055","1":"product","2":"type-product","3":"status-publish","4":"has-post-thumbnail","6":"product_cat-ceasuri-barbati","7":"product_cat-seiko","8":"pa_brand-seiko","9":"pa_braslet-piele","10":"pa_corpus-42-mm","11":"pa_forma-rotund","12":"pa_funcii-cronograf","13":"pa_funcii-cronometru","14":"pa_funcii-data","15":"pa_garatia-24-luni","16":"pa_korpus-argintiu","17":"pa_kvarc-quartz","18":"pa_material-otel-inoxidabil","19":"pa_mehanizm-baterie-solara","20":"pa_remeshok-maro","21":"pa_steklo-cristal-mineral","22":"pa_steklo-hardlex-crystal","23":"pa_strana-japonia","24":"pa_voda-10-atm","26":"first","27":"instock","28":"purchasable","29":"product-type-simple"},"acf":[],"_links":{"self":[{"href":"https:\/\/ceasuri.md\/ru\/wp-json\/wp\/v2\/product\/44055","targetHints":{"allow":["GET"]}}],"collection":[{"href":"https:\/\/ceasuri.md\/ru\/wp-json\/wp\/v2\/product"}],"about":[{"href":"https:\/\/ceasuri.md\/ru\/wp-json\/wp\/v2\/types\/product"}],"replies":[{"embeddable":true,"href":"https:\/\/ceasuri.md\/ru\/wp-json\/wp\/v2\/comments?post=44055"}],"wp:featuredmedia":[{"embeddable":true,"href":"https:\/\/ceasuri.md\/ru\/wp-json\/wp\/v2\/media\/44056"}],"wp:attachment":[{"href":"https:\/\/ceasuri.md\/ru\/wp-json\/wp\/v2\/media?parent=44055"}],"wp:term":[{"taxonomy":"product_brand","embeddable":true,"href":"https:\/\/ceasuri.md\/ru\/wp-json\/wp\/v2\/product_brand?post=44055"},{"taxonomy":"product_cat","embeddable":true,"href":"https:\/\/ceasuri.md\/ru\/wp-json\/wp\/v2\/product_cat?post=44055"},{"taxonomy":"product_tag","embeddable":true,"href":"https:\/\/ceasuri.md\/ru\/wp-json\/wp\/v2\/product_tag?post=44055"}],"curies":[{"name":"wp","href":"https:\/\/api.w.org\/{rel}","templated":true}]}}