{"id":44052,"date":"2026-04-02T22:18:30","date_gmt":"2026-04-02T19:18:30","guid":{"rendered":"http:\/\/new.ceasuri.md\/shop\/uncategorized\/seiko-cs-sports-ssb405p1\/"},"modified":"2026-04-20T00:49:25","modified_gmt":"2026-04-19T21:49:25","slug":"seiko-cs-sports-ssb405p1","status":"publish","type":"product","link":"https:\/\/ceasuri.md\/ru\/shop\/branduri\/seiko\/seiko-cs-sports-ssb405p1\/","title":{"rendered":"\u0427\u0430\u0441\u044b SEIKO CS SPORTS SSB405P1"},"content":{"rendered":"<p>Ceasul pentru b\u0103rba\u021bi este o alegere excelent\u0103 dac\u0103 sunte\u021bi \u00een c\u0103utarea unui ceas cu un aspect izbitor.<\/p>\n<p>Ceasul are o carcas\u0103 argintie din o\u021bel inoxidabil, care atrage aten\u021bia datorit\u0103 suprafe\u021bei sale lustruite \u0219i periate. Carcasa rotund\u0103 are o l\u0103\u021bime de 41 mm \u0219i o \u00een\u0103l\u021bime de 13 mm \u0219i va \u00eempodobi aproape orice \u00eencheietur\u0103, \u00een func\u021bie de gustul fiec\u0103ruia. Luneta fix\u0103 iese discret \u00een eviden\u021b\u0103 pe carcas\u0103. Partea din spate a ceasului este realizat\u0103 din o\u021bel inoxidabil,  care adaug\u0103 o not\u0103 final\u0103 la designul.<\/p>\n<p>Cristalul mineral temperat asigur\u0103 o protec\u021bie fiabil\u0103 \u00eempotriva zg\u00e2rieturilor \u0219i deterior\u0103rilor accidentale. Cadranul este de culoare verde. Acele m\u00e2ini luminescente \u0219i \u00eel fac u\u0219or de citit chiar \u0219i \u00een condi\u021bii de lumin\u0103 nefavorabil\u0103.<\/p>","protected":false},"excerpt":{"rendered":"<p>Ceasul pentru b\u0103rba\u021bi este o alegere excelent\u0103 dac\u0103 sunte\u021bi \u00een c\u0103utarea unui ceas cu un aspect izbitor. Ceasul are o carcas\u0103 argintie din o\u021bel inoxidabil, care atrage aten\u021bia datorit\u0103 suprafe\u021bei sale lustruite \u0219i periate. Carcasa rotund\u0103 are o l\u0103\u021bime de 41 mm \u0219i o \u00een\u0103l\u021bime de 13 mm \u0219i va \u00eempodobi aproape orice \u00eencheietur\u0103, \u00een [&hellip;]<\/p>\n","protected":false},"featured_media":44053,"comment_status":"closed","ping_status":"open","template":"","meta":{"_acf_changed":false},"product_brand":[],"product_cat":[20,588],"product_tag":[],"class_list":{"0":"post-44052","1":"product","2":"type-product","3":"status-publish","4":"has-post-thumbnail","6":"product_cat-ceasuri-barbati","7":"product_cat-seiko","8":"pa_brand-seiko","9":"pa_braslet-otel-inoxidabil","10":"pa_corpus-41-mm","11":"pa_forma-rotund","12":"pa_funcii-cronograf","13":"pa_funcii-cronometru","14":"pa_funcii-data","15":"pa_funcii-tahimetru","16":"pa_garatia-24-luni","17":"pa_korpus-argintiu","18":"pa_kvarc-quartz","19":"pa_material-otel-inoxidabil","20":"pa_mehanizm-quartz","21":"pa_remeshok-argintiu","22":"pa_steklo-cristal-mineral","23":"pa_steklo-hardlex-crystal","24":"pa_strana-japonia","25":"pa_voda-10-atm","27":"first","28":"instock","29":"purchasable","30":"product-type-simple"},"acf":[],"_links":{"self":[{"href":"https:\/\/ceasuri.md\/ru\/wp-json\/wp\/v2\/product\/44052","targetHints":{"allow":["GET"]}}],"collection":[{"href":"https:\/\/ceasuri.md\/ru\/wp-json\/wp\/v2\/product"}],"about":[{"href":"https:\/\/ceasuri.md\/ru\/wp-json\/wp\/v2\/types\/product"}],"replies":[{"embeddable":true,"href":"https:\/\/ceasuri.md\/ru\/wp-json\/wp\/v2\/comments?post=44052"}],"wp:featuredmedia":[{"embeddable":true,"href":"https:\/\/ceasuri.md\/ru\/wp-json\/wp\/v2\/media\/44053"}],"wp:attachment":[{"href":"https:\/\/ceasuri.md\/ru\/wp-json\/wp\/v2\/media?parent=44052"}],"wp:term":[{"taxonomy":"product_brand","embeddable":true,"href":"https:\/\/ceasuri.md\/ru\/wp-json\/wp\/v2\/product_brand?post=44052"},{"taxonomy":"product_cat","embeddable":true,"href":"https:\/\/ceasuri.md\/ru\/wp-json\/wp\/v2\/product_cat?post=44052"},{"taxonomy":"product_tag","embeddable":true,"href":"https:\/\/ceasuri.md\/ru\/wp-json\/wp\/v2\/product_tag?post=44052"}],"curies":[{"name":"wp","href":"https:\/\/api.w.org\/{rel}","templated":true}]}}