{"id":44029,"date":"2026-04-02T22:18:30","date_gmt":"2026-04-02T19:18:30","guid":{"rendered":"http:\/\/new.ceasuri.md\/shop\/uncategorized\/seiko-5-sports-one-piece-zoro-srph67k1\/"},"modified":"2026-04-20T00:48:08","modified_gmt":"2026-04-19T21:48:08","slug":"seiko-5-sports-one-piece-zoro-srph67k1","status":"publish","type":"product","link":"https:\/\/ceasuri.md\/ru\/shop\/branduri\/seiko\/seiko-5-sports-one-piece-zoro-srph67k1\/","title":{"rendered":"\u0427\u0430\u0441\u044b SEIKO 5 SPORTS ONE PIECE ZORO SRPH67K1"},"content":{"rendered":"<p>Acest ceas \u00een edi\u021bie limitat\u0103 de la Seiko va fi un accesoriu excelent pentru colec\u021bia ta de accesorii. Edi\u021bie limitat\u0103 de 5.000 de buc\u0103\u021bi.<\/p>\n<p>Acest model a fost creat \u00een colaborare cu serialul anime japonez de succes One Piece \u0219i este dedicat personajului Roronoa Zoro, care m\u00e2nuie\u0219te trei s\u0103bii \u0219i este cunoscut ca &#8222;v\u00e2n\u0103torul de pira\u021bi&#8221;.<\/p>\n<p>Mi\u0219carea are 24 de bijuterii \u0219i o frecven\u021b\u0103 de 21600 de vibra\u021bii pe or\u0103. Rezerva de putere este de 41 de ore. Func\u021bie de stop-secund\u0103. Posibilitate de \u00eenf\u0103\u0219urare manual\u0103.<\/p>\n<p>Cadranul este realizat prin tehnologia Sunray \u0219i este decorat cu imaginea unei s\u0103bii care taie \u021binta cu ajutorul for\u021bei Arms Haki. Marcajele sunt sub form\u0103 de puncte \u0219i liniu\u021be. Fereastra pentru dat\u0103 \u0219i zi se afl\u0103 la ora 3.<\/p>\n<p>Luneta se rote\u0219te \u00eentr-o singur\u0103 direc\u021bie. Coroana cu protec\u021bie se afl\u0103 la ora 4. Fundul transparent al carcasei, cu \u0219urub, prezint\u0103 sabia Wado Ichimonji \u0219i fraza &#8222;Voi fi cel mai mare spadasin din lume!&#8221; de Zoro. Curea confortabil\u0103 din silicon cu \u00eenchidere clasic\u0103.<\/p>","protected":false},"excerpt":{"rendered":"<p>Acest ceas \u00een edi\u021bie limitat\u0103 de la Seiko va fi un accesoriu excelent pentru colec\u021bia ta de accesorii. Edi\u021bie limitat\u0103 de 5.000 de buc\u0103\u021bi. Acest model a fost creat \u00een colaborare cu serialul anime japonez de succes One Piece \u0219i este dedicat personajului Roronoa Zoro, care m\u00e2nuie\u0219te trei s\u0103bii \u0219i este cunoscut ca &#8222;v\u00e2n\u0103torul de [&hellip;]<\/p>\n","protected":false},"featured_media":44030,"comment_status":"closed","ping_status":"open","template":"","meta":{"_acf_changed":false},"product_brand":[],"product_cat":[20,205,588],"product_tag":[],"class_list":{"0":"post-44029","1":"product","2":"type-product","3":"status-publish","4":"has-post-thumbnail","6":"product_cat-ceasuri-barbati","7":"product_cat-limited-edition","8":"product_cat-seiko","9":"pa_brand-seiko","10":"pa_braslet-silicon","11":"pa_corpus-42-mm","12":"pa_forma-rotund","13":"pa_funcii-data","14":"pa_funcii-limited-edition","15":"pa_funcii-ziua-saptamanii","16":"pa_garatia-24-luni","17":"pa_korpus-negru","18":"pa_material-otel-inoxidabil","19":"pa_mehanizm-mecanic","20":"pa_mehanizm-mecanism-automatic","21":"pa_remeshok-gri","22":"pa_steklo-cristal-mineral","23":"pa_steklo-hardlex-crystal","24":"pa_strana-japonia","25":"pa_voda-10-atm","27":"first","28":"instock","29":"purchasable","30":"product-type-simple"},"acf":[],"_links":{"self":[{"href":"https:\/\/ceasuri.md\/ru\/wp-json\/wp\/v2\/product\/44029","targetHints":{"allow":["GET"]}}],"collection":[{"href":"https:\/\/ceasuri.md\/ru\/wp-json\/wp\/v2\/product"}],"about":[{"href":"https:\/\/ceasuri.md\/ru\/wp-json\/wp\/v2\/types\/product"}],"replies":[{"embeddable":true,"href":"https:\/\/ceasuri.md\/ru\/wp-json\/wp\/v2\/comments?post=44029"}],"wp:featuredmedia":[{"embeddable":true,"href":"https:\/\/ceasuri.md\/ru\/wp-json\/wp\/v2\/media\/44030"}],"wp:attachment":[{"href":"https:\/\/ceasuri.md\/ru\/wp-json\/wp\/v2\/media?parent=44029"}],"wp:term":[{"taxonomy":"product_brand","embeddable":true,"href":"https:\/\/ceasuri.md\/ru\/wp-json\/wp\/v2\/product_brand?post=44029"},{"taxonomy":"product_cat","embeddable":true,"href":"https:\/\/ceasuri.md\/ru\/wp-json\/wp\/v2\/product_cat?post=44029"},{"taxonomy":"product_tag","embeddable":true,"href":"https:\/\/ceasuri.md\/ru\/wp-json\/wp\/v2\/product_tag?post=44029"}],"curies":[{"name":"wp","href":"https:\/\/api.w.org\/{rel}","templated":true}]}}