{"id":44024,"date":"2026-04-02T22:18:30","date_gmt":"2026-04-02T19:18:30","guid":{"rendered":"http:\/\/new.ceasuri.md\/shop\/uncategorized\/seiko-5-sports-srph33k1\/"},"modified":"2026-04-20T00:48:08","modified_gmt":"2026-04-19T21:48:08","slug":"seiko-5-sports-srph33k1","status":"publish","type":"product","link":"https:\/\/ceasuri.md\/ru\/shop\/branduri\/seiko\/seiko-5-sports-srph33k1\/","title":{"rendered":"\u0427\u0430\u0441\u044b SEIKO 5 SPORTS SRPH33K1"},"content":{"rendered":"<p>Introducerea unui stil &#8222;Flieger&#8221; \u00een colec\u021bia Seiko 5 Sports &#8211; un stil militar creat ini\u021bial pentru pilo\u021bi \u0219i navigatori. Aspectul ceasurilor Flieger trebuia s\u0103 fie clar \u0219i u\u0219or de citit rapid, precum \u0219i robust \u0219i fiabil.<\/p>\n<p>Acest ceas \u00een stil Flieger este prev\u0103zut cu o curea de nailon \u00een stil &#8222;bombardier&#8221; &#8211; \u00een culori militare cu o c\u0103ptu\u0219eal\u0103 din piele portocalie, care seam\u0103n\u0103 cu o jachet\u0103 de bombardier retro.<\/p>\n<p>Ceasurile Seiko 5 Sports sunt cunoscute pentru cei peste cincizeci de ani de fiabilitate, durabilitate, performan\u021b\u0103 \u0219i valoare.<\/p>\n<p>&#8221;5&#8221; reprezint\u0103 cele cinci caracteristici cheie originale ale fiec\u0103rui Seiko 5, prezente \u0219i ast\u0103zi: Mi\u0219care automat\u0103, Afi\u0219aj zi-date, Rezisten\u021b\u0103 la ap\u0103, Coroan\u0103 \u00eencastrat\u0103 \u0219i Carcas\u0103 \u0219i br\u0103\u021bar\u0103 durabile.<\/p>","protected":false},"excerpt":{"rendered":"<p>Introducerea unui stil &#8222;Flieger&#8221; \u00een colec\u021bia Seiko 5 Sports &#8211; un stil militar creat ini\u021bial pentru pilo\u021bi \u0219i navigatori. Aspectul ceasurilor Flieger trebuia s\u0103 fie clar \u0219i u\u0219or de citit rapid, precum \u0219i robust \u0219i fiabil. Acest ceas \u00een stil Flieger este prev\u0103zut cu o curea de nailon \u00een stil &#8222;bombardier&#8221; &#8211; \u00een culori militare [&hellip;]<\/p>\n","protected":false},"featured_media":44025,"comment_status":"closed","ping_status":"open","template":"","meta":{"_acf_changed":false},"product_brand":[],"product_cat":[20,588],"product_tag":[],"class_list":{"0":"post-44024","1":"product","2":"type-product","3":"status-publish","4":"has-post-thumbnail","6":"product_cat-ceasuri-barbati","7":"product_cat-seiko","8":"pa_brand-seiko","9":"pa_braslet-textile","10":"pa_corpus-39-mm","11":"pa_forma-rotund","12":"pa_funcii-data","13":"pa_funcii-ziua-saptamanii","14":"pa_garatia-24-luni","15":"pa_korpus-negru","16":"pa_material-otel-inoxidabil","17":"pa_mehanizm-mecanic","18":"pa_mehanizm-mecanism-automatic","19":"pa_remeshok-negru","20":"pa_steklo-cristal-mineral","21":"pa_steklo-hardlex-crystal","22":"pa_strana-japonia","23":"pa_voda-10-atm","25":"first","26":"instock","27":"purchasable","28":"product-type-simple"},"acf":[],"_links":{"self":[{"href":"https:\/\/ceasuri.md\/ru\/wp-json\/wp\/v2\/product\/44024","targetHints":{"allow":["GET"]}}],"collection":[{"href":"https:\/\/ceasuri.md\/ru\/wp-json\/wp\/v2\/product"}],"about":[{"href":"https:\/\/ceasuri.md\/ru\/wp-json\/wp\/v2\/types\/product"}],"replies":[{"embeddable":true,"href":"https:\/\/ceasuri.md\/ru\/wp-json\/wp\/v2\/comments?post=44024"}],"wp:featuredmedia":[{"embeddable":true,"href":"https:\/\/ceasuri.md\/ru\/wp-json\/wp\/v2\/media\/44025"}],"wp:attachment":[{"href":"https:\/\/ceasuri.md\/ru\/wp-json\/wp\/v2\/media?parent=44024"}],"wp:term":[{"taxonomy":"product_brand","embeddable":true,"href":"https:\/\/ceasuri.md\/ru\/wp-json\/wp\/v2\/product_brand?post=44024"},{"taxonomy":"product_cat","embeddable":true,"href":"https:\/\/ceasuri.md\/ru\/wp-json\/wp\/v2\/product_cat?post=44024"},{"taxonomy":"product_tag","embeddable":true,"href":"https:\/\/ceasuri.md\/ru\/wp-json\/wp\/v2\/product_tag?post=44024"}],"curies":[{"name":"wp","href":"https:\/\/api.w.org\/{rel}","templated":true}]}}