{"id":43962,"date":"2022-11-30T20:19:50","date_gmt":"2022-11-30T18:19:50","guid":{"rendered":"http:\/\/new.ceasuri.md\/shop\/uncategorized\/seiko-5-sports-srpg39k1\/"},"modified":"2026-05-01T16:52:06","modified_gmt":"2026-05-01T13:52:06","slug":"seiko-5-sports-srpg39k1","status":"publish","type":"product","link":"https:\/\/ceasuri.md\/ru\/shop\/branduri\/seiko\/seiko-5-sports-srpg39k1\/","title":{"rendered":"\u0427\u0430\u0441\u044b SEIKO 5 SPORTS SRPG39K1"},"content":{"rendered":"<p>Aceast\u0103 versiune albastr\u0103 a colec\u021biei Seiko 5 Sports vine cu o curea din piele albastr\u0103, o mic\u0103 not\u0103 \u00een plus pentru a v\u0103 etala spiritul aventurier.<\/p>\n<p>Acest ceas sportiv \u0219i casual este rezultatul know-how-ului Seiko, de la calibrul automat p\u00e2n\u0103 la finisarea meticuloas\u0103.<\/p>\n<p>Cadranul albastru al acestui ceas prezint\u0103 un afi\u0219aj zi\/data la ora 3 \u0219i noul logo al colec\u021biei Seiko 5 la ora 12.<\/p>","protected":false},"excerpt":{"rendered":"<p>Aceast\u0103 versiune albastr\u0103 a colec\u021biei Seiko 5 Sports vine cu o curea din piele albastr\u0103, o mic\u0103 not\u0103 \u00een plus pentru a v\u0103 etala spiritul aventurier. Acest ceas sportiv \u0219i casual este rezultatul know-how-ului Seiko, de la calibrul automat p\u00e2n\u0103 la finisarea meticuloas\u0103. Cadranul albastru al acestui ceas prezint\u0103 un afi\u0219aj zi\/data la ora 3 [&hellip;]<\/p>\n","protected":false},"featured_media":43963,"comment_status":"closed","ping_status":"open","template":"","meta":{"_acf_changed":false},"product_brand":[],"product_cat":[20,588],"product_tag":[],"class_list":{"0":"post-43962","1":"product","2":"type-product","3":"status-publish","4":"has-post-thumbnail","6":"product_cat-ceasuri-barbati","7":"product_cat-seiko","8":"pa_brand-seiko","9":"pa_braslet-piele","10":"pa_corpus-39-mm","11":"pa_forma-rotund","12":"pa_funcii-data","13":"pa_funcii-ziua-saptamanii","14":"pa_garatia-24-luni","15":"pa_korpus-argintiu","16":"pa_material-otel-inoxidabil","17":"pa_mehanizm-mecanic","18":"pa_mehanizm-mecanism-automatic","19":"pa_remeshok-negru","20":"pa_steklo-cristal-mineral","21":"pa_steklo-hardlex-crystal","22":"pa_strana-japonia","23":"pa_voda-10-atm","25":"first","26":"instock","27":"purchasable","28":"product-type-simple"},"acf":[],"_links":{"self":[{"href":"https:\/\/ceasuri.md\/ru\/wp-json\/wp\/v2\/product\/43962","targetHints":{"allow":["GET"]}}],"collection":[{"href":"https:\/\/ceasuri.md\/ru\/wp-json\/wp\/v2\/product"}],"about":[{"href":"https:\/\/ceasuri.md\/ru\/wp-json\/wp\/v2\/types\/product"}],"replies":[{"embeddable":true,"href":"https:\/\/ceasuri.md\/ru\/wp-json\/wp\/v2\/comments?post=43962"}],"wp:featuredmedia":[{"embeddable":true,"href":"https:\/\/ceasuri.md\/ru\/wp-json\/wp\/v2\/media\/43963"}],"wp:attachment":[{"href":"https:\/\/ceasuri.md\/ru\/wp-json\/wp\/v2\/media?parent=43962"}],"wp:term":[{"taxonomy":"product_brand","embeddable":true,"href":"https:\/\/ceasuri.md\/ru\/wp-json\/wp\/v2\/product_brand?post=43962"},{"taxonomy":"product_cat","embeddable":true,"href":"https:\/\/ceasuri.md\/ru\/wp-json\/wp\/v2\/product_cat?post=43962"},{"taxonomy":"product_tag","embeddable":true,"href":"https:\/\/ceasuri.md\/ru\/wp-json\/wp\/v2\/product_tag?post=43962"}],"curies":[{"name":"wp","href":"https:\/\/api.w.org\/{rel}","templated":true}]}}