{"id":43954,"date":"2026-04-02T22:17:18","date_gmt":"2026-04-02T19:17:18","guid":{"rendered":"http:\/\/new.ceasuri.md\/shop\/uncategorized\/seiko-clock-qxa738a\/"},"modified":"2026-04-20T01:06:45","modified_gmt":"2026-04-19T22:06:45","slug":"seiko-clock-qxa738a","status":"publish","type":"product","link":"https:\/\/ceasuri.md\/ru\/shop\/ceas-interior-cu-alarma\/ceas-interior-ceas-interior-cu-alarma\/seiko-clock-qxa738a\/","title":{"rendered":"\u0427\u0430\u0441\u044b SEIKO CLOCK QXA738A"},"content":{"rendered":"<p>Materialul din lemn al carcasei transmite atmosfera cald\u0103 a p\u0103durii.<\/p>\n<p>Ceasul de perete poate nu numai s\u0103 afi\u0219eze ora, ci \u0219i s\u0103 decoreze interiorul.<\/p>\n<p>Ceasul are un diametru de 29,9 cm \u0219i o grosime de 5 cm. Cadranul este alb cu cifre arabe negre, acoperit cu sticl\u0103 polimeric\u0103.<\/p>","protected":false},"excerpt":{"rendered":"<p>Materialul din lemn al carcasei transmite atmosfera cald\u0103 a p\u0103durii. Ceasul de perete poate nu numai s\u0103 afi\u0219eze ora, ci \u0219i s\u0103 decoreze interiorul. Ceasul are un diametru de 29,9 cm \u0219i o grosime de 5 cm. Cadranul este alb cu cifre arabe negre, acoperit cu sticl\u0103 polimeric\u0103.<\/p>","protected":false},"featured_media":43955,"comment_status":"closed","ping_status":"open","template":"","meta":{"_acf_changed":false},"product_brand":[],"product_cat":[842,588],"product_tag":[],"class_list":{"0":"post-43954","1":"product","2":"type-product","3":"status-publish","4":"has-post-thumbnail","6":"product_cat-ceas-interior-ceas-interior-cu-alarma","7":"product_cat-seiko","8":"pa_brand-seiko","9":"pa_corpus-30-cm","10":"pa_forma-rotund","11":"pa_garatia-24-luni","12":"pa_korpus-maro","13":"pa_kvarc-quartz","14":"pa_material-plastic","15":"pa_mehanizm-quartz","16":"pa_steklo-plastic","17":"pa_strana-japonia","19":"first","20":"instock","21":"purchasable","22":"product-type-simple"},"acf":[],"_links":{"self":[{"href":"https:\/\/ceasuri.md\/ru\/wp-json\/wp\/v2\/product\/43954","targetHints":{"allow":["GET"]}}],"collection":[{"href":"https:\/\/ceasuri.md\/ru\/wp-json\/wp\/v2\/product"}],"about":[{"href":"https:\/\/ceasuri.md\/ru\/wp-json\/wp\/v2\/types\/product"}],"replies":[{"embeddable":true,"href":"https:\/\/ceasuri.md\/ru\/wp-json\/wp\/v2\/comments?post=43954"}],"wp:featuredmedia":[{"embeddable":true,"href":"https:\/\/ceasuri.md\/ru\/wp-json\/wp\/v2\/media\/43955"}],"wp:attachment":[{"href":"https:\/\/ceasuri.md\/ru\/wp-json\/wp\/v2\/media?parent=43954"}],"wp:term":[{"taxonomy":"product_brand","embeddable":true,"href":"https:\/\/ceasuri.md\/ru\/wp-json\/wp\/v2\/product_brand?post=43954"},{"taxonomy":"product_cat","embeddable":true,"href":"https:\/\/ceasuri.md\/ru\/wp-json\/wp\/v2\/product_cat?post=43954"},{"taxonomy":"product_tag","embeddable":true,"href":"https:\/\/ceasuri.md\/ru\/wp-json\/wp\/v2\/product_tag?post=43954"}],"curies":[{"name":"wp","href":"https:\/\/api.w.org\/{rel}","templated":true}]}}