{"id":43929,"date":"2026-04-02T22:17:18","date_gmt":"2026-04-02T19:17:18","guid":{"rendered":"http:\/\/new.ceasuri.md\/shop\/uncategorized\/seiko-presage-spb221j1\/"},"modified":"2026-04-07T04:09:27","modified_gmt":"2026-04-07T01:09:27","slug":"seiko-presage-spb221j1","status":"publish","type":"product","link":"https:\/\/ceasuri.md\/ru\/shop\/branduri\/seiko\/seiko-presage-spb221j1\/","title":{"rendered":"Ceas SEIKO PRESAGE SPB221J1"},"content":{"rendered":"<p>Acest model face parte din gama Presage Sharp Edged, o nou\u0103 serie dedicat\u0103 ornamentului tradi\u021bional japonez Asanoha, care seam\u0103n\u0103 cu frunzele de c\u00e2nep\u0103. Acesta a fost men\u021bionat pentru prima dat\u0103 \u00een cultura japonez\u0103 \u00een urm\u0103 cu peste 1000 de ani. Acest model are propriul s\u0103u nume &#8211; Sumi-iro sau culoarea cernelii.<\/p>\n<p>Carcasa \u0219i br\u0103\u021bara seriei Seiko Presage Sharp Edged au multe suprafe\u021be plate \u0219i ascu\u021bite &#8211; aceast\u0103 combina\u021bie permite ceasului s\u0103 str\u0103luceasc\u0103 \u0219i s\u0103 str\u0103luceasc\u0103 din diferite unghiuri. Trei dintre cele patru modele au un strat de acoperire extra dur\u0103 care protejeaz\u0103 carcasa \u0219i br\u0103\u021bara de zg\u00e2rieturi \u0219i le confer\u0103 un luciu de lung\u0103 durat\u0103. Suprafe\u021bele atent proiectate \u0219i lustruite \u0219i marginile siluetei ascu\u021bite contrasteaz\u0103 cu elementele satinate pentru a crea un efect multidimensional pl\u0103cut.<\/p>\n<p>Textura bogat\u0103 \u0219i modelul geometric complicat cu margini ascu\u021bite de pe cadran creeaz\u0103 o u\u0219oar\u0103 grada\u021bie de culoare &#8211; rezultatul este un cadran care se joac\u0103 cu diferite culori \u00een func\u021bie de unghiul de lumin\u0103 solar\u0103.<\/p>\n<p>Este ac\u021bionat de noul calibru mecanic de manufactur\u0103 6R64. Num\u0103rul bijuteriilor este de 29, iar frecven\u021ba de semioscila\u021bie este de 28800 pe or\u0103. Rezerva de putere &#8211; 45 de ore.<\/p>\n<p>Func\u021bie GMT, indicator al rezervei de putere, bobinare manual\u0103 posibil\u0103, stop-secund\u0103.<\/p>","protected":false},"excerpt":{"rendered":"<p>Acest model face parte din gama Presage Sharp Edged, o nou\u0103 serie dedicat\u0103 ornamentului tradi\u021bional japonez Asanoha, care seam\u0103n\u0103 cu frunzele de c\u00e2nep\u0103. Acesta a fost men\u021bionat pentru prima dat\u0103 \u00een cultura japonez\u0103 \u00een urm\u0103 cu peste 1000 de ani. Acest model are propriul s\u0103u nume &#8211; Sumi-iro sau culoarea cernelii. Carcasa \u0219i br\u0103\u021bara seriei [&hellip;]<\/p>\n","protected":false},"featured_media":43930,"comment_status":"closed","ping_status":"open","template":"","meta":{"_acf_changed":false},"product_brand":[],"product_cat":[20,106,588],"product_tag":[],"class_list":{"0":"post-43929","1":"product","2":"type-product","3":"status-publish","4":"has-post-thumbnail","6":"product_cat-ceasuri-barbati","7":"product_cat-ceasuri-premium","8":"product_cat-seiko","9":"pa_brand-seiko","10":"pa_braslet-otel-inoxidabil","11":"pa_corpus-42-mm","12":"pa_forma-rotund","13":"pa_funcii-data","14":"pa_funcii-gmt","15":"pa_funcii-iluminare","16":"pa_funcii-rezerva-de-energie","17":"pa_garatia-24-luni","18":"pa_korpus-argintiu","19":"pa_material-otel-inoxidabil","20":"pa_mehanizm-mecanic","21":"pa_mehanizm-mecanism-automatic","22":"pa_remeshok-argintiu","23":"pa_steklo-cristal-safir","24":"pa_strana-japonia","25":"pa_voda-10-atm","27":"first","28":"instock","29":"purchasable","30":"product-type-simple"},"acf":[],"_links":{"self":[{"href":"https:\/\/ceasuri.md\/ru\/wp-json\/wp\/v2\/product\/43929","targetHints":{"allow":["GET"]}}],"collection":[{"href":"https:\/\/ceasuri.md\/ru\/wp-json\/wp\/v2\/product"}],"about":[{"href":"https:\/\/ceasuri.md\/ru\/wp-json\/wp\/v2\/types\/product"}],"replies":[{"embeddable":true,"href":"https:\/\/ceasuri.md\/ru\/wp-json\/wp\/v2\/comments?post=43929"}],"wp:featuredmedia":[{"embeddable":true,"href":"https:\/\/ceasuri.md\/ru\/wp-json\/wp\/v2\/media\/43930"}],"wp:attachment":[{"href":"https:\/\/ceasuri.md\/ru\/wp-json\/wp\/v2\/media?parent=43929"}],"wp:term":[{"taxonomy":"product_brand","embeddable":true,"href":"https:\/\/ceasuri.md\/ru\/wp-json\/wp\/v2\/product_brand?post=43929"},{"taxonomy":"product_cat","embeddable":true,"href":"https:\/\/ceasuri.md\/ru\/wp-json\/wp\/v2\/product_cat?post=43929"},{"taxonomy":"product_tag","embeddable":true,"href":"https:\/\/ceasuri.md\/ru\/wp-json\/wp\/v2\/product_tag?post=43929"}],"curies":[{"name":"wp","href":"https:\/\/api.w.org\/{rel}","templated":true}]}}