{"id":43905,"date":"2022-11-30T20:18:52","date_gmt":"2022-11-30T18:18:52","guid":{"rendered":"http:\/\/new.ceasuri.md\/shop\/uncategorized\/poljot-international-nicolai-ii-skeleton-9211-1940216\/"},"modified":"2026-05-01T16:51:31","modified_gmt":"2026-05-01T13:51:31","slug":"poljot-international-nicolai-ii-skeleton-9211-1940216","status":"publish","type":"product","link":"https:\/\/ceasuri.md\/ru\/shop\/branduri\/poljot-international\/poljot-international-nicolai-ii-skeleton-9211-1940216\/","title":{"rendered":"\u0427\u0430\u0441\u044b POLJOT INTERNATIONAL NICOLAI II SKELETON 9211.1940216"},"content":{"rendered":"<p>Tsarul Nicolae al II-lea este \u00eenconjurat de numeroase legende \u0219i zvonuri contradictorii. Cu toate acestea, un lucru este clar pentru istorici &#8211; el a fost un om educat \u0219i bun la suflet, care \u0219i-a iubit cu adev\u0103rat familia \u0219i Rusia.<\/p>\n<p>Aceast\u0103 nou\u0103 serie este dedicat\u0103 memoriei lui Nicolae al II-lea \u0219i vine \u00eentr-o nou\u0103 palet\u0103 de culori uimitoare.<\/p>\n<p>Accentul noilor modele este pus pe mi\u0219carea scheletat\u0103 \u0219i pe cadranul scheletat. Aceste dou\u0103 componente creeaz\u0103 un sentiment de transport \u00eenapoi pe vremea \u021barilor ru\u0219i.<\/p>\n<p>\u00cen ceea ce prive\u0219te culoarea, aceast\u0103 serie de modele elegante a fost modernizat\u0103 \u0219i str\u0103luce\u0219te \u00een trei culori neobi\u0219nuite \u0219i magnifice ale Imperiului \u021aarist. A treia versiune este cea mai modern\u0103. Aceast\u0103 versiune cu cadran negru \u0219i carcas\u0103 acoperit\u0103 cu PVD negru impresioneaz\u0103, de asemenea, \u00eentreaga gam\u0103. M\u00e2inile din aur galben \u0219i unele componente ale mi\u0219c\u0103rii scheletate din aur galben fac acest model la fel de luxos \u0219i sublim. A treia versiune este cea mai modern\u0103 versiune a gamei.<\/p>\n<p>Carcasa rotund\u0103 cu partea superioar\u0103 din cristal de safir este ac\u021bionat\u0103 de calibrul 9011 PI scheletat, frumos gravat, cu o mi\u0219care de \u00eenf\u0103\u0219urare manual\u0103 cu o rezerv\u0103 de putere de 38 de ore, care poate fi vizualizat\u0103 prin spatele carcasei din sticl\u0103.<\/p>\n<p>Toate cele trei variante ale acestei serii de modele sunt limitate la 400 de piese pentru fiecare variant\u0103 de cadran, cu num\u0103rul de limitare corespunz\u0103tor pe cadran.<\/p>\n<p>Disponibil \u00een variantele 056\/400, 066\/400.<\/p>","protected":false},"excerpt":{"rendered":"<p>Tsarul Nicolae al II-lea este \u00eenconjurat de numeroase legende \u0219i zvonuri contradictorii. Cu toate acestea, un lucru este clar pentru istorici &#8211; el a fost un om educat \u0219i bun la suflet, care \u0219i-a iubit cu adev\u0103rat familia \u0219i Rusia. Aceast\u0103 nou\u0103 serie este dedicat\u0103 memoriei lui Nicolae al II-lea \u0219i vine \u00eentr-o nou\u0103 palet\u0103 [&hellip;]<\/p>\n","protected":false},"featured_media":43906,"comment_status":"closed","ping_status":"open","template":"","meta":{"_acf_changed":false},"product_brand":[],"product_cat":[20,106,205,569],"product_tag":[],"class_list":{"0":"post-43905","1":"product","2":"type-product","3":"status-publish","4":"has-post-thumbnail","6":"product_cat-ceasuri-barbati","7":"product_cat-ceasuri-premium","8":"product_cat-limited-edition","9":"product_cat-poljot-international","10":"pa_brand-poljot-international","11":"pa_braslet-piele","12":"pa_corpus-43-mm","13":"pa_forma-rotund","14":"pa_funcii-schelet","15":"pa_garatia-24-luni","16":"pa_korpus-negru","17":"pa_material-otel-inoxidabil","18":"pa_mehanizm-bobinaj-manual","19":"pa_mehanizm-mecanic","20":"pa_remeshok-negru","21":"pa_steklo-cristal-safir","22":"pa_strana-germania","23":"pa_voda-5-atm","25":"first","26":"instock","27":"purchasable","28":"product-type-simple"},"acf":[],"_links":{"self":[{"href":"https:\/\/ceasuri.md\/ru\/wp-json\/wp\/v2\/product\/43905","targetHints":{"allow":["GET"]}}],"collection":[{"href":"https:\/\/ceasuri.md\/ru\/wp-json\/wp\/v2\/product"}],"about":[{"href":"https:\/\/ceasuri.md\/ru\/wp-json\/wp\/v2\/types\/product"}],"replies":[{"embeddable":true,"href":"https:\/\/ceasuri.md\/ru\/wp-json\/wp\/v2\/comments?post=43905"}],"wp:featuredmedia":[{"embeddable":true,"href":"https:\/\/ceasuri.md\/ru\/wp-json\/wp\/v2\/media\/43906"}],"wp:attachment":[{"href":"https:\/\/ceasuri.md\/ru\/wp-json\/wp\/v2\/media?parent=43905"}],"wp:term":[{"taxonomy":"product_brand","embeddable":true,"href":"https:\/\/ceasuri.md\/ru\/wp-json\/wp\/v2\/product_brand?post=43905"},{"taxonomy":"product_cat","embeddable":true,"href":"https:\/\/ceasuri.md\/ru\/wp-json\/wp\/v2\/product_cat?post=43905"},{"taxonomy":"product_tag","embeddable":true,"href":"https:\/\/ceasuri.md\/ru\/wp-json\/wp\/v2\/product_tag?post=43905"}],"curies":[{"name":"wp","href":"https:\/\/api.w.org\/{rel}","templated":true}]}}