{"id":43865,"date":"2026-04-02T22:16:21","date_gmt":"2026-04-02T19:16:21","guid":{"rendered":"http:\/\/new.ceasuri.md\/shop\/uncategorized\/poljot-international-beringo-le-9910-1942213m\/"},"modified":"2026-04-20T00:37:43","modified_gmt":"2026-04-19T21:37:43","slug":"poljot-international-beringo-le-9910-1942213m","status":"publish","type":"product","link":"https:\/\/ceasuri.md\/ru\/shop\/branduri\/poljot-international\/poljot-international-beringo-le-9910-1942213m\/","title":{"rendered":"\u0427\u0430\u0441\u044b POLJOT INTERNATIONAL BERINGO LE 9910.1942213M"},"content":{"rendered":"<p>Numele modelului nobil &#8222;Beringo&#8221; provine de la celebrul explorator danez Vitus Bering (secolul al XVIII-lea), care a lucrat pentru \u021barii ru\u0219i pentru a descoperi noi \u021binuturi \u0219i rute maritime pentru Imperiul Rus. Marea dintre Rusia \u0219i SUA (Alaska), de exemplu, este denumit\u0103 \u00een onoarea sa: Marea Bering.<\/p>\n<p>Acest nume nu a fost ales \u00eent\u00e2mpl\u0103tor pentru noul model. El \u00eentruchipeaz\u0103 spiritul, ideea \u0219i filosofia acestui model \u0219i a m\u0103rcii Poljot-Intenational. Sufletul rus folose\u0219te resurse \u0219i facilit\u0103\u021bi interna\u021bionale pentru a ob\u021bine doar ce este mai bun. A\u0219a c\u0103 am pus o liter\u0103 \u00een plus &#8222;O!&#8221; la sf\u00e2r\u0219itul numelui \u0219i rezultatul a fost numele &#8222;Beringo&#8221;. &#8222;O&#8221; este o liter\u0103 de uimire \u0219i evoc\u0103 emo\u021bii, la fel ca acest model.<\/p>\n<p>Deschiderile relativ mari cu carcasele placate cu argint, aur \u0219i negru \u0219i p\u0103r\u021bile mi\u0219c\u0103rii din scheletul decorat &#8222;comunic\u0103&#8221; f\u0103r\u0103 probleme cu culorile clare \u0219i moderne \u0219i cu br\u0103\u021b\u0103rile speciale. Arunca\u021bi o privire la detaliile mi\u0219c\u0103rii \u0219i cadranului, la m\u00e2ini \u0219i la br\u0103\u021bar\u0103. Totul se potrive\u0219te armonios.<\/p>\n<p>Mi\u0219carea utilizat\u0103 pentru acest model este o mi\u0219care cu schelet special, care este diferit\u0103 de celelalte. Este prelucrat\u0103 corespunz\u0103tor \u0219i adaptat\u0103 la standardul de calitate. Este foarte robust\u0103 \u0219i fiabil\u0103.<\/p>\n<p>Pentru carcas\u0103, este utilizat\u0103 una dintre carcasele tradi\u021bionale \u0219i bine cunoscute de la Poljot-International. Acest nou model v\u0103 ofer\u0103 senza\u021bia de a fi \u00een vremurile vechi, tradi\u021bionale, dar cu echipamente moderne.<\/p>\n<p>Modelul a fost lansat \u00eentr-o serie limitat\u0103 de 400 de buc\u0103\u021bi. Sunt disponibile modelele cu nr. 103, 108, 109.<\/p>","protected":false},"excerpt":{"rendered":"<p>Numele modelului nobil &#8222;Beringo&#8221; provine de la celebrul explorator danez Vitus Bering (secolul al XVIII-lea), care a lucrat pentru \u021barii ru\u0219i pentru a descoperi noi \u021binuturi \u0219i rute maritime pentru Imperiul Rus. Marea dintre Rusia \u0219i SUA (Alaska), de exemplu, este denumit\u0103 \u00een onoarea sa: Marea Bering. Acest nume nu a fost ales \u00eent\u00e2mpl\u0103tor pentru [&hellip;]<\/p>\n","protected":false},"featured_media":43866,"comment_status":"closed","ping_status":"open","template":"","meta":{"_acf_changed":false},"product_brand":[],"product_cat":[20,106,205,569],"product_tag":[],"class_list":{"0":"post-43865","1":"product","2":"type-product","3":"status-publish","4":"has-post-thumbnail","6":"product_cat-ceasuri-barbati","7":"product_cat-ceasuri-premium","8":"product_cat-limited-edition","9":"product_cat-poljot-international","10":"pa_brand-poljot-international","11":"pa_braslet-otel-inoxidabil","12":"pa_corpus-43-mm","13":"pa_forma-rotund","14":"pa_funcii-limited-edition","15":"pa_funcii-schelet","16":"pa_garatia-24-luni","17":"pa_korpus-negru","18":"pa_material-otel-inoxidabil","19":"pa_mehanizm-bobinaj-manual","20":"pa_mehanizm-mecanic","21":"pa_remeshok-negru","22":"pa_steklo-cristal-safir","23":"pa_strana-germania","24":"pa_voda-5-atm","26":"first","27":"instock","28":"purchasable","29":"product-type-simple"},"acf":[],"_links":{"self":[{"href":"https:\/\/ceasuri.md\/ru\/wp-json\/wp\/v2\/product\/43865","targetHints":{"allow":["GET"]}}],"collection":[{"href":"https:\/\/ceasuri.md\/ru\/wp-json\/wp\/v2\/product"}],"about":[{"href":"https:\/\/ceasuri.md\/ru\/wp-json\/wp\/v2\/types\/product"}],"replies":[{"embeddable":true,"href":"https:\/\/ceasuri.md\/ru\/wp-json\/wp\/v2\/comments?post=43865"}],"wp:featuredmedia":[{"embeddable":true,"href":"https:\/\/ceasuri.md\/ru\/wp-json\/wp\/v2\/media\/43866"}],"wp:attachment":[{"href":"https:\/\/ceasuri.md\/ru\/wp-json\/wp\/v2\/media?parent=43865"}],"wp:term":[{"taxonomy":"product_brand","embeddable":true,"href":"https:\/\/ceasuri.md\/ru\/wp-json\/wp\/v2\/product_brand?post=43865"},{"taxonomy":"product_cat","embeddable":true,"href":"https:\/\/ceasuri.md\/ru\/wp-json\/wp\/v2\/product_cat?post=43865"},{"taxonomy":"product_tag","embeddable":true,"href":"https:\/\/ceasuri.md\/ru\/wp-json\/wp\/v2\/product_tag?post=43865"}],"curies":[{"name":"wp","href":"https:\/\/api.w.org\/{rel}","templated":true}]}}