{"id":43857,"date":"2022-09-15T22:49:00","date_gmt":"2022-09-15T19:49:00","guid":{"rendered":"http:\/\/new.ceasuri.md\/shop\/uncategorized\/casio-collection-mq-24-7blleg\/"},"modified":"2026-05-06T15:33:34","modified_gmt":"2026-05-06T12:33:34","slug":"casio-collection-mq-24-7blleg","status":"publish","type":"product","link":"https:\/\/ceasuri.md\/ru\/shop\/branduri\/casio\/casio-collection-mq-24-7blleg\/","title":{"rendered":"\u0427\u0430\u0441\u044b CASIO COLLECTION MQ-24-7BLLEG"},"content":{"rendered":"<p>Un design delicat de epoc\u0103 v\u0103 va face s\u0103 ar\u0103ta\u021bi elegant \u00een fiecare zi.<\/p>\n<p>Mi\u0219care precis\u0103 cu cuar\u021b.<\/p>\n<p>M\u00e2n\u0103 secundar\u0103 central\u0103.<\/p>\n<p>Curea din polimer.<\/p>","protected":false},"excerpt":{"rendered":"<p>Un design delicat de epoc\u0103 v\u0103 va face s\u0103 ar\u0103ta\u021bi elegant \u00een fiecare zi. Mi\u0219care precis\u0103 cu cuar\u021b. M\u00e2n\u0103 secundar\u0103 central\u0103. Curea din polimer.<\/p>","protected":false},"featured_media":43858,"comment_status":"closed","ping_status":"open","template":"","meta":{"_acf_changed":false},"product_brand":[],"product_cat":[27,20,25],"product_tag":[],"class_list":{"0":"post-43857","1":"product","2":"type-product","3":"status-publish","4":"has-post-thumbnail","6":"product_cat-casio","7":"product_cat-ceasuri-barbati","8":"product_cat-ceasuri-dama","9":"pa_brand-casio","10":"pa_braslet-plastic","11":"pa_corpus-39-mm","12":"pa_forma-rotund","13":"pa_garatia-24-luni","14":"pa_korpus-negru","15":"pa_kvarc-quartz","16":"pa_material-plastic","17":"pa_mehanizm-quartz","18":"pa_remeshok-negru","19":"pa_steklo-plastic","20":"pa_strana-japonia","21":"pa_voda-3-atm","23":"first","24":"instock","25":"purchasable","26":"product-type-simple"},"acf":[],"_links":{"self":[{"href":"https:\/\/ceasuri.md\/ru\/wp-json\/wp\/v2\/product\/43857","targetHints":{"allow":["GET"]}}],"collection":[{"href":"https:\/\/ceasuri.md\/ru\/wp-json\/wp\/v2\/product"}],"about":[{"href":"https:\/\/ceasuri.md\/ru\/wp-json\/wp\/v2\/types\/product"}],"replies":[{"embeddable":true,"href":"https:\/\/ceasuri.md\/ru\/wp-json\/wp\/v2\/comments?post=43857"}],"wp:featuredmedia":[{"embeddable":true,"href":"https:\/\/ceasuri.md\/ru\/wp-json\/wp\/v2\/media\/43858"}],"wp:attachment":[{"href":"https:\/\/ceasuri.md\/ru\/wp-json\/wp\/v2\/media?parent=43857"}],"wp:term":[{"taxonomy":"product_brand","embeddable":true,"href":"https:\/\/ceasuri.md\/ru\/wp-json\/wp\/v2\/product_brand?post=43857"},{"taxonomy":"product_cat","embeddable":true,"href":"https:\/\/ceasuri.md\/ru\/wp-json\/wp\/v2\/product_cat?post=43857"},{"taxonomy":"product_tag","embeddable":true,"href":"https:\/\/ceasuri.md\/ru\/wp-json\/wp\/v2\/product_tag?post=43857"}],"curies":[{"name":"wp","href":"https:\/\/api.w.org\/{rel}","templated":true}]}}