{"id":43844,"date":"2026-04-02T22:16:21","date_gmt":"2026-04-02T19:16:21","guid":{"rendered":"http:\/\/new.ceasuri.md\/shop\/uncategorized\/casio-g-shock-gst-b100d-1aer\/"},"modified":"2026-04-07T04:09:14","modified_gmt":"2026-04-07T01:09:14","slug":"casio-g-shock-gst-b100d-1aer","status":"publish","type":"product","link":"https:\/\/ceasuri.md\/ru\/shop\/branduri\/casio\/casio-g-shock-gst-b100d-1aer\/","title":{"rendered":"Ceas CASIO G-SHOCK GST-B100D-1AER"},"content":{"rendered":"<p>Un model echipat cu un cronograf analogic \u0219i o band\u0103 din o\u021bel inoxidabil pur, proiectat\u0103 cu un motiv de palete grele de motor cu reac\u021bie.<\/p>\n<p>Un motor cu bobin\u0103 dubl\u0103 \u00eentr-un cadran cu disc rotativ plasat la ora 9 mi\u0219c\u0103 lamelele cadranului \u0219i eman\u0103 o frumuse\u021be func\u021bional\u0103. Pe l\u00e2ng\u0103 func\u021bia de pornire\/oprire a alarmei \u0219i utilizarea rota\u021biei pentru a afi\u0219a cronometrul etc., acesta func\u021bioneaz\u0103 \u0219i ca indicator al bateriei.<\/p>\n<p>Structura de protec\u021bie a stratului \u0219i tehnologia de montare de \u00eenalt\u0103 densitate au permis ca modulul s\u0103 fie mai mic \u0219i mai sub\u021bire, \u00eembun\u0103t\u0103\u021bind portabilitatea \u0219i calitatea general\u0103 a ceasului.<\/p>\n<p>De asemenea, este echipat cu conectivitate Bluetooth\u00ae care permite achizi\u021bionarea exact\u0103 a timpului prin intermediul smartphone-ului.<\/p>\n<p>Func\u021bia Tough Solar \u00eei permite s\u0103 func\u021bioneze \u00een mod stabil \u0219i este.  De asemenea, echipat cu func\u021bii practice, cum ar fi LED-uri cu luminozitate ridicat\u0103 \u0219i ceasul mondial.<\/p>","protected":false},"excerpt":{"rendered":"<p>Un model echipat cu un cronograf analogic \u0219i o band\u0103 din o\u021bel inoxidabil pur, proiectat\u0103 cu un motiv de palete grele de motor cu reac\u021bie. Un motor cu bobin\u0103 dubl\u0103 \u00eentr-un cadran cu disc rotativ plasat la ora 9 mi\u0219c\u0103 lamelele cadranului \u0219i eman\u0103 o frumuse\u021be func\u021bional\u0103. Pe l\u00e2ng\u0103 func\u021bia de pornire\/oprire a alarmei \u0219i [&hellip;]<\/p>\n","protected":false},"featured_media":43845,"comment_status":"closed","ping_status":"open","template":"","meta":{"_acf_changed":false},"product_brand":[],"product_cat":[27,20,419],"product_tag":[],"class_list":{"0":"post-43844","1":"product","2":"type-product","3":"status-publish","4":"has-post-thumbnail","6":"product_cat-casio","7":"product_cat-ceasuri-barbati","8":"product_cat-g-shock","9":"pa_brand-casio","10":"pa_brand-g-shock","11":"pa_braslet-otel-inoxidabil","12":"pa_corpus-54-mm","13":"pa_forma-rotund","14":"pa_funcii-alarma","15":"pa_funcii-bluetooth-smart","16":"pa_funcii-calendar","17":"pa_funcii-cronometru","18":"pa_funcii-dual-time","19":"pa_funcii-iluminare","20":"pa_funcii-rezerva-de-energie","21":"pa_funcii-ziua-saptamanii","22":"pa_garatia-24-luni","23":"pa_korpus-argintiu","24":"pa_material-otel-inoxidabil-periat","25":"pa_material-plastic","26":"pa_mehanizm-baterie-solara","27":"pa_remeshok-argintiu","28":"pa_steklo-cristal-mineral","29":"pa_strana-japonia","30":"pa_voda-20-atm","32":"first","33":"instock","34":"purchasable","35":"product-type-simple"},"acf":[],"_links":{"self":[{"href":"https:\/\/ceasuri.md\/ru\/wp-json\/wp\/v2\/product\/43844","targetHints":{"allow":["GET"]}}],"collection":[{"href":"https:\/\/ceasuri.md\/ru\/wp-json\/wp\/v2\/product"}],"about":[{"href":"https:\/\/ceasuri.md\/ru\/wp-json\/wp\/v2\/types\/product"}],"replies":[{"embeddable":true,"href":"https:\/\/ceasuri.md\/ru\/wp-json\/wp\/v2\/comments?post=43844"}],"wp:featuredmedia":[{"embeddable":true,"href":"https:\/\/ceasuri.md\/ru\/wp-json\/wp\/v2\/media\/43845"}],"wp:attachment":[{"href":"https:\/\/ceasuri.md\/ru\/wp-json\/wp\/v2\/media?parent=43844"}],"wp:term":[{"taxonomy":"product_brand","embeddable":true,"href":"https:\/\/ceasuri.md\/ru\/wp-json\/wp\/v2\/product_brand?post=43844"},{"taxonomy":"product_cat","embeddable":true,"href":"https:\/\/ceasuri.md\/ru\/wp-json\/wp\/v2\/product_cat?post=43844"},{"taxonomy":"product_tag","embeddable":true,"href":"https:\/\/ceasuri.md\/ru\/wp-json\/wp\/v2\/product_tag?post=43844"}],"curies":[{"name":"wp","href":"https:\/\/api.w.org\/{rel}","templated":true}]}}