{"id":43832,"date":"2026-04-02T22:16:21","date_gmt":"2026-04-02T19:16:21","guid":{"rendered":"http:\/\/new.ceasuri.md\/shop\/uncategorized\/casio-g-shock-gma-b800-1a\/"},"modified":"2026-04-20T00:08:13","modified_gmt":"2026-04-19T21:08:13","slug":"casio-g-shock-gma-b800-1a","status":"publish","type":"product","link":"https:\/\/ceasuri.md\/ru\/shop\/branduri\/casio\/casio-g-shock-gma-b800-1a\/","title":{"rendered":"\u0427\u0430\u0441\u044b CASIO G-SHOCK GMA-B800-1A"},"content":{"rendered":"<p>Acesta este ceas compact \u0219i u\u0219or de purtat, care este prev\u0103zut cu un pedometru \u0219i o func\u021bie de cronometru cu num\u0103r\u0103toare invers\u0103 pentru m\u0103surarea intervalelor.<\/p>\n<p>Acesta include o mul\u021bime de func\u021bii care se dovedesc utile \u00een gestionarea s\u0103n\u0103t\u0103\u021bii \u0219i \u00een sesiunile de antrenament de zi cu zi, iar designul f\u0103r\u0103 gen a fost f\u0103cut at\u00e2t de compact \u00eenc\u00e2t se potrive\u0219te chiar \u0219i celor mai sub\u021biri bra\u021be.<\/p>\n<p>Din punct de vedere func\u021bional, accelerometrul cu trei axe m\u0103soar\u0103 num\u0103rul de pa\u0219i f\u0103cu\u021bi \u00een fiecare zi \u0219i \u021bine eviden\u021ba pa\u0219ilor \u0219i a ritmului de mers.<\/p>\n<p>Comunicarea Bluetooth\u00ae conecteaz\u0103 ceasul la smartphone, permi\u021b\u00e2ndu-v\u0103 s\u0103 utiliza\u021bi aplica\u021bia dedicat\u0103 CASIO WATCHES pentru a verifica pa\u0219ii zilnici \u0219i num\u0103rul de calorii pe care le-a\u021bi ars.<\/p>","protected":false},"excerpt":{"rendered":"<p>Acesta este ceas compact \u0219i u\u0219or de purtat, care este prev\u0103zut cu un pedometru \u0219i o func\u021bie de cronometru cu num\u0103r\u0103toare invers\u0103 pentru m\u0103surarea intervalelor. Acesta include o mul\u021bime de func\u021bii care se dovedesc utile \u00een gestionarea s\u0103n\u0103t\u0103\u021bii \u0219i \u00een sesiunile de antrenament de zi cu zi, iar designul f\u0103r\u0103 gen a fost f\u0103cut at\u00e2t [&hellip;]<\/p>\n","protected":false},"featured_media":43833,"comment_status":"closed","ping_status":"open","template":"","meta":{"_acf_changed":false},"product_brand":[],"product_cat":[27,20,25,419],"product_tag":[],"class_list":{"0":"post-43832","1":"product","2":"type-product","3":"status-publish","4":"has-post-thumbnail","6":"product_cat-casio","7":"product_cat-ceasuri-barbati","8":"product_cat-ceasuri-dama","9":"product_cat-g-shock","10":"pa_brand-casio","11":"pa_brand-g-shock","12":"pa_braslet-plastic","13":"pa_corpus-45-mm","14":"pa_forma-rotund","15":"pa_funcii-accelerometru","16":"pa_funcii-alarma","17":"pa_funcii-bluetooth-smart","18":"pa_funcii-calendar","19":"pa_funcii-cronometru","20":"pa_funcii-dual-time","21":"pa_funcii-iluminare","22":"pa_funcii-pedometru","23":"pa_garatia-24-luni","24":"pa_korpus-negru","25":"pa_korpus-roz-gold","26":"pa_kvarc-quartz","27":"pa_material-plastic","28":"pa_mehanizm-electronic","29":"pa_mehanizm-quartz","30":"pa_remeshok-negru","31":"pa_steklo-cristal-mineral","32":"pa_strana-japonia","33":"pa_voda-20-atm","35":"first","36":"instock","37":"purchasable","38":"product-type-simple"},"acf":[],"_links":{"self":[{"href":"https:\/\/ceasuri.md\/ru\/wp-json\/wp\/v2\/product\/43832","targetHints":{"allow":["GET"]}}],"collection":[{"href":"https:\/\/ceasuri.md\/ru\/wp-json\/wp\/v2\/product"}],"about":[{"href":"https:\/\/ceasuri.md\/ru\/wp-json\/wp\/v2\/types\/product"}],"replies":[{"embeddable":true,"href":"https:\/\/ceasuri.md\/ru\/wp-json\/wp\/v2\/comments?post=43832"}],"wp:featuredmedia":[{"embeddable":true,"href":"https:\/\/ceasuri.md\/ru\/wp-json\/wp\/v2\/media\/43833"}],"wp:attachment":[{"href":"https:\/\/ceasuri.md\/ru\/wp-json\/wp\/v2\/media?parent=43832"}],"wp:term":[{"taxonomy":"product_brand","embeddable":true,"href":"https:\/\/ceasuri.md\/ru\/wp-json\/wp\/v2\/product_brand?post=43832"},{"taxonomy":"product_cat","embeddable":true,"href":"https:\/\/ceasuri.md\/ru\/wp-json\/wp\/v2\/product_cat?post=43832"},{"taxonomy":"product_tag","embeddable":true,"href":"https:\/\/ceasuri.md\/ru\/wp-json\/wp\/v2\/product_tag?post=43832"}],"curies":[{"name":"wp","href":"https:\/\/api.w.org\/{rel}","templated":true}]}}