{"id":43814,"date":"2026-04-02T22:16:21","date_gmt":"2026-04-02T19:16:21","guid":{"rendered":"http:\/\/new.ceasuri.md\/shop\/uncategorized\/casio-g-shock-gbd-800uc-8er\/"},"modified":"2026-04-20T00:08:07","modified_gmt":"2026-04-19T21:08:07","slug":"casio-g-shock-gbd-800uc-8er","status":"publish","type":"product","link":"https:\/\/ceasuri.md\/ru\/shop\/branduri\/casio\/casio-g-shock-gbd-800uc-8er\/","title":{"rendered":"Ceas CASIO G-SHOCK GBD-800UC-8ER"},"content":{"rendered":"<p>Un ceas multifunc\u021bional cu un design elegant &#8211; alegerea celor activi \u0219i hot\u0103r\u00e2\u021bi. Modelele din aceast\u0103 serie dispun de afi\u0219aje digitale multi-segment pentru o lizibilitate \u00eembun\u0103t\u0103\u021bit\u0103. Fiecare zon\u0103 de afi\u0219are arat\u0103 diferite m\u0103sur\u0103tori, cronometrare \u0219i alte informa\u021bii.<\/p>\n<p>Carcasa rezistent\u0103 la \u0219ocuri protejeaz\u0103 mecanismul de \u0219ocuri \u0219i vibra\u021bii. Iluminare automat\u0103 cu LED &#8211; C\u00e2nd \u00eentoarce\u021bi ceasul spre fa\u021b\u0103, afi\u0219ajul se ilumineaz\u0103 automat. Culoarea luminii de fundal: alb.<\/p>\n<p>Accelerometrul cu 3 axe \u00eencepe automat s\u0103 numere pa\u0219ii pe afi\u0219aj atunci c\u00e2nd \u00eencepe\u021bi s\u0103 alerga\u021bi sau s\u0103 v\u0103 angaja\u021bi \u00een alte activit\u0103\u021bi \u00een timp ce purta\u021bi ceasul. Memento sonor de neactivitate \u0219i de atingere a obiectivului.<\/p>\n<p>Tehnologie wireless Bluetooth\u00ae 4.0 cu consum ultra-redus de energie pentru sincronizarea cu smartphone-ul. Aplica\u021bia G-SHOCK Connected Phone v\u0103 permite s\u0103 personaliza\u021bi set\u0103rile pentru \u00eenregistrarea contorului de pa\u0219i cu cinci niveluri de intensitate a exerci\u021biilor, s\u0103 calcula\u021bi caloriile arse \u0219i pa\u0219ii. Atunci c\u00e2nd este conectat la un smartphone, ceasul ajusteaz\u0103 ora curent\u0103 de 4 ori pe zi \u0219i copiaz\u0103 set\u0103rile orei mondiale. Ora mondial\u0103 &#8211; 300 de ora\u0219e. Afi\u0219area simultan\u0103 a orei curente \u00een dou\u0103 fusuri orare diferite.<\/p>\n<p>Format al orei de 12 \u0219i 24 de ore. Cronometru cu dou\u0103 citiri de precizie: 1\/100s (\u00eenainte de 1h) \u0219i 1s (dup\u0103 1h) \u0219i timp de m\u0103surare de 24h. Memorie pentru 200 de pa\u0219i (dat\u0103, or\u0103, timp pe tur). Cronometru cu num\u0103r\u0103toare invers\u0103 de la 1min la 1h cu repetare automat\u0103.<\/p>\n<p>Func\u021bie de c\u0103utare telefon. Func\u021bie mut\/unmute.<\/p>","protected":false},"excerpt":{"rendered":"<p>Un ceas multifunc\u021bional cu un design elegant &#8211; alegerea celor activi \u0219i hot\u0103r\u00e2\u021bi. Modelele din aceast\u0103 serie dispun de afi\u0219aje digitale multi-segment pentru o lizibilitate \u00eembun\u0103t\u0103\u021bit\u0103. Fiecare zon\u0103 de afi\u0219are arat\u0103 diferite m\u0103sur\u0103tori, cronometrare \u0219i alte informa\u021bii. Carcasa rezistent\u0103 la \u0219ocuri protejeaz\u0103 mecanismul de \u0219ocuri \u0219i vibra\u021bii. Iluminare automat\u0103 cu LED &#8211; C\u00e2nd \u00eentoarce\u021bi ceasul [&hellip;]<\/p>\n","protected":false},"featured_media":43815,"comment_status":"closed","ping_status":"open","template":"","meta":{"_acf_changed":false},"product_brand":[],"product_cat":[27,20,419],"product_tag":[],"class_list":{"0":"post-43814","1":"product","2":"type-product","3":"status-publish","4":"has-post-thumbnail","6":"product_cat-casio","7":"product_cat-ceasuri-barbati","8":"product_cat-g-shock","9":"pa_brand-casio","10":"pa_brand-g-shock","11":"pa_braslet-plastic","12":"pa_corpus-49-mm","13":"pa_forma-rotund","14":"pa_funcii-accelerometru","15":"pa_funcii-alarma","16":"pa_funcii-bluetooth-smart","17":"pa_funcii-calendar","18":"pa_funcii-cronometru","19":"pa_funcii-dual-time","20":"pa_funcii-iluminare","21":"pa_funcii-pedometru","22":"pa_garatia-24-luni","23":"pa_korpus-gri","24":"pa_kvarc-quartz","25":"pa_material-plastic","26":"pa_mehanizm-electronic","27":"pa_remeshok-gri","28":"pa_steklo-cristal-mineral","29":"pa_strana-japonia","30":"pa_voda-20-atm","32":"first","33":"instock","34":"purchasable","35":"product-type-simple"},"acf":[],"_links":{"self":[{"href":"https:\/\/ceasuri.md\/ru\/wp-json\/wp\/v2\/product\/43814","targetHints":{"allow":["GET"]}}],"collection":[{"href":"https:\/\/ceasuri.md\/ru\/wp-json\/wp\/v2\/product"}],"about":[{"href":"https:\/\/ceasuri.md\/ru\/wp-json\/wp\/v2\/types\/product"}],"replies":[{"embeddable":true,"href":"https:\/\/ceasuri.md\/ru\/wp-json\/wp\/v2\/comments?post=43814"}],"wp:featuredmedia":[{"embeddable":true,"href":"https:\/\/ceasuri.md\/ru\/wp-json\/wp\/v2\/media\/43815"}],"wp:attachment":[{"href":"https:\/\/ceasuri.md\/ru\/wp-json\/wp\/v2\/media?parent=43814"}],"wp:term":[{"taxonomy":"product_brand","embeddable":true,"href":"https:\/\/ceasuri.md\/ru\/wp-json\/wp\/v2\/product_brand?post=43814"},{"taxonomy":"product_cat","embeddable":true,"href":"https:\/\/ceasuri.md\/ru\/wp-json\/wp\/v2\/product_cat?post=43814"},{"taxonomy":"product_tag","embeddable":true,"href":"https:\/\/ceasuri.md\/ru\/wp-json\/wp\/v2\/product_tag?post=43814"}],"curies":[{"name":"wp","href":"https:\/\/api.w.org\/{rel}","templated":true}]}}