{"id":43809,"date":"2026-04-02T22:16:21","date_gmt":"2026-04-02T19:16:21","guid":{"rendered":"http:\/\/new.ceasuri.md\/shop\/uncategorized\/casio-g-shock-gba-800-1aer\/"},"modified":"2026-04-07T04:09:10","modified_gmt":"2026-04-07T01:09:10","slug":"casio-g-shock-gba-800-1aer","status":"publish","type":"product","link":"https:\/\/ceasuri.md\/ru\/shop\/branduri\/casio\/casio-g-shock-gba-800-1aer\/","title":{"rendered":"Ceas CASIO G-SHOCK GBA-800-1AER"},"content":{"rendered":"<p>Ceasul G-Shock cu tracker de activitate este potrivit at\u00e2t pentru un stil de via\u021b\u0103 casual, fiind un accesoriu colorat \u0219i cool, c\u00e2t \u0219i un dispozitiv utilitar pentru antrenamentele zilnice sau jogging.<\/p>\n<p>Retroiluminarea cu dou\u0103 LED-uri lumineaz\u0103 nu numai ecranul LCD, ci \u0219i \u00eentregul cadran, iar \u00een cazul \u00een care lumina este insuficient\u0103 \u00een timp ce rote\u0219ti \u00eencheietura m\u00e2inii spre fa\u021b\u0103, retroiluminarea este pornit\u0103 automat. Stratul de neobrit\u0103 care absoarbe lumina continu\u0103 s\u0103 str\u0103luceasc\u0103 \u00een \u00eentuneric chiar \u0219i dup\u0103 o scurt\u0103 perioad\u0103 de timp \u00een lumin\u0103.<\/p>\n<p>Pedometrul m\u0103soar\u0103 num\u0103rul de pa\u0219i de la 0 la 999999. Afi\u0219are grafic\u0103 a pa\u0219ilor parcur\u0219i \u00een ultimele 11h. Istoric al datelor zilnice timp de 8 zile, al datelor s\u0103pt\u0103m\u00e2nale timp de 4 s\u0103pt\u0103m\u00e2ni. Setarea obiectivelor de la 1000 la 50.000. Reamintire sonor\u0103 a inactivit\u0103\u021bii \u0219i a atingerii obiectivului.<\/p>\n<p>Tehnologie wireless Bluetooth\u00ae 4.0 cu consum ultra-redus de energie pentru sincronizarea cu smartphone-ul dvs. Atunci c\u00e2nd este conectat la un smartphone, ceasul ajusteaz\u0103 ora curent\u0103 \u0219i copiaz\u0103, de asemenea, set\u0103rile orei mondiale. Aplica\u021bia G-SHOCK Connected Phone v\u0103 permite s\u0103 personaliza\u021bi set\u0103rile pentru un jurnal de contorizare a pa\u0219ilor cu cinci niveluri de intensitate a exerci\u021biilor fizice, s\u0103 calcula\u021bi caloriile arse \u0219i pa\u0219ii. De asemenea, aplica\u021bia v\u0103 permite s\u0103 crea\u021bi combina\u021bii de cronometre \u0219i s\u0103 le trimite\u021bi la ceas, s\u0103 stoca\u021bi m\u0103sur\u0103torile cronometrului \u0219i s\u0103 vizualiza\u021bi datele<\/p>\n<p>.<\/p>\n<p>Ora mondial\u0103 &#8211; 300 de ora\u0219e. Afi\u0219area simultan\u0103 a orei curente \u00een dou\u0103 fusuri orare diferite. Format de timp de 12 \u0219i 24 de ore.<\/p>\n<p>Cronometru cu dou\u0103 citiri de precizie: 1\/100s (\u00eenainte de 1h) \u0219i 1s (dup\u0103 1h) \u0219i timp de m\u0103surare de 24h. Memorie pentru 200 de pa\u0219i (dat\u0103, or\u0103, timp pe tur). Posibilitatea de a seta 10 cronometre \u021bint\u0103. Cronometru cu num\u0103r\u0103toare invers\u0103 de la 1min la 1h cu repeti\u021bie automat\u0103.<\/p>\n<p>Func\u021bie de mute\/dezactivare a sunetului.<\/p>","protected":false},"excerpt":{"rendered":"<p>Ceasul G-Shock cu tracker de activitate este potrivit at\u00e2t pentru un stil de via\u021b\u0103 casual, fiind un accesoriu colorat \u0219i cool, c\u00e2t \u0219i un dispozitiv utilitar pentru antrenamentele zilnice sau jogging. Retroiluminarea cu dou\u0103 LED-uri lumineaz\u0103 nu numai ecranul LCD, ci \u0219i \u00eentregul cadran, iar \u00een cazul \u00een care lumina este insuficient\u0103 \u00een timp ce [&hellip;]<\/p>\n","protected":false},"featured_media":43810,"comment_status":"closed","ping_status":"open","template":"","meta":{"_acf_changed":false},"product_brand":[],"product_cat":[27,20,419],"product_tag":[],"class_list":{"0":"post-43809","1":"product","2":"type-product","3":"status-publish","4":"has-post-thumbnail","6":"product_cat-casio","7":"product_cat-ceasuri-barbati","8":"product_cat-g-shock","9":"pa_brand-casio","10":"pa_brand-g-shock","11":"pa_braslet-plastic","12":"pa_corpus-49-mm","13":"pa_forma-rotund","14":"pa_funcii-accelerometru","15":"pa_funcii-alarma","16":"pa_funcii-bluetooth-smart","17":"pa_funcii-calendar","18":"pa_funcii-cronometru","19":"pa_funcii-dual-time","20":"pa_funcii-iluminare","21":"pa_garatia-24-luni","22":"pa_korpus-negru","23":"pa_material-plastic","24":"pa_mehanizm-electronic","25":"pa_mehanizm-quartz","26":"pa_remeshok-negru","27":"pa_steklo-cristal-mineral","28":"pa_strana-japonia","29":"pa_voda-20-atm","31":"first","32":"instock","33":"purchasable","34":"product-type-simple"},"acf":[],"_links":{"self":[{"href":"https:\/\/ceasuri.md\/ru\/wp-json\/wp\/v2\/product\/43809","targetHints":{"allow":["GET"]}}],"collection":[{"href":"https:\/\/ceasuri.md\/ru\/wp-json\/wp\/v2\/product"}],"about":[{"href":"https:\/\/ceasuri.md\/ru\/wp-json\/wp\/v2\/types\/product"}],"replies":[{"embeddable":true,"href":"https:\/\/ceasuri.md\/ru\/wp-json\/wp\/v2\/comments?post=43809"}],"wp:featuredmedia":[{"embeddable":true,"href":"https:\/\/ceasuri.md\/ru\/wp-json\/wp\/v2\/media\/43810"}],"wp:attachment":[{"href":"https:\/\/ceasuri.md\/ru\/wp-json\/wp\/v2\/media?parent=43809"}],"wp:term":[{"taxonomy":"product_brand","embeddable":true,"href":"https:\/\/ceasuri.md\/ru\/wp-json\/wp\/v2\/product_brand?post=43809"},{"taxonomy":"product_cat","embeddable":true,"href":"https:\/\/ceasuri.md\/ru\/wp-json\/wp\/v2\/product_cat?post=43809"},{"taxonomy":"product_tag","embeddable":true,"href":"https:\/\/ceasuri.md\/ru\/wp-json\/wp\/v2\/product_tag?post=43809"}],"curies":[{"name":"wp","href":"https:\/\/api.w.org\/{rel}","templated":true}]}}