{"id":43797,"date":"2026-04-02T22:16:21","date_gmt":"2026-04-02T19:16:21","guid":{"rendered":"http:\/\/new.ceasuri.md\/shop\/uncategorized\/casio-collection-ae-2000wd-1a\/"},"modified":"2026-04-20T00:05:43","modified_gmt":"2026-04-19T21:05:43","slug":"casio-collection-ae-2000wd-1a","status":"publish","type":"product","link":"https:\/\/ceasuri.md\/ru\/shop\/branduri\/casio\/casio-collection-ae-2000wd-1a\/","title":{"rendered":"\u0427\u0430\u0441\u044b CASIO COLLECTION AE-2000WD-1A"},"content":{"rendered":"<p>Un ceas multifunc\u021bional cu un design elegant &#8211; calitate \u0219i confort maxim.<\/p>\n<p>Cronometru cu precizie de 1\/100 de sec \u0219i timp de m\u0103surare de 24 de ore.<\/p>\n<p>Ora universal\u0103. Format de 12 \u0219i 24 de ore.<\/p>\n<p>Cronometru cu num\u0103r\u0103toare invers\u0103 de la 1min la 24h.<\/p>\n<p>Func\u021bie de activare\/dezactivare a sunetului.<\/p>","protected":false},"excerpt":{"rendered":"<p>Un ceas multifunc\u021bional cu un design elegant &#8211; calitate \u0219i confort maxim. Cronometru cu precizie de 1\/100 de sec \u0219i timp de m\u0103surare de 24 de ore. Ora universal\u0103. Format de 12 \u0219i 24 de ore. Cronometru cu num\u0103r\u0103toare invers\u0103 de la 1min la 24h. Func\u021bie de activare\/dezactivare a sunetului.<\/p>","protected":false},"featured_media":43798,"comment_status":"closed","ping_status":"open","template":"","meta":{"_acf_changed":false},"product_brand":[],"product_cat":[27,20],"product_tag":[],"class_list":{"0":"post-43797","1":"product","2":"type-product","3":"status-publish","4":"has-post-thumbnail","6":"product_cat-casio","7":"product_cat-ceasuri-barbati","8":"pa_brand-casio","9":"pa_braslet-otel-inoxidabil","10":"pa_corpus-48-mm","11":"pa_forma-rotund","12":"pa_funcii-alarma","13":"pa_funcii-calendar","14":"pa_funcii-cronometru","15":"pa_funcii-iluminare","16":"pa_funcii-timp-mondial","17":"pa_garatia-24-luni","18":"pa_korpus-argintiu","19":"pa_korpus-negru","20":"pa_kvarc-quartz","21":"pa_material-otel-inoxidabil","22":"pa_material-plastic","23":"pa_mehanizm-electronic","24":"pa_remeshok-argintiu","25":"pa_steklo-cristal-mineral","26":"pa_strana-japonia","27":"pa_voda-20-atm","29":"first","30":"instock","31":"purchasable","32":"product-type-simple"},"acf":[],"_links":{"self":[{"href":"https:\/\/ceasuri.md\/ru\/wp-json\/wp\/v2\/product\/43797","targetHints":{"allow":["GET"]}}],"collection":[{"href":"https:\/\/ceasuri.md\/ru\/wp-json\/wp\/v2\/product"}],"about":[{"href":"https:\/\/ceasuri.md\/ru\/wp-json\/wp\/v2\/types\/product"}],"replies":[{"embeddable":true,"href":"https:\/\/ceasuri.md\/ru\/wp-json\/wp\/v2\/comments?post=43797"}],"wp:featuredmedia":[{"embeddable":true,"href":"https:\/\/ceasuri.md\/ru\/wp-json\/wp\/v2\/media\/43798"}],"wp:attachment":[{"href":"https:\/\/ceasuri.md\/ru\/wp-json\/wp\/v2\/media?parent=43797"}],"wp:term":[{"taxonomy":"product_brand","embeddable":true,"href":"https:\/\/ceasuri.md\/ru\/wp-json\/wp\/v2\/product_brand?post=43797"},{"taxonomy":"product_cat","embeddable":true,"href":"https:\/\/ceasuri.md\/ru\/wp-json\/wp\/v2\/product_cat?post=43797"},{"taxonomy":"product_tag","embeddable":true,"href":"https:\/\/ceasuri.md\/ru\/wp-json\/wp\/v2\/product_tag?post=43797"}],"curies":[{"name":"wp","href":"https:\/\/api.w.org\/{rel}","templated":true}]}}