{"id":43794,"date":"2022-11-30T20:17:00","date_gmt":"2022-11-30T18:17:00","guid":{"rendered":"http:\/\/new.ceasuri.md\/shop\/uncategorized\/swiss-military-by-chrono-sm30200-18\/"},"modified":"2026-05-01T16:50:14","modified_gmt":"2026-05-01T13:50:14","slug":"swiss-military-by-chrono-sm30200-18","status":"publish","type":"product","link":"https:\/\/ceasuri.md\/ru\/shop\/branduri\/swiss-military\/swiss-military-by-chrono-sm30200-18\/","title":{"rendered":"\u0427\u0430\u0441\u044b SWISS MILITARY BY CHRONO QUARTZ WATCHES SM30200.18"},"content":{"rendered":"<p>Acest ceas clasic pentru b\u0103rba\u021bi este un must-have \u00een colec\u021bia oric\u0103rui b\u0103rbat.<\/p>\n<p>Carcasa \u0219i br\u0103\u021bara elegant\u0103 din o\u021bel a ceasului sunt fin periate pentru a ob\u021bine un finisaj complet periat. Luneta, precum \u0219i cele dou\u0103 benzi mici de pe p\u0103r\u021bile laterale ale verigii centrale a br\u0103\u021b\u0103rii sunt lustruite pentru a echilibra designul mat \u0219i a-i conferi un aspect vizual atractiv.<\/p>\n<p>Un cadran albastru atemporal, cu cifre arabe \u0219i m\u00e2ini clasice, completeaz\u0103 designul clasic al ceasului. Acele orelor \u0219i minutelor sunt luminescente \u0219i str\u0103lucesc \u00een \u00eentuneric.<\/p>\n<p>Un cristal de safir rezistent la zg\u00e2rieturi.<\/p>","protected":false},"excerpt":{"rendered":"<p>Acest ceas clasic pentru b\u0103rba\u021bi este un must-have \u00een colec\u021bia oric\u0103rui b\u0103rbat. Carcasa \u0219i br\u0103\u021bara elegant\u0103 din o\u021bel a ceasului sunt fin periate pentru a ob\u021bine un finisaj complet periat. Luneta, precum \u0219i cele dou\u0103 benzi mici de pe p\u0103r\u021bile laterale ale verigii centrale a br\u0103\u021b\u0103rii sunt lustruite pentru a echilibra designul mat \u0219i a-i [&hellip;]<\/p>\n","protected":false},"featured_media":43795,"comment_status":"closed","ping_status":"open","template":"","meta":{"_acf_changed":false},"product_brand":[],"product_cat":[20,572],"product_tag":[],"class_list":{"0":"post-43794","1":"product","2":"type-product","3":"status-publish","4":"has-post-thumbnail","6":"product_cat-ceasuri-barbati","7":"product_cat-swiss-military","8":"pa_brand-swiss-military","9":"pa_braslet-otel-inoxidabil","10":"pa_corpus-39-mm","11":"pa_forma-rotund","12":"pa_funcii-data","13":"pa_garatia-24-luni","14":"pa_korpus-argintiu","15":"pa_kvarc-quartz","16":"pa_material-otel-inoxidabil","17":"pa_mehanizm-quartz","18":"pa_remeshok-argintiu","19":"pa_steklo-cristal-safir","20":"pa_strana-elvetia","21":"pa_voda-10-atm","23":"first","24":"instock","25":"purchasable","26":"product-type-simple"},"acf":[],"_links":{"self":[{"href":"https:\/\/ceasuri.md\/ru\/wp-json\/wp\/v2\/product\/43794","targetHints":{"allow":["GET"]}}],"collection":[{"href":"https:\/\/ceasuri.md\/ru\/wp-json\/wp\/v2\/product"}],"about":[{"href":"https:\/\/ceasuri.md\/ru\/wp-json\/wp\/v2\/types\/product"}],"replies":[{"embeddable":true,"href":"https:\/\/ceasuri.md\/ru\/wp-json\/wp\/v2\/comments?post=43794"}],"wp:featuredmedia":[{"embeddable":true,"href":"https:\/\/ceasuri.md\/ru\/wp-json\/wp\/v2\/media\/43795"}],"wp:attachment":[{"href":"https:\/\/ceasuri.md\/ru\/wp-json\/wp\/v2\/media?parent=43794"}],"wp:term":[{"taxonomy":"product_brand","embeddable":true,"href":"https:\/\/ceasuri.md\/ru\/wp-json\/wp\/v2\/product_brand?post=43794"},{"taxonomy":"product_cat","embeddable":true,"href":"https:\/\/ceasuri.md\/ru\/wp-json\/wp\/v2\/product_cat?post=43794"},{"taxonomy":"product_tag","embeddable":true,"href":"https:\/\/ceasuri.md\/ru\/wp-json\/wp\/v2\/product_tag?post=43794"}],"curies":[{"name":"wp","href":"https:\/\/api.w.org\/{rel}","templated":true}]}}