{"id":43779,"date":"2026-04-02T22:15:20","date_gmt":"2026-04-02T19:15:20","guid":{"rendered":"http:\/\/new.ceasuri.md\/shop\/uncategorized\/swiss-military-by-chrono-sma34085-03\/"},"modified":"2026-04-20T01:00:19","modified_gmt":"2026-04-19T22:00:19","slug":"swiss-military-by-chrono-sma34085-03","status":"publish","type":"product","link":"https:\/\/ceasuri.md\/ru\/shop\/branduri\/swiss-military\/swiss-military-by-chrono-sma34085-03\/","title":{"rendered":"\u0427\u0430\u0441\u044b SWISS MILITARY BY CHRONO SMA34085.03"},"content":{"rendered":"<p>Ceas mecanic cu baleiaj automat.<\/p>\n<p>M\u00e2ini centrale pentru ore, minute \u0219i secunde. Afi\u0219aj dat\u0103.<\/p>\n<p>Cadran albastru cu indicatoare de ore punctate.<\/p>\n<p>Carcas\u0103 din o\u021bel inoxidabil. Diametrul carcasei 40 mm.<\/p>\n<p>Geamul de safir este rezistent la deterior\u0103ri mecanice minore.<\/p>\n<p>Rezistent la ap\u0103 WR 100. Br\u0103\u021bar\u0103 din o\u021bel inoxidabil.<\/p>","protected":false},"excerpt":{"rendered":"<p>Ceas mecanic cu baleiaj automat. M\u00e2ini centrale pentru ore, minute \u0219i secunde. Afi\u0219aj dat\u0103. Cadran albastru cu indicatoare de ore punctate. Carcas\u0103 din o\u021bel inoxidabil. Diametrul carcasei 40 mm. Geamul de safir este rezistent la deterior\u0103ri mecanice minore. Rezistent la ap\u0103 WR 100. Br\u0103\u021bar\u0103 din o\u021bel inoxidabil.<\/p>","protected":false},"featured_media":43780,"comment_status":"closed","ping_status":"open","template":"","meta":{"_acf_changed":false},"product_brand":[],"product_cat":[20,572],"product_tag":[],"class_list":{"0":"post-43779","1":"product","2":"type-product","3":"status-publish","4":"has-post-thumbnail","6":"product_cat-ceasuri-barbati","7":"product_cat-swiss-military","8":"pa_brand-swiss-military","9":"pa_braslet-otel-inoxidabil","10":"pa_corpus-40-mm","11":"pa_forma-rotund","12":"pa_funcii-data","13":"pa_garatia-24-luni","14":"pa_korpus-argintiu","15":"pa_material-otel-inoxidabil","16":"pa_mehanizm-mecanic","17":"pa_mehanizm-mecanism-automatic","18":"pa_remeshok-argintiu","19":"pa_steklo-cristal-safir","20":"pa_strana-elvetia","21":"pa_voda-10-atm","23":"first","24":"instock","25":"purchasable","26":"product-type-simple"},"acf":[],"_links":{"self":[{"href":"https:\/\/ceasuri.md\/ru\/wp-json\/wp\/v2\/product\/43779","targetHints":{"allow":["GET"]}}],"collection":[{"href":"https:\/\/ceasuri.md\/ru\/wp-json\/wp\/v2\/product"}],"about":[{"href":"https:\/\/ceasuri.md\/ru\/wp-json\/wp\/v2\/types\/product"}],"replies":[{"embeddable":true,"href":"https:\/\/ceasuri.md\/ru\/wp-json\/wp\/v2\/comments?post=43779"}],"wp:featuredmedia":[{"embeddable":true,"href":"https:\/\/ceasuri.md\/ru\/wp-json\/wp\/v2\/media\/43780"}],"wp:attachment":[{"href":"https:\/\/ceasuri.md\/ru\/wp-json\/wp\/v2\/media?parent=43779"}],"wp:term":[{"taxonomy":"product_brand","embeddable":true,"href":"https:\/\/ceasuri.md\/ru\/wp-json\/wp\/v2\/product_brand?post=43779"},{"taxonomy":"product_cat","embeddable":true,"href":"https:\/\/ceasuri.md\/ru\/wp-json\/wp\/v2\/product_cat?post=43779"},{"taxonomy":"product_tag","embeddable":true,"href":"https:\/\/ceasuri.md\/ru\/wp-json\/wp\/v2\/product_tag?post=43779"}],"curies":[{"name":"wp","href":"https:\/\/api.w.org\/{rel}","templated":true}]}}