{"id":43736,"date":"2026-04-02T22:15:20","date_gmt":"2026-04-02T19:15:20","guid":{"rendered":"http:\/\/new.ceasuri.md\/shop\/uncategorized\/casio-edifice-efv-580d-1avuef\/"},"modified":"2026-04-16T13:49:21","modified_gmt":"2026-04-16T10:49:21","slug":"casio-edifice-efv-580d-1avuef","status":"publish","type":"product","link":"https:\/\/ceasuri.md\/ru\/shop\/branduri\/casio\/casio-edifice-efv-580d-1avuef\/","title":{"rendered":"Ceas CASIO EFV-580D-1AVUEF Edifice"},"content":{"rendered":"<p>Toate ceasurile Edifice sunt concepute cu g\u00e2ndul la condi\u021bii extreme, ceea ce le face ideale pentru pasiona\u021bii de stilul de via\u021b\u0103 activ.<\/p>\n<p>Acoperirea luminoas\u0103 antireflex continu\u0103 s\u0103 str\u0103luceasc\u0103 \u00een \u00eentuneric chiar \u0219i dup\u0103 o scurt\u0103 expunere la lumin\u0103.<\/p>\n<p>Ceas cronograf cu cronometru cu precizie de 1sec \u0219i timp de m\u0103surare de 10min. Format de timp de 12 \u0219i 24 de ore. M\u00e2n\u0103 de minute cronograf retrograd.<\/p>\n<p>Coroan\u0103 protejat\u0103. Fundul carcasei cu \u00eenchidere cu \u0219urub. \u00cencuietoare telescopic\u0103 cu o singur\u0103 atingere.<\/p>","protected":false},"excerpt":{"rendered":"<p>Toate ceasurile Edifice sunt concepute cu g\u00e2ndul la condi\u021bii extreme, ceea ce le face ideale pentru pasiona\u021bii de stilul de via\u021b\u0103 activ. Acoperirea luminoas\u0103 antireflex continu\u0103 s\u0103 str\u0103luceasc\u0103 \u00een \u00eentuneric chiar \u0219i dup\u0103 o scurt\u0103 expunere la lumin\u0103. Ceas cronograf cu cronometru cu precizie de 1sec \u0219i timp de m\u0103surare de 10min. Format de timp [&hellip;]<\/p>\n","protected":false},"featured_media":43737,"comment_status":"closed","ping_status":"open","template":"","meta":{"_acf_changed":false},"product_brand":[],"product_cat":[27,20,536],"product_tag":[],"class_list":{"0":"post-43736","1":"product","2":"type-product","3":"status-publish","4":"has-post-thumbnail","6":"product_cat-casio","7":"product_cat-ceasuri-barbati","8":"product_cat-edifice","9":"pa_brand-casio","10":"pa_brand-edifice","11":"pa_braslet-otel-inoxidabil","12":"pa_corpus-44-mm","13":"pa_forma-rotund","14":"pa_funcii-cronograf","15":"pa_funcii-data","16":"pa_garatia-24-luni","17":"pa_korpus-argintiu","18":"pa_kvarc-quartz","19":"pa_material-otel-inoxidabil","20":"pa_mehanizm-quartz","21":"pa_remeshok-argintiu","22":"pa_steklo-cristal-mineral","23":"pa_strana-japonia","24":"pa_voda-10-atm","26":"first","27":"outofstock","28":"purchasable","29":"product-type-simple"},"acf":[],"_links":{"self":[{"href":"https:\/\/ceasuri.md\/ru\/wp-json\/wp\/v2\/product\/43736","targetHints":{"allow":["GET"]}}],"collection":[{"href":"https:\/\/ceasuri.md\/ru\/wp-json\/wp\/v2\/product"}],"about":[{"href":"https:\/\/ceasuri.md\/ru\/wp-json\/wp\/v2\/types\/product"}],"replies":[{"embeddable":true,"href":"https:\/\/ceasuri.md\/ru\/wp-json\/wp\/v2\/comments?post=43736"}],"wp:featuredmedia":[{"embeddable":true,"href":"https:\/\/ceasuri.md\/ru\/wp-json\/wp\/v2\/media\/43737"}],"wp:attachment":[{"href":"https:\/\/ceasuri.md\/ru\/wp-json\/wp\/v2\/media?parent=43736"}],"wp:term":[{"taxonomy":"product_brand","embeddable":true,"href":"https:\/\/ceasuri.md\/ru\/wp-json\/wp\/v2\/product_brand?post=43736"},{"taxonomy":"product_cat","embeddable":true,"href":"https:\/\/ceasuri.md\/ru\/wp-json\/wp\/v2\/product_cat?post=43736"},{"taxonomy":"product_tag","embeddable":true,"href":"https:\/\/ceasuri.md\/ru\/wp-json\/wp\/v2\/product_tag?post=43736"}],"curies":[{"name":"wp","href":"https:\/\/api.w.org\/{rel}","templated":true}]}}