{"id":43727,"date":"2026-04-02T22:15:20","date_gmt":"2026-04-02T19:15:20","guid":{"rendered":"http:\/\/new.ceasuri.md\/shop\/uncategorized\/casio-g-shock-ga-2110su-3a\/"},"modified":"2026-04-07T04:08:53","modified_gmt":"2026-04-07T01:08:53","slug":"casio-g-shock-ga-2110su-3a","status":"publish","type":"product","link":"https:\/\/ceasuri.md\/ru\/shop\/branduri\/casio\/casio-g-shock-ga-2110su-3a\/","title":{"rendered":"Ceas CASIO G-SHOCK GA-2110SU-3A"},"content":{"rendered":"<p>Un ceas rezistent la \u0219ocuri cu o umplutur\u0103 func\u021bional\u0103, perfect pentru pasiona\u021bii de stilul de via\u021b\u0103 activ.<\/p>\n<p>Ceas cu structur\u0103 Carbon Core Guard. Carcasa din plastic rezistent la \u0219ocuri cu fibre de carbon este mai rezistent\u0103 \u0219i, \u00een acela\u0219i timp, mai u\u0219oar\u0103. Acela\u0219i material protejeaz\u0103 modulul interior \u00eempotriva deterior\u0103rii \u0219i deform\u0103rii \u00een timpul \u0219ocurilor.<\/p>\n<p>Retroiluminarea electroluminescent\u0103 lumineaz\u0103 \u00eentregul cadran. Func\u021bia de hublou \u00eemperecheat ilumineaz\u0103 nu numai cadranul analogic, ci \u0219i afi\u0219ajul digital. Culoarea luminii de fundal: alb. Acoperirea antireflectiv\u0103 de acumulare a luminii asigur\u0103 o str\u0103lucire de lung\u0103 durat\u0103 \u00een \u00eentuneric, chiar \u0219i dup\u0103 o scurt\u0103 expunere la lumin\u0103.<\/p>\n<p>Ora mondial\u0103 &#8211; 48 de ora\u0219e (31 de fusuri orare), timp universal coordonat (UTC). Func\u021bie de activare\/dezactivare a orei de var\u0103. Format de timp de 12 \u0219i 24 de ore. Indicator retrograd pentru s\u0103pt\u0103m\u00e2na \u00een curs.<\/p>\n<p>Cronometru cu dou\u0103 citiri de precizie: 1\/100s (\u00eenainte de 1h) \u0219i 1s (dup\u0103 1h) \u0219i un timp de m\u0103surare de 24 de ore. Cronometru cu num\u0103r\u0103toare invers\u0103 de la 1c la 24h. Func\u021bie de mute\/dezactivare a sunetului.<\/p>\n<p>Curea din polimer.<\/p>","protected":false},"excerpt":{"rendered":"<p>Un ceas rezistent la \u0219ocuri cu o umplutur\u0103 func\u021bional\u0103, perfect pentru pasiona\u021bii de stilul de via\u021b\u0103 activ. Ceas cu structur\u0103 Carbon Core Guard. Carcasa din plastic rezistent la \u0219ocuri cu fibre de carbon este mai rezistent\u0103 \u0219i, \u00een acela\u0219i timp, mai u\u0219oar\u0103. Acela\u0219i material protejeaz\u0103 modulul interior \u00eempotriva deterior\u0103rii \u0219i deform\u0103rii \u00een timpul \u0219ocurilor. Retroiluminarea [&hellip;]<\/p>\n","protected":false},"featured_media":43728,"comment_status":"closed","ping_status":"open","template":"","meta":{"_acf_changed":false},"product_brand":[],"product_cat":[27,20,419],"product_tag":[],"class_list":{"0":"post-43727","1":"product","2":"type-product","3":"status-publish","4":"has-post-thumbnail","6":"product_cat-casio","7":"product_cat-ceasuri-barbati","8":"product_cat-g-shock","9":"pa_brand-casio","10":"pa_brand-g-shock","11":"pa_braslet-plastic","12":"pa_corpus-45x49mm","13":"pa_forma-octogonala","14":"pa_funcii-alarma","15":"pa_funcii-cronometru","16":"pa_funcii-iluminare","17":"pa_funcii-timp-mondial","18":"pa_funcii-ziua-saptamanii","19":"pa_garatia-24-luni","20":"pa_korpus-verde","21":"pa_material-carbon","22":"pa_material-plastic","23":"pa_mehanizm-electronic","24":"pa_mehanizm-quartz","25":"pa_remeshok-verde","26":"pa_steklo-cristal-mineral","27":"pa_strana-japonia","28":"pa_voda-20-atm","30":"first","31":"instock","32":"purchasable","33":"product-type-simple"},"acf":[],"_links":{"self":[{"href":"https:\/\/ceasuri.md\/ru\/wp-json\/wp\/v2\/product\/43727","targetHints":{"allow":["GET"]}}],"collection":[{"href":"https:\/\/ceasuri.md\/ru\/wp-json\/wp\/v2\/product"}],"about":[{"href":"https:\/\/ceasuri.md\/ru\/wp-json\/wp\/v2\/types\/product"}],"replies":[{"embeddable":true,"href":"https:\/\/ceasuri.md\/ru\/wp-json\/wp\/v2\/comments?post=43727"}],"wp:featuredmedia":[{"embeddable":true,"href":"https:\/\/ceasuri.md\/ru\/wp-json\/wp\/v2\/media\/43728"}],"wp:attachment":[{"href":"https:\/\/ceasuri.md\/ru\/wp-json\/wp\/v2\/media?parent=43727"}],"wp:term":[{"taxonomy":"product_brand","embeddable":true,"href":"https:\/\/ceasuri.md\/ru\/wp-json\/wp\/v2\/product_brand?post=43727"},{"taxonomy":"product_cat","embeddable":true,"href":"https:\/\/ceasuri.md\/ru\/wp-json\/wp\/v2\/product_cat?post=43727"},{"taxonomy":"product_tag","embeddable":true,"href":"https:\/\/ceasuri.md\/ru\/wp-json\/wp\/v2\/product_tag?post=43727"}],"curies":[{"name":"wp","href":"https:\/\/api.w.org\/{rel}","templated":true}]}}