{"id":43724,"date":"2022-09-15T22:49:00","date_gmt":"2022-09-15T19:49:00","guid":{"rendered":"http:\/\/new.ceasuri.md\/shop\/uncategorized\/casio-collection-mw-240-7e3\/"},"modified":"2026-05-06T15:34:10","modified_gmt":"2026-05-06T12:34:10","slug":"casio-collection-mw-240-7e3","status":"publish","type":"product","link":"https:\/\/ceasuri.md\/ru\/shop\/branduri\/casio\/casio-collection-mw-240-7e3\/","title":{"rendered":"\u0427\u0430\u0441\u044b CASIO COLLECTION MW-240-7E3"},"content":{"rendered":"<p>Ceas japonez pentru b\u0103rba\u021bi, mi\u0219care cu cuar\u021b de \u00eenalt\u0103 precizie, sticl\u0103 organic\u0103.<\/p>\n<p>Carcasa ceasului este fabricat\u0103 din plastic. Coroan\u0103 cu protec\u021bie. Capacul din spate cu 4 \u0219uruburi.<\/p>\n<p>Clasa de rezisten\u021b\u0103 la ap\u0103: 50 de metri pentru a proteja carcasa de stropiri accidentale sau pic\u0103turi de ploaie.<\/p>\n<p>Curea din polimer cu \u00eenchidere standard.<\/p>","protected":false},"excerpt":{"rendered":"<p>Ceas japonez pentru b\u0103rba\u021bi, mi\u0219care cu cuar\u021b de \u00eenalt\u0103 precizie, sticl\u0103 organic\u0103. Carcasa ceasului este fabricat\u0103 din plastic. Coroan\u0103 cu protec\u021bie. Capacul din spate cu 4 \u0219uruburi. Clasa de rezisten\u021b\u0103 la ap\u0103: 50 de metri pentru a proteja carcasa de stropiri accidentale sau pic\u0103turi de ploaie. Curea din polimer cu \u00eenchidere standard.<\/p>","protected":false},"featured_media":43725,"comment_status":"closed","ping_status":"open","template":"","meta":{"_acf_changed":false},"product_brand":[],"product_cat":[27,20,25],"product_tag":[],"class_list":{"0":"post-43724","1":"product","2":"type-product","3":"status-publish","4":"has-post-thumbnail","6":"product_cat-casio","7":"product_cat-ceasuri-barbati","8":"product_cat-ceasuri-dama","9":"pa_brand-casio","10":"pa_braslet-plastic","11":"pa_corpus-44-mm","12":"pa_forma-rotund","13":"pa_garatia-24-luni","14":"pa_korpus-negru","15":"pa_kvarc-quartz","16":"pa_material-plastic","17":"pa_mehanizm-quartz","18":"pa_remeshok-negru","19":"pa_steklo-plastic","20":"pa_strana-japonia","21":"pa_voda-5-atm","23":"first","24":"instock","25":"purchasable","26":"product-type-simple"},"acf":[],"_links":{"self":[{"href":"https:\/\/ceasuri.md\/ru\/wp-json\/wp\/v2\/product\/43724","targetHints":{"allow":["GET"]}}],"collection":[{"href":"https:\/\/ceasuri.md\/ru\/wp-json\/wp\/v2\/product"}],"about":[{"href":"https:\/\/ceasuri.md\/ru\/wp-json\/wp\/v2\/types\/product"}],"replies":[{"embeddable":true,"href":"https:\/\/ceasuri.md\/ru\/wp-json\/wp\/v2\/comments?post=43724"}],"wp:featuredmedia":[{"embeddable":true,"href":"https:\/\/ceasuri.md\/ru\/wp-json\/wp\/v2\/media\/43725"}],"wp:attachment":[{"href":"https:\/\/ceasuri.md\/ru\/wp-json\/wp\/v2\/media?parent=43724"}],"wp:term":[{"taxonomy":"product_brand","embeddable":true,"href":"https:\/\/ceasuri.md\/ru\/wp-json\/wp\/v2\/product_brand?post=43724"},{"taxonomy":"product_cat","embeddable":true,"href":"https:\/\/ceasuri.md\/ru\/wp-json\/wp\/v2\/product_cat?post=43724"},{"taxonomy":"product_tag","embeddable":true,"href":"https:\/\/ceasuri.md\/ru\/wp-json\/wp\/v2\/product_tag?post=43724"}],"curies":[{"name":"wp","href":"https:\/\/api.w.org\/{rel}","templated":true}]}}