{"id":43710,"date":"2026-04-02T22:15:20","date_gmt":"2026-04-02T19:15:20","guid":{"rendered":"http:\/\/new.ceasuri.md\/shop\/uncategorized\/edox-skydiver-70s-date-automatic-80115-3vm-vdn\/"},"modified":"2026-04-20T00:19:31","modified_gmt":"2026-04-19T21:19:31","slug":"edox-skydiver-70s-date-automatic-80115-3vm-vdn","status":"publish","type":"product","link":"https:\/\/ceasuri.md\/ru\/shop\/branduri\/edox\/edox-skydiver-70s-date-automatic-80115-3vm-vdn\/","title":{"rendered":"\u0427\u0430\u0441\u044b EDOX SKYDIVER 70S DATE AUTOMATIC 80115-3VM-VDN"},"content":{"rendered":"<p>Ceas Edox SkyDiver 70s Automatic. Despre care se spune c\u0103 a fost comandat\u0103 \u00een secret de un colonel elve\u021bian \u00een 1973, noua colec\u021bie SkyDiver aduce un omagiu para\u0219uti\u0219tilor \u0219i condi\u021biilor extreme pe care le pot \u00eent\u00e2lni pe uscat, \u00een aer sau pe mare.<\/p>\n<p>Ceasul robust SkyDiver, cu un stil militar vintage, este protejat de un cristal de safir de 2 mm rezistent la zg\u00e2rieturi \u0219i de o carcas\u0103 din o\u021bel inoxidabil.<\/p>\n<p>SkyDiver este un ceas construit manual, preg\u0103tit pentru adev\u0103rata aventur\u0103.<\/p>","protected":false},"excerpt":{"rendered":"<p>Ceas Edox SkyDiver 70s Automatic. Despre care se spune c\u0103 a fost comandat\u0103 \u00een secret de un colonel elve\u021bian \u00een 1973, noua colec\u021bie SkyDiver aduce un omagiu para\u0219uti\u0219tilor \u0219i condi\u021biilor extreme pe care le pot \u00eent\u00e2lni pe uscat, \u00een aer sau pe mare. Ceasul robust SkyDiver, cu un stil militar vintage, este protejat de un [&hellip;]<\/p>\n","protected":false},"featured_media":43711,"comment_status":"closed","ping_status":"open","template":"","meta":{"_acf_changed":false},"product_brand":[],"product_cat":[20,106,107],"product_tag":[],"class_list":{"0":"post-43710","1":"product","2":"type-product","3":"status-publish","4":"has-post-thumbnail","6":"product_cat-ceasuri-barbati","7":"product_cat-ceasuri-premium","8":"product_cat-edox","9":"pa_brand-edox","10":"pa_braslet-otel-inoxidabil","11":"pa_corpus-42-mm","12":"pa_forma-rotund","13":"pa_funcii-data","14":"pa_garatia-24-luni","15":"pa_korpus-argintiu","16":"pa_material-ceramica","17":"pa_material-otel-inoxidabil","18":"pa_mehanizm-mecanic","19":"pa_mehanizm-mecanism-automatic","20":"pa_remeshok-argintiu","21":"pa_steklo-cristal-safir","22":"pa_strana-elvetia","23":"pa_voda-30-atm","25":"first","26":"instock","27":"purchasable","28":"product-type-simple"},"acf":[],"_links":{"self":[{"href":"https:\/\/ceasuri.md\/ru\/wp-json\/wp\/v2\/product\/43710","targetHints":{"allow":["GET"]}}],"collection":[{"href":"https:\/\/ceasuri.md\/ru\/wp-json\/wp\/v2\/product"}],"about":[{"href":"https:\/\/ceasuri.md\/ru\/wp-json\/wp\/v2\/types\/product"}],"replies":[{"embeddable":true,"href":"https:\/\/ceasuri.md\/ru\/wp-json\/wp\/v2\/comments?post=43710"}],"wp:featuredmedia":[{"embeddable":true,"href":"https:\/\/ceasuri.md\/ru\/wp-json\/wp\/v2\/media\/43711"}],"wp:attachment":[{"href":"https:\/\/ceasuri.md\/ru\/wp-json\/wp\/v2\/media?parent=43710"}],"wp:term":[{"taxonomy":"product_brand","embeddable":true,"href":"https:\/\/ceasuri.md\/ru\/wp-json\/wp\/v2\/product_brand?post=43710"},{"taxonomy":"product_cat","embeddable":true,"href":"https:\/\/ceasuri.md\/ru\/wp-json\/wp\/v2\/product_cat?post=43710"},{"taxonomy":"product_tag","embeddable":true,"href":"https:\/\/ceasuri.md\/ru\/wp-json\/wp\/v2\/product_tag?post=43710"}],"curies":[{"name":"wp","href":"https:\/\/api.w.org\/{rel}","templated":true}]}}