{"id":43696,"date":"2026-04-02T22:14:18","date_gmt":"2026-04-02T19:14:18","guid":{"rendered":"http:\/\/new.ceasuri.md\/shop\/uncategorized\/edox-skydiver-automatic-80120-3nm-odn\/"},"modified":"2026-04-20T00:19:33","modified_gmt":"2026-04-19T21:19:33","slug":"edox-skydiver-automatic-80120-3nm-odn","status":"publish","type":"product","link":"https:\/\/ceasuri.md\/ru\/shop\/branduri\/edox\/edox-skydiver-automatic-80120-3nm-odn\/","title":{"rendered":"\u0427\u0430\u0441\u044b EDOX SKYDIVER AUTOMATIC 80120-3NM-ODN"},"content":{"rendered":"<p>Edox Skydiver Neptunian Automatic este un ceas care pur \u0219i simplu eman\u0103 caracter. Acesta aduce un omagiu para\u0219uti\u0219tilor \u0219i provoc\u0103rilor dificile cu care se confrunt\u0103 \u0219i are o mul\u021bime de detalii minunate care fac ceasul s\u0103 ias\u0103 \u00een eviden\u021b\u0103.<\/p>\n<p>Cadranul portocaliu se potrive\u0219te bine cu luneta neagr\u0103. Ceasul \u00een sine este foarte modern \u00een ceea ce prive\u0219te confortul: cristal de safir cu strat antireflex, mi\u0219care automat\u0103 Swiss Made Edox Cal. 80 (bazat\u0103 pe Sellita SW200), rezisten\u021b\u0103 la ap\u0103 p\u00e2n\u0103 la 1000 de metri \u0219i o br\u0103\u021bar\u0103 metalic\u0103 foarte confortabil\u0103 (cu o extensie pentru scafandri).<\/p>\n<p>Un ceas de scufund\u0103ri serios fabricat \u00een Elve\u021bia care se potrive\u0219te perfect pe \u00eencheietura m\u00e2inii.<\/p>","protected":false},"excerpt":{"rendered":"<p>Edox Skydiver Neptunian Automatic este un ceas care pur \u0219i simplu eman\u0103 caracter. Acesta aduce un omagiu para\u0219uti\u0219tilor \u0219i provoc\u0103rilor dificile cu care se confrunt\u0103 \u0219i are o mul\u021bime de detalii minunate care fac ceasul s\u0103 ias\u0103 \u00een eviden\u021b\u0103. Cadranul portocaliu se potrive\u0219te bine cu luneta neagr\u0103. Ceasul \u00een sine este foarte modern \u00een ceea [&hellip;]<\/p>\n","protected":false},"featured_media":43697,"comment_status":"closed","ping_status":"open","template":"","meta":{"_acf_changed":false},"product_brand":[],"product_cat":[20,106,107],"product_tag":[],"class_list":{"0":"post-43696","1":"product","2":"type-product","3":"status-publish","4":"has-post-thumbnail","6":"product_cat-ceasuri-barbati","7":"product_cat-ceasuri-premium","8":"product_cat-edox","9":"pa_brand-edox","10":"pa_braslet-otel-inoxidabil","11":"pa_corpus-44-mm","12":"pa_forma-rotund","13":"pa_funcii-data","14":"pa_garatia-24-luni","15":"pa_korpus-argintiu","16":"pa_material-ceramica","17":"pa_material-otel-inoxidabil","18":"pa_mehanizm-mecanic","19":"pa_mehanizm-mecanism-automatic","20":"pa_remeshok-argintiu","21":"pa_steklo-cristal-safir","22":"pa_strana-elvetia","23":"pa_voda-100-atm","25":"first","26":"instock","27":"purchasable","28":"product-type-simple"},"acf":[],"_links":{"self":[{"href":"https:\/\/ceasuri.md\/ru\/wp-json\/wp\/v2\/product\/43696","targetHints":{"allow":["GET"]}}],"collection":[{"href":"https:\/\/ceasuri.md\/ru\/wp-json\/wp\/v2\/product"}],"about":[{"href":"https:\/\/ceasuri.md\/ru\/wp-json\/wp\/v2\/types\/product"}],"replies":[{"embeddable":true,"href":"https:\/\/ceasuri.md\/ru\/wp-json\/wp\/v2\/comments?post=43696"}],"wp:featuredmedia":[{"embeddable":true,"href":"https:\/\/ceasuri.md\/ru\/wp-json\/wp\/v2\/media\/43697"}],"wp:attachment":[{"href":"https:\/\/ceasuri.md\/ru\/wp-json\/wp\/v2\/media?parent=43696"}],"wp:term":[{"taxonomy":"product_brand","embeddable":true,"href":"https:\/\/ceasuri.md\/ru\/wp-json\/wp\/v2\/product_brand?post=43696"},{"taxonomy":"product_cat","embeddable":true,"href":"https:\/\/ceasuri.md\/ru\/wp-json\/wp\/v2\/product_cat?post=43696"},{"taxonomy":"product_tag","embeddable":true,"href":"https:\/\/ceasuri.md\/ru\/wp-json\/wp\/v2\/product_tag?post=43696"}],"curies":[{"name":"wp","href":"https:\/\/api.w.org\/{rel}","templated":true}]}}