{"id":43684,"date":"2026-04-02T22:14:18","date_gmt":"2026-04-02T19:14:18","guid":{"rendered":"http:\/\/new.ceasuri.md\/shop\/uncategorized\/edox-skydiver-automatic-limited-edition-80126-3n-ninv\/"},"modified":"2026-04-20T01:06:07","modified_gmt":"2026-04-19T22:06:07","slug":"edox-skydiver-automatic-limited-edition-80126-3n-ninv","status":"publish","type":"product","link":"https:\/\/ceasuri.md\/ru\/shop\/branduri\/edox\/edox-skydiver-automatic-limited-edition-80126-3n-ninv\/","title":{"rendered":"Ceas EDOX SKYDIVER AUTOMATIC LIMITED EDITION 80126-3N-NINV"},"content":{"rendered":"<p>Edox SkyDiver Limited Edition este un ceascare radiaz\u0103 literalmente caracter. Acesta aduce un omagiu para\u0219uti\u0219tilor \u0219i provoc\u0103rilor dificile cu care se confrunt\u0103, \u0219i are multe detalii care fac ceasul s\u0103 ias\u0103 \u00een eviden\u021b\u0103.<\/p>\n<p>Acest model are un stil vintage, care combin\u0103 un aspect clasic cu o interpretare modern\u0103. Ceasul este, de asemenea, foarte modern \u00een ceea ce prive\u0219te confortul \u0219i materialele: un cristal de safir, mi\u0219care automat\u0103 Swiss Made Edox Cal. 80, luneta ceramic\u0103 \u0219i nu 1, ci 2 curele din piele foarte confortabile.<\/p>\n<p>Ceasul este o edi\u021bie limitat\u0103 de numai 600 de piese (numerotate individual pe spatele carcasei).<\/p>\n<p>Acest ceas vine cu o garan\u021bie de 2 ani, o cutie frumoas\u0103 Edox Limited Edition (rol\u0103 de piele), manual, certificat.<\/p>","protected":false},"excerpt":{"rendered":"<p>Edox SkyDiver Limited Edition este un ceascare radiaz\u0103 literalmente caracter. Acesta aduce un omagiu para\u0219uti\u0219tilor \u0219i provoc\u0103rilor dificile cu care se confrunt\u0103, \u0219i are multe detalii care fac ceasul s\u0103 ias\u0103 \u00een eviden\u021b\u0103. Acest model are un stil vintage, care combin\u0103 un aspect clasic cu o interpretare modern\u0103. Ceasul este, de asemenea, foarte modern \u00een [&hellip;]<\/p>\n","protected":false},"featured_media":43685,"comment_status":"closed","ping_status":"open","template":"","meta":{"_acf_changed":false},"product_brand":[],"product_cat":[20,106,107,205],"product_tag":[],"class_list":{"0":"post-43684","1":"product","2":"type-product","3":"status-publish","4":"has-post-thumbnail","6":"product_cat-ceasuri-barbati","7":"product_cat-ceasuri-premium","8":"product_cat-edox","9":"product_cat-limited-edition","10":"pa_brand-edox","11":"pa_braslet-piele","12":"pa_corpus-42-mm","13":"pa_forma-rotund","14":"pa_funcii-data","15":"pa_funcii-limited-edition","16":"pa_garatia-24-luni","17":"pa_korpus-argintiu","18":"pa_material-otel-inoxidabil","19":"pa_mehanizm-mecanic","20":"pa_mehanizm-mecanism-automatic","21":"pa_remeshok-verde","22":"pa_steklo-cristal-safir","23":"pa_strana-elvetia","24":"pa_voda-30-atm","26":"first","27":"instock","28":"purchasable","29":"product-type-simple"},"acf":[],"_links":{"self":[{"href":"https:\/\/ceasuri.md\/ru\/wp-json\/wp\/v2\/product\/43684","targetHints":{"allow":["GET"]}}],"collection":[{"href":"https:\/\/ceasuri.md\/ru\/wp-json\/wp\/v2\/product"}],"about":[{"href":"https:\/\/ceasuri.md\/ru\/wp-json\/wp\/v2\/types\/product"}],"replies":[{"embeddable":true,"href":"https:\/\/ceasuri.md\/ru\/wp-json\/wp\/v2\/comments?post=43684"}],"wp:featuredmedia":[{"embeddable":true,"href":"https:\/\/ceasuri.md\/ru\/wp-json\/wp\/v2\/media\/43685"}],"wp:attachment":[{"href":"https:\/\/ceasuri.md\/ru\/wp-json\/wp\/v2\/media?parent=43684"}],"wp:term":[{"taxonomy":"product_brand","embeddable":true,"href":"https:\/\/ceasuri.md\/ru\/wp-json\/wp\/v2\/product_brand?post=43684"},{"taxonomy":"product_cat","embeddable":true,"href":"https:\/\/ceasuri.md\/ru\/wp-json\/wp\/v2\/product_cat?post=43684"},{"taxonomy":"product_tag","embeddable":true,"href":"https:\/\/ceasuri.md\/ru\/wp-json\/wp\/v2\/product_tag?post=43684"}],"curies":[{"name":"wp","href":"https:\/\/api.w.org\/{rel}","templated":true}]}}