{"id":43678,"date":"2026-04-02T22:14:18","date_gmt":"2026-04-02T19:14:18","guid":{"rendered":"http:\/\/new.ceasuri.md\/shop\/uncategorized\/edox-hydro-sub-1965-limited-edition-80128-3bum-buio\/"},"modified":"2026-04-20T00:19:35","modified_gmt":"2026-04-19T21:19:35","slug":"edox-hydro-sub-1965-limited-edition-80128-3bum-buio","status":"publish","type":"product","link":"https:\/\/ceasuri.md\/ru\/shop\/branduri\/edox\/edox-hydro-sub-1965-limited-edition-80128-3bum-buio\/","title":{"rendered":"\u0427\u0430\u0441\u044b EDOX HYDRO-SUB 1965 LIMITED EDITION 80128-3BUM-BUIO"},"content":{"rendered":"<p>Ceas Edox Hydro-Sub edi\u021bie limitat\u0103.<\/p>\n<p>Edox Hydro-Sub a fost introdus pentru prima dat\u0103 \u00een 1965 \u0219i avea deja o rezisten\u021b\u0103 la ap\u0103 de cel pu\u021bin 300 de metri. La acea vreme, marca elve\u021bian\u0103 de ceasuri era considerat\u0103 &#8222;campionul la ap\u0103 al industriei orologere&#8221;.<\/p>\n<p>At\u00e2t din punct de vedere tehnic, c\u00e2t \u0219i estetic, noul Edox Hydro-Sub reflect\u0103 stilul atemporal al ceasurilor de scufundare Edox din anii 1960. Cele mai importante detalii ale originalului au fost p\u0103strate \u0219i rafinate.<\/p>\n<p>Sub capac se afl\u0103 modelul Edox Cal. 806, care \u00eendepline\u0219te prestigiosul standard COSC.<\/p>\n<p>Ceasul are o br\u0103\u021bar\u0103 confortabil\u0103, luneta ceramic\u0103, cristal de safir, este rezistent la ap\u0103 p\u00e2n\u0103 la 300 de metri \u0219i are un strat PVD negru durabil.<\/p>\n<p>Aceasta este o edi\u021bie special\u0103 limitat\u0103, cu doar 500 de piese produse.<\/p>","protected":false},"excerpt":{"rendered":"<p>Ceas Edox Hydro-Sub edi\u021bie limitat\u0103. Edox Hydro-Sub a fost introdus pentru prima dat\u0103 \u00een 1965 \u0219i avea deja o rezisten\u021b\u0103 la ap\u0103 de cel pu\u021bin 300 de metri. La acea vreme, marca elve\u021bian\u0103 de ceasuri era considerat\u0103 &#8222;campionul la ap\u0103 al industriei orologere&#8221;. At\u00e2t din punct de vedere tehnic, c\u00e2t \u0219i estetic, noul Edox Hydro-Sub [&hellip;]<\/p>\n","protected":false},"featured_media":43679,"comment_status":"closed","ping_status":"open","template":"","meta":{"_acf_changed":false},"product_brand":[],"product_cat":[20,106,107,205],"product_tag":[],"class_list":{"0":"post-43678","1":"product","2":"type-product","3":"status-publish","4":"has-post-thumbnail","6":"product_cat-ceasuri-barbati","7":"product_cat-ceasuri-premium","8":"product_cat-edox","9":"product_cat-limited-edition","10":"pa_brand-edox","11":"pa_braslet-otel-inoxidabil","12":"pa_corpus-42-mm","13":"pa_forma-rotund","14":"pa_funcii-cronometru","15":"pa_funcii-data","16":"pa_funcii-limited-edition","17":"pa_garatia-24-luni","18":"pa_korpus-argintiu","19":"pa_material-ceramica","20":"pa_material-otel-inoxidabil","21":"pa_mehanizm-mecanic","22":"pa_mehanizm-mecanism-automatic","23":"pa_remeshok-argintiu","24":"pa_steklo-cristal-safir","25":"pa_strana-elvetia","26":"pa_voda-30-atm","28":"first","29":"instock","30":"purchasable","31":"product-type-simple"},"acf":[],"_links":{"self":[{"href":"https:\/\/ceasuri.md\/ru\/wp-json\/wp\/v2\/product\/43678","targetHints":{"allow":["GET"]}}],"collection":[{"href":"https:\/\/ceasuri.md\/ru\/wp-json\/wp\/v2\/product"}],"about":[{"href":"https:\/\/ceasuri.md\/ru\/wp-json\/wp\/v2\/types\/product"}],"replies":[{"embeddable":true,"href":"https:\/\/ceasuri.md\/ru\/wp-json\/wp\/v2\/comments?post=43678"}],"wp:featuredmedia":[{"embeddable":true,"href":"https:\/\/ceasuri.md\/ru\/wp-json\/wp\/v2\/media\/43679"}],"wp:attachment":[{"href":"https:\/\/ceasuri.md\/ru\/wp-json\/wp\/v2\/media?parent=43678"}],"wp:term":[{"taxonomy":"product_brand","embeddable":true,"href":"https:\/\/ceasuri.md\/ru\/wp-json\/wp\/v2\/product_brand?post=43678"},{"taxonomy":"product_cat","embeddable":true,"href":"https:\/\/ceasuri.md\/ru\/wp-json\/wp\/v2\/product_cat?post=43678"},{"taxonomy":"product_tag","embeddable":true,"href":"https:\/\/ceasuri.md\/ru\/wp-json\/wp\/v2\/product_tag?post=43678"}],"curies":[{"name":"wp","href":"https:\/\/api.w.org\/{rel}","templated":true}]}}