{"id":43644,"date":"2026-04-02T22:14:18","date_gmt":"2026-04-02T19:14:18","guid":{"rendered":"http:\/\/new.ceasuri.md\/shop\/uncategorized\/casio-collection-lwa-300h-7evef\/"},"modified":"2026-04-17T13:11:14","modified_gmt":"2026-04-17T10:11:14","slug":"casio-collection-lwa-300h-7evef","status":"publish","type":"product","link":"https:\/\/ceasuri.md\/ru\/shop\/branduri\/casio\/casio-collection-lwa-300h-7evef\/","title":{"rendered":"Ceas CASIO COLLECTION LWA-300H-7EVEF"},"content":{"rendered":"<p>Accesoriul perfect de zi cu zi cu elemente sportive pentru fata elegant\u0103 \u0219i activ\u0103.<\/p>\n<p>Cadranul este realizat cu tehnologia Sunray. Marcaje de curs\u0103.<\/p>\n<p>Coroan\u0103 protejat\u0103.<\/p>\n<p>Curea clasic\u0103 cu cataram\u0103.<\/p>","protected":false},"excerpt":{"rendered":"<p>Accesoriul perfect de zi cu zi cu elemente sportive pentru fata elegant\u0103 \u0219i activ\u0103. Cadranul este realizat cu tehnologia Sunray. Marcaje de curs\u0103. Coroan\u0103 protejat\u0103. Curea clasic\u0103 cu cataram\u0103.<\/p>","protected":false},"featured_media":43645,"comment_status":"closed","ping_status":"open","template":"","meta":{"_acf_changed":false},"product_brand":[],"product_cat":[27,25],"product_tag":[],"class_list":{"0":"post-43644","1":"product","2":"type-product","3":"status-publish","4":"has-post-thumbnail","6":"product_cat-casio","7":"product_cat-ceasuri-dama","8":"pa_brand-casio","9":"pa_braslet-plastic","10":"pa_corpus-43-mm","11":"pa_forma-rotund","12":"pa_garatia-24-luni","13":"pa_korpus-argintiu","14":"pa_kvarc-quartz","15":"pa_material-otel-inoxidabil","16":"pa_material-plastic","17":"pa_mehanizm-quartz","18":"pa_remeshok-alb","19":"pa_steklo-plastic","20":"pa_strana-japonia","21":"pa_voda-10-atm","23":"first","24":"instock","25":"purchasable","26":"product-type-simple"},"acf":[],"_links":{"self":[{"href":"https:\/\/ceasuri.md\/ru\/wp-json\/wp\/v2\/product\/43644","targetHints":{"allow":["GET"]}}],"collection":[{"href":"https:\/\/ceasuri.md\/ru\/wp-json\/wp\/v2\/product"}],"about":[{"href":"https:\/\/ceasuri.md\/ru\/wp-json\/wp\/v2\/types\/product"}],"replies":[{"embeddable":true,"href":"https:\/\/ceasuri.md\/ru\/wp-json\/wp\/v2\/comments?post=43644"}],"wp:featuredmedia":[{"embeddable":true,"href":"https:\/\/ceasuri.md\/ru\/wp-json\/wp\/v2\/media\/43645"}],"wp:attachment":[{"href":"https:\/\/ceasuri.md\/ru\/wp-json\/wp\/v2\/media?parent=43644"}],"wp:term":[{"taxonomy":"product_brand","embeddable":true,"href":"https:\/\/ceasuri.md\/ru\/wp-json\/wp\/v2\/product_brand?post=43644"},{"taxonomy":"product_cat","embeddable":true,"href":"https:\/\/ceasuri.md\/ru\/wp-json\/wp\/v2\/product_cat?post=43644"},{"taxonomy":"product_tag","embeddable":true,"href":"https:\/\/ceasuri.md\/ru\/wp-json\/wp\/v2\/product_tag?post=43644"}],"curies":[{"name":"wp","href":"https:\/\/api.w.org\/{rel}","templated":true}]}}