{"id":43640,"date":"2026-04-02T22:14:18","date_gmt":"2026-04-02T19:14:18","guid":{"rendered":"http:\/\/new.ceasuri.md\/shop\/uncategorized\/fossil-belmar-fs5532\/"},"modified":"2026-04-15T19:48:39","modified_gmt":"2026-04-15T16:48:39","slug":"fossil-belmar-fs5532","status":"publish","type":"product","link":"https:\/\/ceasuri.md\/ru\/shop\/branduri\/fossil\/fossil-belmar-fs5532\/","title":{"rendered":"Ceas FOSSIL BELMAR FS5532"},"content":{"rendered":"<p>Personalitatea m\u0103rcii Fossil \u00eentruchipeaz\u0103 stilul vintage modern: deja v\u0103zut, dar \u00eenc\u0103 diferit; clasic, dar \u00een acela\u0219i timp modern.<\/p>\n<p>Combin\u00e2nd designul, moda \u0219i utilizarea tehnologiei moderne (jocurile pe calculator din anii &#8217;80), Fossil \u0219i-a g\u0103sit locul \u00een competi\u021bia de ceasuri cu inova\u021bie, autenticitate, creativitate \u0219i pasiune.<\/p>\n<p>Ceasurile la mod\u0103 pentru femei \u0219i b\u0103rba\u021bi reprezint\u0103 cea mai mare parte a colec\u021biei Fossil. Selec\u021bia larg\u0103 variaz\u0103 de la modele sportive la clasice \u0219i ceasuri juc\u0103u\u0219e.<\/p>\n<p>Modelul Belmar de 44 mm are un cadran negru cu model cu raze de soare \u0219i indici cu bare, o mi\u0219care cu dat\u0103 cu trei m\u00e2ini \u0219i o br\u0103\u021bar\u0103 din o\u021bel inoxidabil fumuriu.<\/p>","protected":false},"excerpt":{"rendered":"<p>Personalitatea m\u0103rcii Fossil \u00eentruchipeaz\u0103 stilul vintage modern: deja v\u0103zut, dar \u00eenc\u0103 diferit; clasic, dar \u00een acela\u0219i timp modern. Combin\u00e2nd designul, moda \u0219i utilizarea tehnologiei moderne (jocurile pe calculator din anii &#8217;80), Fossil \u0219i-a g\u0103sit locul \u00een competi\u021bia de ceasuri cu inova\u021bie, autenticitate, creativitate \u0219i pasiune. Ceasurile la mod\u0103 pentru femei \u0219i b\u0103rba\u021bi reprezint\u0103 cea mai [&hellip;]<\/p>\n","protected":false},"featured_media":43641,"comment_status":"closed","ping_status":"open","template":"","meta":{"_acf_changed":false},"product_brand":[],"product_cat":[20,396],"product_tag":[],"class_list":{"0":"post-43640","1":"product","2":"type-product","3":"status-publish","4":"has-post-thumbnail","6":"product_cat-ceasuri-barbati","7":"product_cat-fossil","8":"pa_brand-fossil","9":"pa_braslet-otel-inoxidabil","10":"pa_corpus-44-mm","11":"pa_forma-rotund","12":"pa_funcii-data","13":"pa_garatia-24-luni","14":"pa_korpus-gri","15":"pa_kvarc-quartz","16":"pa_material-otel-inoxidabil","17":"pa_mehanizm-quartz","18":"pa_remeshok-gri","19":"pa_steklo-cristal-mineral","20":"pa_strana-sua","21":"pa_voda-5-atm","23":"first","24":"instock","25":"purchasable","26":"product-type-simple"},"acf":[],"_links":{"self":[{"href":"https:\/\/ceasuri.md\/ru\/wp-json\/wp\/v2\/product\/43640","targetHints":{"allow":["GET"]}}],"collection":[{"href":"https:\/\/ceasuri.md\/ru\/wp-json\/wp\/v2\/product"}],"about":[{"href":"https:\/\/ceasuri.md\/ru\/wp-json\/wp\/v2\/types\/product"}],"replies":[{"embeddable":true,"href":"https:\/\/ceasuri.md\/ru\/wp-json\/wp\/v2\/comments?post=43640"}],"wp:featuredmedia":[{"embeddable":true,"href":"https:\/\/ceasuri.md\/ru\/wp-json\/wp\/v2\/media\/43641"}],"wp:attachment":[{"href":"https:\/\/ceasuri.md\/ru\/wp-json\/wp\/v2\/media?parent=43640"}],"wp:term":[{"taxonomy":"product_brand","embeddable":true,"href":"https:\/\/ceasuri.md\/ru\/wp-json\/wp\/v2\/product_brand?post=43640"},{"taxonomy":"product_cat","embeddable":true,"href":"https:\/\/ceasuri.md\/ru\/wp-json\/wp\/v2\/product_cat?post=43640"},{"taxonomy":"product_tag","embeddable":true,"href":"https:\/\/ceasuri.md\/ru\/wp-json\/wp\/v2\/product_tag?post=43640"}],"curies":[{"name":"wp","href":"https:\/\/api.w.org\/{rel}","templated":true}]}}