{"id":43611,"date":"2026-04-02T22:13:19","date_gmt":"2026-04-02T19:13:19","guid":{"rendered":"http:\/\/new.ceasuri.md\/shop\/uncategorized\/fossil-bronson-fs5855\/"},"modified":"2026-04-07T04:08:26","modified_gmt":"2026-04-07T01:08:26","slug":"fossil-bronson-fs5855","status":"publish","type":"product","link":"https:\/\/ceasuri.md\/ru\/shop\/branduri\/fossil\/fossil-bronson-fs5855\/","title":{"rendered":"Ceas FOSSIL BRONSON FS5855"},"content":{"rendered":"<p>Ceas pentru b\u0103rba\u021bi cu mi\u0219care cu cuar\u021b \u0219i func\u021bii de cronograf cu dat\u0103 din colec\u021bia BRONSON.<\/p>\n<p>Carcas\u0103 din o\u021bel inoxidabil placat cu bronz, cu un diametru de 44 mm \u0219i o grosime de 12 mm.<\/p>\n<p>Cadran gri cu marcaje \u0219i fereastr\u0103 pentru dat\u0103 la ora 3.<\/p>\n<p>Curea din piele maro cu l\u0103\u021bimea de 22 mm; \u00eenchidere cu cataram\u0103. Rezistent la ap\u0103 p\u00e2n\u0103 la 50 de metri.<\/p>","protected":false},"excerpt":{"rendered":"<p>Ceas pentru b\u0103rba\u021bi cu mi\u0219care cu cuar\u021b \u0219i func\u021bii de cronograf cu dat\u0103 din colec\u021bia BRONSON. Carcas\u0103 din o\u021bel inoxidabil placat cu bronz, cu un diametru de 44 mm \u0219i o grosime de 12 mm. Cadran gri cu marcaje \u0219i fereastr\u0103 pentru dat\u0103 la ora 3. Curea din piele maro cu l\u0103\u021bimea de 22 mm; [&hellip;]<\/p>\n","protected":false},"featured_media":43612,"comment_status":"closed","ping_status":"open","template":"","meta":{"_acf_changed":false},"product_brand":[],"product_cat":[20,396],"product_tag":[],"class_list":{"0":"post-43611","1":"product","2":"type-product","3":"status-publish","4":"has-post-thumbnail","6":"product_cat-ceasuri-barbati","7":"product_cat-fossil","8":"pa_brand-fossil","9":"pa_braslet-piele","10":"pa_corpus-44-mm","11":"pa_forma-rotund","12":"pa_funcii-cronograf","13":"pa_funcii-data","14":"pa_garatia-24-luni","15":"pa_korpus-gri","16":"pa_material-otel-inoxidabil","17":"pa_material-otel-inoxidabil-periat","18":"pa_mehanizm-quartz","19":"pa_remeshok-maro","20":"pa_steklo-cristal-mineral","21":"pa_strana-sua","22":"pa_voda-5-atm","24":"first","25":"instock","26":"purchasable","27":"product-type-simple"},"acf":[],"_links":{"self":[{"href":"https:\/\/ceasuri.md\/ru\/wp-json\/wp\/v2\/product\/43611","targetHints":{"allow":["GET"]}}],"collection":[{"href":"https:\/\/ceasuri.md\/ru\/wp-json\/wp\/v2\/product"}],"about":[{"href":"https:\/\/ceasuri.md\/ru\/wp-json\/wp\/v2\/types\/product"}],"replies":[{"embeddable":true,"href":"https:\/\/ceasuri.md\/ru\/wp-json\/wp\/v2\/comments?post=43611"}],"wp:featuredmedia":[{"embeddable":true,"href":"https:\/\/ceasuri.md\/ru\/wp-json\/wp\/v2\/media\/43612"}],"wp:attachment":[{"href":"https:\/\/ceasuri.md\/ru\/wp-json\/wp\/v2\/media?parent=43611"}],"wp:term":[{"taxonomy":"product_brand","embeddable":true,"href":"https:\/\/ceasuri.md\/ru\/wp-json\/wp\/v2\/product_brand?post=43611"},{"taxonomy":"product_cat","embeddable":true,"href":"https:\/\/ceasuri.md\/ru\/wp-json\/wp\/v2\/product_cat?post=43611"},{"taxonomy":"product_tag","embeddable":true,"href":"https:\/\/ceasuri.md\/ru\/wp-json\/wp\/v2\/product_tag?post=43611"}],"curies":[{"name":"wp","href":"https:\/\/api.w.org\/{rel}","templated":true}]}}