{"id":43601,"date":"2026-04-02T22:13:19","date_gmt":"2026-04-02T19:13:19","guid":{"rendered":"http:\/\/new.ceasuri.md\/shop\/uncategorized\/fossil-bronson-fs5851\/"},"modified":"2026-04-07T04:08:23","modified_gmt":"2026-04-07T01:08:23","slug":"fossil-bronson-fs5851","status":"publish","type":"product","link":"https:\/\/ceasuri.md\/ru\/shop\/branduri\/fossil\/fossil-bronson-fs5851\/","title":{"rendered":"Ceas FOSSIL BRONSON FS5851"},"content":{"rendered":"<p>Ceas cronograf pentru b\u0103rba\u021bi din colec\u021bia Bronson.<\/p>\n<p>Carcas\u0103 rotund\u0103 de 44 mm, cu carcas\u0103 din o\u021bel inoxidabil periat de 12 mm grosime, culoare neagr\u0103. Cristal de chihlimbar, cadran negru.<\/p>\n<p>Br\u0103\u021bar\u0103 din o\u021bel inoxidabil cu finisaj mat de culoare neagr\u0103.<\/p>\n<p>Rezisten\u021b\u0103 la ap\u0103 5 Atm. Mi\u0219care cu cuar\u021b \/ cronograf.<\/p>","protected":false},"excerpt":{"rendered":"<p>Ceas cronograf pentru b\u0103rba\u021bi din colec\u021bia Bronson. Carcas\u0103 rotund\u0103 de 44 mm, cu carcas\u0103 din o\u021bel inoxidabil periat de 12 mm grosime, culoare neagr\u0103. Cristal de chihlimbar, cadran negru. Br\u0103\u021bar\u0103 din o\u021bel inoxidabil cu finisaj mat de culoare neagr\u0103. Rezisten\u021b\u0103 la ap\u0103 5 Atm. Mi\u0219care cu cuar\u021b \/ cronograf.<\/p>","protected":false},"featured_media":43602,"comment_status":"closed","ping_status":"open","template":"","meta":{"_acf_changed":false},"product_brand":[],"product_cat":[20,396],"product_tag":[],"class_list":{"0":"post-43601","1":"product","2":"type-product","3":"status-publish","4":"has-post-thumbnail","6":"product_cat-ceasuri-barbati","7":"product_cat-fossil","8":"pa_brand-fossil","9":"pa_braslet-otel-inoxidabil","10":"pa_corpus-44-mm","11":"pa_forma-rotund","12":"pa_funcii-cronograf","13":"pa_funcii-data","14":"pa_garatia-24-luni","15":"pa_korpus-negru","16":"pa_material-otel-inoxidabil","17":"pa_material-otel-inoxidabil-periat","18":"pa_mehanizm-quartz","19":"pa_remeshok-negru","20":"pa_steklo-cristal-mineral","21":"pa_strana-sua","22":"pa_voda-5-atm","24":"first","25":"instock","26":"purchasable","27":"product-type-simple"},"acf":[],"_links":{"self":[{"href":"https:\/\/ceasuri.md\/ru\/wp-json\/wp\/v2\/product\/43601","targetHints":{"allow":["GET"]}}],"collection":[{"href":"https:\/\/ceasuri.md\/ru\/wp-json\/wp\/v2\/product"}],"about":[{"href":"https:\/\/ceasuri.md\/ru\/wp-json\/wp\/v2\/types\/product"}],"replies":[{"embeddable":true,"href":"https:\/\/ceasuri.md\/ru\/wp-json\/wp\/v2\/comments?post=43601"}],"wp:featuredmedia":[{"embeddable":true,"href":"https:\/\/ceasuri.md\/ru\/wp-json\/wp\/v2\/media\/43602"}],"wp:attachment":[{"href":"https:\/\/ceasuri.md\/ru\/wp-json\/wp\/v2\/media?parent=43601"}],"wp:term":[{"taxonomy":"product_brand","embeddable":true,"href":"https:\/\/ceasuri.md\/ru\/wp-json\/wp\/v2\/product_brand?post=43601"},{"taxonomy":"product_cat","embeddable":true,"href":"https:\/\/ceasuri.md\/ru\/wp-json\/wp\/v2\/product_cat?post=43601"},{"taxonomy":"product_tag","embeddable":true,"href":"https:\/\/ceasuri.md\/ru\/wp-json\/wp\/v2\/product_tag?post=43601"}],"curies":[{"name":"wp","href":"https:\/\/api.w.org\/{rel}","templated":true}]}}