{"id":43572,"date":"2026-04-02T22:13:19","date_gmt":"2026-04-02T19:13:19","guid":{"rendered":"http:\/\/new.ceasuri.md\/shop\/uncategorized\/fossil-copeland-fs5663\/"},"modified":"2026-04-07T04:08:19","modified_gmt":"2026-04-07T01:08:19","slug":"fossil-copeland-fs5663","status":"publish","type":"product","link":"https:\/\/ceasuri.md\/ru\/shop\/branduri\/fossil\/fossil-copeland-fs5663\/","title":{"rendered":"Ceas FOSSIL COPELAND FS5663"},"content":{"rendered":"<p>Ceas pentru b\u0103rba\u021bi Fossil cu mi\u0219care cu cuar\u021b.<\/p>\n<p>Carcas\u0103 rotund\u0103 din o\u021bel inoxidabil lustruit, cu un diametru de 42 mm \u0219i o grosime de 9 mm.<\/p>\n<p>Cadran analogic bej cu cifre romane \u0219i dungi negre. Sticl\u0103 mineral\u0103.<\/p>\n<p>Curea din piele maro cu l\u0103\u021bimea de 22 mm; \u00eenchidere cu cataram\u0103.<\/p>\n<p>Rezistent la ap\u0103 p\u00e2n\u0103 la 50 de metri.<\/p>","protected":false},"excerpt":{"rendered":"<p>Ceas pentru b\u0103rba\u021bi Fossil cu mi\u0219care cu cuar\u021b. Carcas\u0103 rotund\u0103 din o\u021bel inoxidabil lustruit, cu un diametru de 42 mm \u0219i o grosime de 9 mm. Cadran analogic bej cu cifre romane \u0219i dungi negre. Sticl\u0103 mineral\u0103. Curea din piele maro cu l\u0103\u021bimea de 22 mm; \u00eenchidere cu cataram\u0103. Rezistent la ap\u0103 p\u00e2n\u0103 la 50 [&hellip;]<\/p>\n","protected":false},"featured_media":43573,"comment_status":"closed","ping_status":"open","template":"","meta":{"_acf_changed":false},"product_brand":[],"product_cat":[20,396],"product_tag":[],"class_list":{"0":"post-43572","1":"product","2":"type-product","3":"status-publish","4":"has-post-thumbnail","6":"product_cat-ceasuri-barbati","7":"product_cat-fossil","8":"pa_brand-fossil","9":"pa_braslet-piele","10":"pa_corpus-42-mm","11":"pa_forma-rotund","12":"pa_garatia-24-luni","13":"pa_korpus-argintiu","14":"pa_material-otel-inoxidabil","15":"pa_mehanizm-quartz","16":"pa_remeshok-maro","17":"pa_steklo-cristal-mineral","18":"pa_strana-sua","19":"pa_voda-5-atm","21":"first","22":"instock","23":"purchasable","24":"product-type-simple"},"acf":[],"_links":{"self":[{"href":"https:\/\/ceasuri.md\/ru\/wp-json\/wp\/v2\/product\/43572","targetHints":{"allow":["GET"]}}],"collection":[{"href":"https:\/\/ceasuri.md\/ru\/wp-json\/wp\/v2\/product"}],"about":[{"href":"https:\/\/ceasuri.md\/ru\/wp-json\/wp\/v2\/types\/product"}],"replies":[{"embeddable":true,"href":"https:\/\/ceasuri.md\/ru\/wp-json\/wp\/v2\/comments?post=43572"}],"wp:featuredmedia":[{"embeddable":true,"href":"https:\/\/ceasuri.md\/ru\/wp-json\/wp\/v2\/media\/43573"}],"wp:attachment":[{"href":"https:\/\/ceasuri.md\/ru\/wp-json\/wp\/v2\/media?parent=43572"}],"wp:term":[{"taxonomy":"product_brand","embeddable":true,"href":"https:\/\/ceasuri.md\/ru\/wp-json\/wp\/v2\/product_brand?post=43572"},{"taxonomy":"product_cat","embeddable":true,"href":"https:\/\/ceasuri.md\/ru\/wp-json\/wp\/v2\/product_cat?post=43572"},{"taxonomy":"product_tag","embeddable":true,"href":"https:\/\/ceasuri.md\/ru\/wp-json\/wp\/v2\/product_tag?post=43572"}],"curies":[{"name":"wp","href":"https:\/\/api.w.org\/{rel}","templated":true}]}}