{"id":43557,"date":"2026-04-02T22:13:19","date_gmt":"2026-04-02T19:13:19","guid":{"rendered":"http:\/\/new.ceasuri.md\/shop\/uncategorized\/fossil-machine-fs4682\/"},"modified":"2026-04-07T04:08:15","modified_gmt":"2026-04-07T01:08:15","slug":"fossil-machine-fs4682","status":"publish","type":"product","link":"https:\/\/ceasuri.md\/ru\/shop\/branduri\/fossil\/fossil-machine-fs4682\/","title":{"rendered":"Ceas FOSSIL MACHINE FS4682"},"content":{"rendered":"<p>Ceas cronograf pentru b\u0103rba\u021bi din colec\u021bia Machine.<\/p>\n<p>Modelul cu o carcas\u0103 rotund\u0103 din o\u021bel inoxidabil de culoare neagr\u0103 mat\u0103. Diametrul carcasei este de 42 mm, grosimea de 12 mm.<\/p>\n<p>Cadran negru, lunet\u0103 neagr\u0103 din o\u021bel inoxidabil.<\/p>\n<p>Br\u0103\u021bara acestui ceas este confec\u021bionat\u0103 din o\u021bel inoxidabil de culoare neagr\u0103, cu o \u00eenchidere pliant\u0103. Distan\u021ba dintre urechi este de 22 mm.<\/p>\n<p>Modelul are o mi\u0219care cu cuar\u021b \u0219i cronograf. Rezisten\u021ba la ap\u0103 5 Atm.<\/p>","protected":false},"excerpt":{"rendered":"<p>Ceas cronograf pentru b\u0103rba\u021bi din colec\u021bia Machine. Modelul cu o carcas\u0103 rotund\u0103 din o\u021bel inoxidabil de culoare neagr\u0103 mat\u0103. Diametrul carcasei este de 42 mm, grosimea de 12 mm. Cadran negru, lunet\u0103 neagr\u0103 din o\u021bel inoxidabil. Br\u0103\u021bara acestui ceas este confec\u021bionat\u0103 din o\u021bel inoxidabil de culoare neagr\u0103, cu o \u00eenchidere pliant\u0103. Distan\u021ba dintre urechi este [&hellip;]<\/p>\n","protected":false},"featured_media":43558,"comment_status":"closed","ping_status":"open","template":"","meta":{"_acf_changed":false},"product_brand":[],"product_cat":[20,396],"product_tag":[],"class_list":{"0":"post-43557","1":"product","2":"type-product","3":"status-publish","4":"has-post-thumbnail","6":"product_cat-ceasuri-barbati","7":"product_cat-fossil","8":"pa_brand-fossil","9":"pa_braslet-otel-inoxidabil","10":"pa_corpus-42-mm","11":"pa_forma-rotund","12":"pa_funcii-cronograf","13":"pa_funcii-data","14":"pa_garatia-24-luni","15":"pa_korpus-negru","16":"pa_material-otel-inoxidabil","17":"pa_material-otel-inoxidabil-periat","18":"pa_mehanizm-quartz","19":"pa_remeshok-negru","20":"pa_steklo-cristal-mineral","21":"pa_strana-sua","22":"pa_voda-5-atm","24":"first","25":"instock","26":"purchasable","27":"product-type-simple"},"acf":[],"_links":{"self":[{"href":"https:\/\/ceasuri.md\/ru\/wp-json\/wp\/v2\/product\/43557","targetHints":{"allow":["GET"]}}],"collection":[{"href":"https:\/\/ceasuri.md\/ru\/wp-json\/wp\/v2\/product"}],"about":[{"href":"https:\/\/ceasuri.md\/ru\/wp-json\/wp\/v2\/types\/product"}],"replies":[{"embeddable":true,"href":"https:\/\/ceasuri.md\/ru\/wp-json\/wp\/v2\/comments?post=43557"}],"wp:featuredmedia":[{"embeddable":true,"href":"https:\/\/ceasuri.md\/ru\/wp-json\/wp\/v2\/media\/43558"}],"wp:attachment":[{"href":"https:\/\/ceasuri.md\/ru\/wp-json\/wp\/v2\/media?parent=43557"}],"wp:term":[{"taxonomy":"product_brand","embeddable":true,"href":"https:\/\/ceasuri.md\/ru\/wp-json\/wp\/v2\/product_brand?post=43557"},{"taxonomy":"product_cat","embeddable":true,"href":"https:\/\/ceasuri.md\/ru\/wp-json\/wp\/v2\/product_cat?post=43557"},{"taxonomy":"product_tag","embeddable":true,"href":"https:\/\/ceasuri.md\/ru\/wp-json\/wp\/v2\/product_tag?post=43557"}],"curies":[{"name":"wp","href":"https:\/\/api.w.org\/{rel}","templated":true}]}}