{"id":43530,"date":"2026-04-02T22:12:31","date_gmt":"2026-04-02T19:12:31","guid":{"rendered":"http:\/\/new.ceasuri.md\/shop\/uncategorized\/fossil-jacqueline-multifunction-es5098\/"},"modified":"2026-04-07T04:08:11","modified_gmt":"2026-04-07T01:08:11","slug":"fossil-jacqueline-multifunction-es5098","status":"publish","type":"product","link":"https:\/\/ceasuri.md\/ru\/shop\/branduri\/fossil\/fossil-jacqueline-multifunction-es5098\/","title":{"rendered":"Ceas FOSSIL JACQUELINE MULTIFUNCTION ES5098"},"content":{"rendered":"<p>Ceas multifunc\u021bional pentru femei cu mi\u0219care cu cuar\u021b.<\/p>\n<p>Carcas\u0103 din o\u021bel inoxidabil cu un diametru de 38 mm \u0219i o grosime de 8 mm.<\/p>\n<p>Cadran cu indici, cifre romane \u0219i fereastr\u0103 pentru data cu ziua lunii \u0219i a s\u0103pt\u0103m\u00e2nii.<\/p>\n<p>Curea de 16 mm l\u0103\u021bime din o\u021bel milanez hipoalergenic.<\/p>\n<p>Rezistent la ap\u0103 p\u00e2n\u0103 la 50 de metri.<\/p>","protected":false},"excerpt":{"rendered":"<p>Ceas multifunc\u021bional pentru femei cu mi\u0219care cu cuar\u021b. Carcas\u0103 din o\u021bel inoxidabil cu un diametru de 38 mm \u0219i o grosime de 8 mm. Cadran cu indici, cifre romane \u0219i fereastr\u0103 pentru data cu ziua lunii \u0219i a s\u0103pt\u0103m\u00e2nii. Curea de 16 mm l\u0103\u021bime din o\u021bel milanez hipoalergenic. Rezistent la ap\u0103 p\u00e2n\u0103 la 50 de [&hellip;]<\/p>\n","protected":false},"featured_media":43531,"comment_status":"closed","ping_status":"open","template":"","meta":{"_acf_changed":false},"product_brand":[],"product_cat":[25,396],"product_tag":[],"class_list":{"0":"post-43530","1":"product","2":"type-product","3":"status-publish","4":"has-post-thumbnail","6":"product_cat-ceasuri-dama","7":"product_cat-fossil","8":"pa_brand-fossil","9":"pa_braslet-otel-inoxidabil","10":"pa_corpus-38-mm","11":"pa_forma-rotund","12":"pa_funcii-data","13":"pa_funcii-ziua-saptamanii","14":"pa_garatia-24-luni","15":"pa_korpus-roz-gold","16":"pa_material-otel-inoxidabil","17":"pa_mehanizm-quartz","18":"pa_remeshok-roz-gold","19":"pa_steklo-cristal-mineral","20":"pa_strana-sua","21":"pa_voda-5-atm","23":"first","24":"instock","25":"purchasable","26":"product-type-simple"},"acf":[],"_links":{"self":[{"href":"https:\/\/ceasuri.md\/ru\/wp-json\/wp\/v2\/product\/43530","targetHints":{"allow":["GET"]}}],"collection":[{"href":"https:\/\/ceasuri.md\/ru\/wp-json\/wp\/v2\/product"}],"about":[{"href":"https:\/\/ceasuri.md\/ru\/wp-json\/wp\/v2\/types\/product"}],"replies":[{"embeddable":true,"href":"https:\/\/ceasuri.md\/ru\/wp-json\/wp\/v2\/comments?post=43530"}],"wp:featuredmedia":[{"embeddable":true,"href":"https:\/\/ceasuri.md\/ru\/wp-json\/wp\/v2\/media\/43531"}],"wp:attachment":[{"href":"https:\/\/ceasuri.md\/ru\/wp-json\/wp\/v2\/media?parent=43530"}],"wp:term":[{"taxonomy":"product_brand","embeddable":true,"href":"https:\/\/ceasuri.md\/ru\/wp-json\/wp\/v2\/product_brand?post=43530"},{"taxonomy":"product_cat","embeddable":true,"href":"https:\/\/ceasuri.md\/ru\/wp-json\/wp\/v2\/product_cat?post=43530"},{"taxonomy":"product_tag","embeddable":true,"href":"https:\/\/ceasuri.md\/ru\/wp-json\/wp\/v2\/product_tag?post=43530"}],"curies":[{"name":"wp","href":"https:\/\/api.w.org\/{rel}","templated":true}]}}