{"id":43482,"date":"2026-04-02T22:12:31","date_gmt":"2026-04-02T19:12:31","guid":{"rendered":"http:\/\/new.ceasuri.md\/shop\/uncategorized\/fossil-val-earring-jf03859710\/"},"modified":"2026-04-20T00:27:38","modified_gmt":"2026-04-19T21:27:38","slug":"fossil-val-earring-jf03859710","status":"publish","type":"product","link":"https:\/\/ceasuri.md\/ru\/shop\/accesorii\/accesorii-dama\/cercei\/fossil-val-earring-jf03859710\/","title":{"rendered":"FOSSIL VAL EARRING JF03859710"},"content":{"rendered":"<p>Bijuteriile brandului ofer\u0103 o varietate infinit\u0103 de modele, at\u00e2t clasice, c\u00e2t \u0219i moderne. Acesta este probabil motivul pentru care Fossil reu\u0219e\u0219te s\u0103 se adreseze tuturor gusturilor, chiar \u0219i celor mai preten\u021bio\u0219i clien\u021bi.<\/p>\n<p>Datorit\u0103 jocului de contraste, bijuteriile acestui brand vor completa perfect imaginea. O colec\u021bie separat\u0103 este disponibil\u0103 pentru tineri, ceea ce v\u0103 permite s\u0103 alege\u021bi piese pentru fiecare zi.<\/p>\n<p>Cercei pentru femei din colec\u021bia Val de la Fossil. Cercei din o\u021bel inoxidabil de culoare aurie \u0219i n\u0103luc\u0103 cu cristale transparente. Lungime 9 mm, l\u0103\u021bime 6,2 mm.<\/p>","protected":false},"excerpt":{"rendered":"<p>Bijuteriile brandului ofer\u0103 o varietate infinit\u0103 de modele, at\u00e2t clasice, c\u00e2t \u0219i moderne. Acesta este probabil motivul pentru care Fossil reu\u0219e\u0219te s\u0103 se adreseze tuturor gusturilor, chiar \u0219i celor mai preten\u021bio\u0219i clien\u021bi. Datorit\u0103 jocului de contraste, bijuteriile acestui brand vor completa perfect imaginea. O colec\u021bie separat\u0103 este disponibil\u0103 pentru tineri, ceea ce v\u0103 permite s\u0103 [&hellip;]<\/p>\n","protected":false},"featured_media":43483,"comment_status":"closed","ping_status":"open","template":"","meta":{"_acf_changed":false},"product_brand":[],"product_cat":[585,396],"product_tag":[],"class_list":{"0":"post-43482","1":"product","2":"type-product","3":"status-publish","4":"has-post-thumbnail","6":"product_cat-cercei","7":"product_cat-fossil","8":"pa_brand-fossil","9":"pa_braslet-otel-inoxidabil","10":"pa_corpus-6x9mm","11":"pa_decor-sidef","12":"pa_korpus-auriu","13":"pa_material-otel-inoxidabil","14":"pa_strana-sua","16":"first","17":"instock","18":"purchasable","19":"product-type-simple"},"acf":[],"_links":{"self":[{"href":"https:\/\/ceasuri.md\/ru\/wp-json\/wp\/v2\/product\/43482","targetHints":{"allow":["GET"]}}],"collection":[{"href":"https:\/\/ceasuri.md\/ru\/wp-json\/wp\/v2\/product"}],"about":[{"href":"https:\/\/ceasuri.md\/ru\/wp-json\/wp\/v2\/types\/product"}],"replies":[{"embeddable":true,"href":"https:\/\/ceasuri.md\/ru\/wp-json\/wp\/v2\/comments?post=43482"}],"wp:featuredmedia":[{"embeddable":true,"href":"https:\/\/ceasuri.md\/ru\/wp-json\/wp\/v2\/media\/43483"}],"wp:attachment":[{"href":"https:\/\/ceasuri.md\/ru\/wp-json\/wp\/v2\/media?parent=43482"}],"wp:term":[{"taxonomy":"product_brand","embeddable":true,"href":"https:\/\/ceasuri.md\/ru\/wp-json\/wp\/v2\/product_brand?post=43482"},{"taxonomy":"product_cat","embeddable":true,"href":"https:\/\/ceasuri.md\/ru\/wp-json\/wp\/v2\/product_cat?post=43482"},{"taxonomy":"product_tag","embeddable":true,"href":"https:\/\/ceasuri.md\/ru\/wp-json\/wp\/v2\/product_tag?post=43482"}],"curies":[{"name":"wp","href":"https:\/\/api.w.org\/{rel}","templated":true}]}}