{"id":43442,"date":"2026-04-02T22:11:13","date_gmt":"2026-04-02T19:11:13","guid":{"rendered":"http:\/\/new.ceasuri.md\/shop\/uncategorized\/diesel-mega-chief-dz4283\/"},"modified":"2026-04-07T04:07:58","modified_gmt":"2026-04-07T01:07:58","slug":"diesel-mega-chief-dz4283","status":"publish","type":"product","link":"https:\/\/ceasuri.md\/ru\/shop\/branduri\/diesel\/diesel-mega-chief-dz4283\/","title":{"rendered":"Ceas DIESEL MEGA CHIEF DZ4283"},"content":{"rendered":"<p>Diesel se afl\u0103 la intersec\u021bia dintre inova\u021bie, m\u0103iestrie \u0219i design \u00eendr\u0103zne\u021b. Un brand venerat pentru piesele sale de impact \u0219i pentru angajamentul fa\u021b\u0103 de materialele de \u00eenalt\u0103 calitate, Diesel merge \u00eenainte cu ceasuri construite pentru b\u0103rbatul modern.<\/p>\n<p>Cunoscut pentru estetica sa robust\u0103, dar elegant\u0103, Diesel creeaz\u0103 ceasuri care nu sunt simple dispozitive de indicare a timpului, ci simboluri ale puterii \u0219i rezisten\u021bei.<\/p>\n<p>Alimentat\u0103 de o istorie bogat\u0103 care dateaz\u0103 din anii 1970, Diesel este sinonim\u0103 cu \u00eendr\u0103zneala \u0219i \u00eencrederea \u00eendr\u0103znea\u021b\u0103. Combin\u0103 \u00een mod unic designul italian cu o creativitate ne\u00eenfricat\u0103, care este evident\u0103 \u00een fiecare dintre ceasurile sale.<\/p>\n<p>S\u0103 de\u021bii un ceas Diesel \u00eenseamn\u0103 s\u0103 \u00eentruchipezi esen\u021ba \u00eendr\u0103znelii, r\u0103m\u00e2n\u00e2nd \u00een acela\u0219i timp fidel propriului stil \u0219i rafinament.<\/p>","protected":false},"excerpt":{"rendered":"<p>Diesel se afl\u0103 la intersec\u021bia dintre inova\u021bie, m\u0103iestrie \u0219i design \u00eendr\u0103zne\u021b. Un brand venerat pentru piesele sale de impact \u0219i pentru angajamentul fa\u021b\u0103 de materialele de \u00eenalt\u0103 calitate, Diesel merge \u00eenainte cu ceasuri construite pentru b\u0103rbatul modern. Cunoscut pentru estetica sa robust\u0103, dar elegant\u0103, Diesel creeaz\u0103 ceasuri care nu sunt simple dispozitive de indicare a [&hellip;]<\/p>\n","protected":false},"featured_media":43443,"comment_status":"closed","ping_status":"open","template":"","meta":{"_acf_changed":false},"product_brand":[],"product_cat":[20,580],"product_tag":[],"class_list":{"0":"post-43442","1":"product","2":"type-product","3":"status-publish","4":"has-post-thumbnail","6":"product_cat-ceasuri-barbati","7":"product_cat-diesel","8":"pa_brand-diesel","9":"pa_braslet-otel-inoxidabil","10":"pa_corpus-51-mm","11":"pa_forma-rotund","12":"pa_funcii-cronograf","13":"pa_funcii-data","14":"pa_garatia-24-luni","15":"pa_korpus-negru","16":"pa_material-otel-inoxidabil","17":"pa_mehanizm-quartz","18":"pa_remeshok-negru","19":"pa_steklo-cristal-mineral","20":"pa_strana-italia","21":"pa_voda-10-atm","23":"first","24":"instock","25":"purchasable","26":"product-type-simple"},"acf":[],"_links":{"self":[{"href":"https:\/\/ceasuri.md\/ru\/wp-json\/wp\/v2\/product\/43442","targetHints":{"allow":["GET"]}}],"collection":[{"href":"https:\/\/ceasuri.md\/ru\/wp-json\/wp\/v2\/product"}],"about":[{"href":"https:\/\/ceasuri.md\/ru\/wp-json\/wp\/v2\/types\/product"}],"replies":[{"embeddable":true,"href":"https:\/\/ceasuri.md\/ru\/wp-json\/wp\/v2\/comments?post=43442"}],"wp:featuredmedia":[{"embeddable":true,"href":"https:\/\/ceasuri.md\/ru\/wp-json\/wp\/v2\/media\/43443"}],"wp:attachment":[{"href":"https:\/\/ceasuri.md\/ru\/wp-json\/wp\/v2\/media?parent=43442"}],"wp:term":[{"taxonomy":"product_brand","embeddable":true,"href":"https:\/\/ceasuri.md\/ru\/wp-json\/wp\/v2\/product_brand?post=43442"},{"taxonomy":"product_cat","embeddable":true,"href":"https:\/\/ceasuri.md\/ru\/wp-json\/wp\/v2\/product_cat?post=43442"},{"taxonomy":"product_tag","embeddable":true,"href":"https:\/\/ceasuri.md\/ru\/wp-json\/wp\/v2\/product_tag?post=43442"}],"curies":[{"name":"wp","href":"https:\/\/api.w.org\/{rel}","templated":true}]}}