{"id":43382,"date":"2026-04-02T22:11:13","date_gmt":"2026-04-02T19:11:13","guid":{"rendered":"http:\/\/new.ceasuri.md\/shop\/uncategorized\/casio-g-shock-gma-s2100-4aer\/"},"modified":"2026-04-20T00:08:17","modified_gmt":"2026-04-19T21:08:17","slug":"casio-g-shock-gma-s2100-4aer","status":"publish","type":"product","link":"https:\/\/ceasuri.md\/ru\/shop\/branduri\/casio\/casio-g-shock-gma-s2100-4aer\/","title":{"rendered":"Ceas CASIO G-SHOCK GMA-S2100-4AER"},"content":{"rendered":"<p>Ceasurile sport func\u021bionale vor fi apreciate de femeile active.<\/p>\n<p>Ceasuri cu structur\u0103 Carbon Core Guard. Carcasa din plastic rezistent la \u0219ocuri cu fibre de carbon este mai rezistent\u0103 \u0219i, \u00een acela\u0219i timp, mai u\u0219oar\u0103. Acela\u0219i material protejeaz\u0103 modulul interior \u00eempotriva deterior\u0103rii \u0219i deform\u0103rii \u00een timpul \u0219ocurilor.<\/p>\n<p>O lumin\u0103 de fundal electroluminescent\u0103 lumineaz\u0103 \u00eentregul cadran. Func\u021bia de hublou \u00eemperecheat ilumineaz\u0103 nu numai cadranul analogic, ci \u0219i afi\u0219ajul digital.  Culoarea luminii de fundal: alb. Afterglow. Acoperirea antireflectiv\u0103 de acumulare a luminii asigur\u0103 o postlucire de lung\u0103 durat\u0103 \u00een \u00eentuneric, chiar \u0219i dup\u0103 o scurt\u0103 expunere la lumin\u0103.<\/p>\n<p>Format de timp de 12 \u0219i 24 de ore. Cronometru cu dou\u0103 citiri de precizie: 1\/100s (\u00eenainte de 1h) \u0219i 1s (dup\u0103 1h) \u0219i timp de m\u0103surare de 24 de ore. Cronometru cu num\u0103r\u0103toare invers\u0103 de la 1sec la 24h cu repeti\u021bie automat\u0103.<\/p>\n<p>Ora mondial\u0103 &#8211; 48 de ora\u0219e (31 de fusuri orare), timp universal coordonat (UTC). Func\u021bie de activare\/dezactivare a orei de var\u0103.<br \/>\nIndicatorul retrograd pentru s\u0103pt\u0103m\u00e2n\u0103. Func\u021bii de mutare\/dezactivare a sunetului de mi\u0219care a m\u00e2inii pentru vizionarea f\u0103r\u0103 obstacole a informa\u021biilor de pe afi\u0219ajele digitale.<\/p>\n<p>Curea din polimer cu cataram\u0103 clasic\u0103 \u0219i sistem de schimbare rapid\u0103.<\/p>","protected":false},"excerpt":{"rendered":"<p>Ceasurile sport func\u021bionale vor fi apreciate de femeile active. Ceasuri cu structur\u0103 Carbon Core Guard. Carcasa din plastic rezistent la \u0219ocuri cu fibre de carbon este mai rezistent\u0103 \u0219i, \u00een acela\u0219i timp, mai u\u0219oar\u0103. Acela\u0219i material protejeaz\u0103 modulul interior \u00eempotriva deterior\u0103rii \u0219i deform\u0103rii \u00een timpul \u0219ocurilor. O lumin\u0103 de fundal electroluminescent\u0103 lumineaz\u0103 \u00eentregul cadran. Func\u021bia [&hellip;]<\/p>\n","protected":false},"featured_media":43383,"comment_status":"closed","ping_status":"open","template":"","meta":{"_acf_changed":false},"product_brand":[],"product_cat":[27,25,419],"product_tag":[],"class_list":{"0":"post-43382","1":"product","2":"type-product","3":"status-publish","4":"has-post-thumbnail","6":"product_cat-casio","7":"product_cat-ceasuri-dama","8":"product_cat-g-shock","9":"pa_brand-casio","10":"pa_brand-g-shock","11":"pa_braslet-plastic","12":"pa_corpus-43x46mm","13":"pa_forma-octogonala","14":"pa_funcii-calendar","15":"pa_funcii-cronometru","16":"pa_funcii-dual-time","17":"pa_funcii-iluminare","18":"pa_funcii-timp-mondial","19":"pa_funcii-ziua-saptamanii","20":"pa_garatia-24-luni","21":"pa_korpus-bej","22":"pa_kvarc-quartz","23":"pa_material-carbon","24":"pa_material-plastic","25":"pa_mehanizm-electronic","26":"pa_mehanizm-quartz","27":"pa_remeshok-bej","28":"pa_steklo-cristal-mineral","29":"pa_strana-japonia","30":"pa_voda-20-atm","32":"first","33":"instock","34":"purchasable","35":"product-type-simple"},"acf":[],"_links":{"self":[{"href":"https:\/\/ceasuri.md\/ru\/wp-json\/wp\/v2\/product\/43382","targetHints":{"allow":["GET"]}}],"collection":[{"href":"https:\/\/ceasuri.md\/ru\/wp-json\/wp\/v2\/product"}],"about":[{"href":"https:\/\/ceasuri.md\/ru\/wp-json\/wp\/v2\/types\/product"}],"replies":[{"embeddable":true,"href":"https:\/\/ceasuri.md\/ru\/wp-json\/wp\/v2\/comments?post=43382"}],"wp:featuredmedia":[{"embeddable":true,"href":"https:\/\/ceasuri.md\/ru\/wp-json\/wp\/v2\/media\/43383"}],"wp:attachment":[{"href":"https:\/\/ceasuri.md\/ru\/wp-json\/wp\/v2\/media?parent=43382"}],"wp:term":[{"taxonomy":"product_brand","embeddable":true,"href":"https:\/\/ceasuri.md\/ru\/wp-json\/wp\/v2\/product_brand?post=43382"},{"taxonomy":"product_cat","embeddable":true,"href":"https:\/\/ceasuri.md\/ru\/wp-json\/wp\/v2\/product_cat?post=43382"},{"taxonomy":"product_tag","embeddable":true,"href":"https:\/\/ceasuri.md\/ru\/wp-json\/wp\/v2\/product_tag?post=43382"}],"curies":[{"name":"wp","href":"https:\/\/api.w.org\/{rel}","templated":true}]}}