{"id":43378,"date":"2026-04-02T22:11:13","date_gmt":"2026-04-02T19:11:13","guid":{"rendered":"http:\/\/new.ceasuri.md\/shop\/uncategorized\/casio-g-shock-gx-56bb-1\/"},"modified":"2026-04-16T20:49:49","modified_gmt":"2026-04-16T17:49:49","slug":"casio-g-shock-gx-56bb-1","status":"publish","type":"product","link":"https:\/\/ceasuri.md\/ru\/shop\/branduri\/casio\/casio-g-shock-gx-56bb-1\/","title":{"rendered":"Ceas CASIO GX-56BB-1 G-Shock"},"content":{"rendered":"<p>Un ceas pentru b\u0103rba\u021bi adev\u0103ra\u021bi.<\/p>\n<p>Lumina de fundal electroluminescent\u0103 lumineaz\u0103 \u00eentregul cadran. Lumina de fundal se activeaz\u0103 atunci c\u00e2nd lumina este insuficient\u0103 \u0219i se dezactiveaz\u0103 atunci c\u00e2nd este suficient\u0103 lumin\u0103.<\/p>\n<p>Alimentat cu energie solar\u0103, indicator al nivelului de \u00eenc\u0103rcare a bateriei. Func\u021bie automat\u0103 de economisire a energiei (dezactiveaz\u0103 afi\u0219ajul LCD). Durata de via\u021b\u0103 a bateriei f\u0103r\u0103 re\u00eenc\u0103rcare &#8211; 11 luni, cu func\u021bia de economisire a energiei activat\u0103 &#8211; 27 de luni.<\/p>\n<p>Cronometru cu precizie de 1\/100 de sec \u0219i timp de m\u0103surare de 24 de ore. Cronometru cu num\u0103r\u0103toare invers\u0103 de la 1min la 24h. Ora mondial\u0103 &#8211; 38 de ora\u0219e (31 de fusuri orare), posibilitatea de a activa\/dezactiva ora de var\u0103. Formatul orei de 12 \u0219i 24 de ore. Func\u021bie de activare\/dezactivare a sunetului.<\/p>\n<p>Carcasa anti\u0219oc protejeaz\u0103 mi\u0219carea de \u0219ocuri \u0219i vibra\u021bii. Protejeaz\u0103 \u00eempotriva p\u0103trunderii prafului \u0219i a murd\u0103riei \u00een interior.<\/p>","protected":false},"excerpt":{"rendered":"<p>Un ceas pentru b\u0103rba\u021bi adev\u0103ra\u021bi. Lumina de fundal electroluminescent\u0103 lumineaz\u0103 \u00eentregul cadran. Lumina de fundal se activeaz\u0103 atunci c\u00e2nd lumina este insuficient\u0103 \u0219i se dezactiveaz\u0103 atunci c\u00e2nd este suficient\u0103 lumin\u0103. Alimentat cu energie solar\u0103, indicator al nivelului de \u00eenc\u0103rcare a bateriei. Func\u021bie automat\u0103 de economisire a energiei (dezactiveaz\u0103 afi\u0219ajul LCD). Durata de via\u021b\u0103 a bateriei [&hellip;]<\/p>\n","protected":false},"featured_media":43379,"comment_status":"closed","ping_status":"open","template":"","meta":{"_acf_changed":false},"product_brand":[],"product_cat":[27,20,419],"product_tag":[],"class_list":{"0":"post-43378","1":"product","2":"type-product","3":"status-publish","4":"has-post-thumbnail","6":"product_cat-casio","7":"product_cat-ceasuri-barbati","8":"product_cat-g-shock","9":"pa_brand-casio","10":"pa_brand-g-shock","11":"pa_braslet-plastic","12":"pa_corpus-54x56mm","13":"pa_forma-octogonala","14":"pa_funcii-alarma","15":"pa_funcii-calendar","16":"pa_funcii-cronometru","17":"pa_funcii-iluminare","18":"pa_funcii-rezerva-de-energie","19":"pa_funcii-timp-mondial","20":"pa_funcii-total-black","21":"pa_garatia-24-luni","22":"pa_korpus-negru","23":"pa_kvarc-quartz","24":"pa_material-plastic","25":"pa_mehanizm-baterie-solara","26":"pa_remeshok-negru","27":"pa_steklo-cristal-mineral","28":"pa_strana-japonia","29":"pa_voda-20-atm","31":"first","32":"instock","33":"purchasable","34":"product-type-simple"},"acf":[],"_links":{"self":[{"href":"https:\/\/ceasuri.md\/ru\/wp-json\/wp\/v2\/product\/43378","targetHints":{"allow":["GET"]}}],"collection":[{"href":"https:\/\/ceasuri.md\/ru\/wp-json\/wp\/v2\/product"}],"about":[{"href":"https:\/\/ceasuri.md\/ru\/wp-json\/wp\/v2\/types\/product"}],"replies":[{"embeddable":true,"href":"https:\/\/ceasuri.md\/ru\/wp-json\/wp\/v2\/comments?post=43378"}],"wp:featuredmedia":[{"embeddable":true,"href":"https:\/\/ceasuri.md\/ru\/wp-json\/wp\/v2\/media\/43379"}],"wp:attachment":[{"href":"https:\/\/ceasuri.md\/ru\/wp-json\/wp\/v2\/media?parent=43378"}],"wp:term":[{"taxonomy":"product_brand","embeddable":true,"href":"https:\/\/ceasuri.md\/ru\/wp-json\/wp\/v2\/product_brand?post=43378"},{"taxonomy":"product_cat","embeddable":true,"href":"https:\/\/ceasuri.md\/ru\/wp-json\/wp\/v2\/product_cat?post=43378"},{"taxonomy":"product_tag","embeddable":true,"href":"https:\/\/ceasuri.md\/ru\/wp-json\/wp\/v2\/product_tag?post=43378"}],"curies":[{"name":"wp","href":"https:\/\/api.w.org\/{rel}","templated":true}]}}