{"id":43369,"date":"2026-04-02T22:11:13","date_gmt":"2026-04-02T19:11:13","guid":{"rendered":"http:\/\/new.ceasuri.md\/shop\/uncategorized\/casio-collection-w-800h-1aves\/"},"modified":"2026-04-15T19:47:40","modified_gmt":"2026-04-15T16:47:40","slug":"casio-collection-w-800h-1aves","status":"publish","type":"product","link":"https:\/\/ceasuri.md\/ru\/shop\/branduri\/casio\/casio-collection-w-800h-1aves\/","title":{"rendered":"Ceas CASIO COLLECTION W-800H-1AVES"},"content":{"rendered":"<p>Ceasul de m\u00e2n\u0103 Casio este o op\u021biune minunat\u0103 de cadou de buget pentru fanii lucrurilor practice \u0219i func\u021bionale.<\/p>\n<p>partea din fa\u021b\u0103 a accesoriului exist\u0103 un afi\u0219aj LCD, care arat\u0103: cronometru cu o precizie de 1\/100 sec \u0219i timp maxim de m\u0103surare &#8211; 24 de ore, indicator de dat\u0103 curent\u0103, ziua s\u0103pt\u0103m\u00e2nii \u0219i luna.<\/p>\n<p>Format de afi\u0219are a timpului de 12 \u0219i 24 de ore.<\/p>\n<p>Cadranul este luminat de un LED situat \u00een col\u021bul.<\/p>\n<p>Fundul carcasei din o\u021bel inoxidabil cu fixare cu \u0219uruburi la carcas\u0103. Curea cu cataram\u0103 clasic\u0103.<\/p>","protected":false},"excerpt":{"rendered":"<p>Ceasul de m\u00e2n\u0103 Casio este o op\u021biune minunat\u0103 de cadou de buget pentru fanii lucrurilor practice \u0219i func\u021bionale. partea din fa\u021b\u0103 a accesoriului exist\u0103 un afi\u0219aj LCD, care arat\u0103: cronometru cu o precizie de 1\/100 sec \u0219i timp maxim de m\u0103surare &#8211; 24 de ore, indicator de dat\u0103 curent\u0103, ziua s\u0103pt\u0103m\u00e2nii \u0219i luna. Format de [&hellip;]<\/p>\n","protected":false},"featured_media":43370,"comment_status":"closed","ping_status":"open","template":"","meta":{"_acf_changed":false},"product_brand":[],"product_cat":[27,20],"product_tag":[],"class_list":{"0":"post-43369","1":"product","2":"type-product","3":"status-publish","4":"has-post-thumbnail","6":"product_cat-casio","7":"product_cat-ceasuri-barbati","8":"pa_brand-casio","9":"pa_braslet-plastic","10":"pa_corpus-37x44mm","11":"pa_forma-octogonala","12":"pa_funcii-alarma","13":"pa_funcii-calendar","14":"pa_funcii-cronometru","15":"pa_funcii-dual-time","16":"pa_funcii-iluminare","17":"pa_garatia-24-luni","18":"pa_korpus-negru","19":"pa_kvarc-quartz","20":"pa_material-plastic","21":"pa_mehanizm-electronic","22":"pa_remeshok-negru","23":"pa_steklo-plastic","24":"pa_strana-japonia","25":"pa_voda-10-atm","27":"first","28":"instock","29":"purchasable","30":"product-type-simple"},"acf":[],"_links":{"self":[{"href":"https:\/\/ceasuri.md\/ru\/wp-json\/wp\/v2\/product\/43369","targetHints":{"allow":["GET"]}}],"collection":[{"href":"https:\/\/ceasuri.md\/ru\/wp-json\/wp\/v2\/product"}],"about":[{"href":"https:\/\/ceasuri.md\/ru\/wp-json\/wp\/v2\/types\/product"}],"replies":[{"embeddable":true,"href":"https:\/\/ceasuri.md\/ru\/wp-json\/wp\/v2\/comments?post=43369"}],"wp:featuredmedia":[{"embeddable":true,"href":"https:\/\/ceasuri.md\/ru\/wp-json\/wp\/v2\/media\/43370"}],"wp:attachment":[{"href":"https:\/\/ceasuri.md\/ru\/wp-json\/wp\/v2\/media?parent=43369"}],"wp:term":[{"taxonomy":"product_brand","embeddable":true,"href":"https:\/\/ceasuri.md\/ru\/wp-json\/wp\/v2\/product_brand?post=43369"},{"taxonomy":"product_cat","embeddable":true,"href":"https:\/\/ceasuri.md\/ru\/wp-json\/wp\/v2\/product_cat?post=43369"},{"taxonomy":"product_tag","embeddable":true,"href":"https:\/\/ceasuri.md\/ru\/wp-json\/wp\/v2\/product_tag?post=43369"}],"curies":[{"name":"wp","href":"https:\/\/api.w.org\/{rel}","templated":true}]}}