{"id":43347,"date":"2026-04-02T22:10:18","date_gmt":"2026-04-02T19:10:18","guid":{"rendered":"http:\/\/new.ceasuri.md\/shop\/uncategorized\/fossil-neutra-chrono-fs5791\/"},"modified":"2026-04-07T04:07:42","modified_gmt":"2026-04-07T01:07:42","slug":"fossil-neutra-chrono-fs5791","status":"publish","type":"product","link":"https:\/\/ceasuri.md\/ru\/shop\/branduri\/fossil\/fossil-neutra-chrono-fs5791\/","title":{"rendered":"Ceas FOSSIL NEUTRA CHRONO FS5791"},"content":{"rendered":"<p>Ceas cronograf pentru b\u0103rba\u021bi din colec\u021bia Neutra Chrono.<\/p>\n<p>Ceas cronograf cu carcas\u0103 din o\u021bel inoxidabil, finisaj mixt. Form\u0103: rotund\u0103. Grosime: 12 mm. Dimensiune: 44 mm. Culoarea cadranului: albastru.<\/p>\n<p>Curea din piele maro cu finisaj lucios cu cataram\u0103. Rezistent la ap\u0103 &#8211; 5 atm. Mi\u0219care cu cuar\u021b.<\/p>","protected":false},"excerpt":{"rendered":"<p>Ceas cronograf pentru b\u0103rba\u021bi din colec\u021bia Neutra Chrono. Ceas cronograf cu carcas\u0103 din o\u021bel inoxidabil, finisaj mixt. Form\u0103: rotund\u0103. Grosime: 12 mm. Dimensiune: 44 mm. Culoarea cadranului: albastru. Curea din piele maro cu finisaj lucios cu cataram\u0103. Rezistent la ap\u0103 &#8211; 5 atm. Mi\u0219care cu cuar\u021b.<\/p>","protected":false},"featured_media":43348,"comment_status":"closed","ping_status":"open","template":"","meta":{"_acf_changed":false},"product_brand":[],"product_cat":[20,396],"product_tag":[],"class_list":{"0":"post-43347","1":"product","2":"type-product","3":"status-publish","4":"has-post-thumbnail","6":"product_cat-ceasuri-barbati","7":"product_cat-fossil","8":"pa_brand-fossil","9":"pa_braslet-piele","10":"pa_corpus-44-mm","11":"pa_forma-rotund","12":"pa_funcii-cronograf","13":"pa_funcii-data","14":"pa_garatia-24-luni","15":"pa_korpus-albastru-inchis","16":"pa_korpus-argintiu","17":"pa_material-otel-inoxidabil","18":"pa_material-otel-inoxidabil-periat","19":"pa_mehanizm-quartz","20":"pa_remeshok-maro","21":"pa_steklo-cristal-mineral","22":"pa_strana-sua","23":"pa_voda-5-atm","25":"first","26":"instock","27":"purchasable","28":"product-type-simple"},"acf":[],"_links":{"self":[{"href":"https:\/\/ceasuri.md\/ru\/wp-json\/wp\/v2\/product\/43347","targetHints":{"allow":["GET"]}}],"collection":[{"href":"https:\/\/ceasuri.md\/ru\/wp-json\/wp\/v2\/product"}],"about":[{"href":"https:\/\/ceasuri.md\/ru\/wp-json\/wp\/v2\/types\/product"}],"replies":[{"embeddable":true,"href":"https:\/\/ceasuri.md\/ru\/wp-json\/wp\/v2\/comments?post=43347"}],"wp:featuredmedia":[{"embeddable":true,"href":"https:\/\/ceasuri.md\/ru\/wp-json\/wp\/v2\/media\/43348"}],"wp:attachment":[{"href":"https:\/\/ceasuri.md\/ru\/wp-json\/wp\/v2\/media?parent=43347"}],"wp:term":[{"taxonomy":"product_brand","embeddable":true,"href":"https:\/\/ceasuri.md\/ru\/wp-json\/wp\/v2\/product_brand?post=43347"},{"taxonomy":"product_cat","embeddable":true,"href":"https:\/\/ceasuri.md\/ru\/wp-json\/wp\/v2\/product_cat?post=43347"},{"taxonomy":"product_tag","embeddable":true,"href":"https:\/\/ceasuri.md\/ru\/wp-json\/wp\/v2\/product_tag?post=43347"}],"curies":[{"name":"wp","href":"https:\/\/api.w.org\/{rel}","templated":true}]}}