{"id":43343,"date":"2026-04-02T22:10:18","date_gmt":"2026-04-02T19:10:18","guid":{"rendered":"http:\/\/new.ceasuri.md\/shop\/uncategorized\/fossil-neutra-chrono-fs5452\/"},"modified":"2026-04-17T13:25:41","modified_gmt":"2026-04-17T10:25:41","slug":"fossil-neutra-chrono-fs5452","status":"publish","type":"product","link":"https:\/\/ceasuri.md\/ru\/shop\/branduri\/fossil\/fossil-neutra-chrono-fs5452\/","title":{"rendered":"Ceas FOSSIL NEUTRA CHRONO FS5452"},"content":{"rendered":"<p>Ceas cronograf pentru b\u0103rba\u021bi din colec\u021bia Neutra Chrono.<\/p>\n<p>Cu o carcas\u0103 rotund\u0103 de 44 mm din o\u021bel inoxidabil cu finisaj mixt de culoare argintie \u0219i o grosime de 12 mm.<\/p>\n<p>Ceas cu cadran negru, luneta din o\u021bel inoxidabil de culoare argintie cu finisaj lustruit.<\/p>\n<p>Curea din piele neagr\u0103 cu finisaj lucios, \u00eenchidere cu cataram\u0103. Ceas cu mi\u0219care cu cuar\u021b \u0219i rezisten\u021b\u0103 la ap\u0103 de 5 atm.<\/p>","protected":false},"excerpt":{"rendered":"<p>Ceas cronograf pentru b\u0103rba\u021bi din colec\u021bia Neutra Chrono. Cu o carcas\u0103 rotund\u0103 de 44 mm din o\u021bel inoxidabil cu finisaj mixt de culoare argintie \u0219i o grosime de 12 mm. Ceas cu cadran negru, luneta din o\u021bel inoxidabil de culoare argintie cu finisaj lustruit. Curea din piele neagr\u0103 cu finisaj lucios, \u00eenchidere cu cataram\u0103. Ceas [&hellip;]<\/p>\n","protected":false},"featured_media":43344,"comment_status":"closed","ping_status":"open","template":"","meta":{"_acf_changed":false},"product_brand":[],"product_cat":[20,396],"product_tag":[],"class_list":{"0":"post-43343","1":"product","2":"type-product","3":"status-publish","4":"has-post-thumbnail","6":"product_cat-ceasuri-barbati","7":"product_cat-fossil","8":"pa_brand-fossil","9":"pa_braslet-piele","10":"pa_corpus-44-mm","11":"pa_forma-rotund","12":"pa_funcii-cronograf","13":"pa_funcii-data","14":"pa_garatia-24-luni","15":"pa_korpus-argintiu","16":"pa_kvarc-quartz","17":"pa_material-otel-inoxidabil","18":"pa_mehanizm-quartz","19":"pa_remeshok-negru","20":"pa_steklo-cristal-mineral","21":"pa_strana-sua","22":"pa_voda-5-atm","24":"first","25":"instock","26":"purchasable","27":"product-type-simple"},"acf":[],"_links":{"self":[{"href":"https:\/\/ceasuri.md\/ru\/wp-json\/wp\/v2\/product\/43343","targetHints":{"allow":["GET"]}}],"collection":[{"href":"https:\/\/ceasuri.md\/ru\/wp-json\/wp\/v2\/product"}],"about":[{"href":"https:\/\/ceasuri.md\/ru\/wp-json\/wp\/v2\/types\/product"}],"replies":[{"embeddable":true,"href":"https:\/\/ceasuri.md\/ru\/wp-json\/wp\/v2\/comments?post=43343"}],"wp:featuredmedia":[{"embeddable":true,"href":"https:\/\/ceasuri.md\/ru\/wp-json\/wp\/v2\/media\/43344"}],"wp:attachment":[{"href":"https:\/\/ceasuri.md\/ru\/wp-json\/wp\/v2\/media?parent=43343"}],"wp:term":[{"taxonomy":"product_brand","embeddable":true,"href":"https:\/\/ceasuri.md\/ru\/wp-json\/wp\/v2\/product_brand?post=43343"},{"taxonomy":"product_cat","embeddable":true,"href":"https:\/\/ceasuri.md\/ru\/wp-json\/wp\/v2\/product_cat?post=43343"},{"taxonomy":"product_tag","embeddable":true,"href":"https:\/\/ceasuri.md\/ru\/wp-json\/wp\/v2\/product_tag?post=43343"}],"curies":[{"name":"wp","href":"https:\/\/api.w.org\/{rel}","templated":true}]}}